{"id":2,"date":"2019-01-22T05:25:23","date_gmt":"2019-01-22T05:25:23","guid":{"rendered":"https:\/\/muzirijna.cz\/?page_id=2"},"modified":"2021-11-01T15:17:48","modified_gmt":"2021-11-01T14:17:48","slug":"uvodni-stranka","status":"publish","type":"page","link":"https:\/\/muzirijna.cz\/zh\/","title":{"rendered":"\u00davodn\u00ed str\u00e1nka"},"content":{"rendered":"","protected":false},"excerpt":{"rendered":"","protected":false},"author":35,"featured_media":0,"parent":0,"menu_order":0,"comment_status":"closed","ping_status":"open","template":"","meta":[],"_links":{"self":[{"href":"https:\/\/muzirijna.cz\/zh\/wp-json\/wp\/v2\/pages\/2"}],"collection":[{"href":"https:\/\/muzirijna.cz\/zh\/wp-json\/wp\/v2\/pages"}],"about":[{"href":"https:\/\/muzirijna.cz\/zh\/wp-json\/wp\/v2\/types\/page"}],"author":[{"embeddable":true,"href":"https:\/\/muzirijna.cz\/zh\/wp-json\/wp\/v2\/users\/35"}],"replies":[{"embeddable":true,"href":"https:\/\/muzirijna.cz\/zh\/wp-json\/wp\/v2\/comments?post=2"}],"version-history":[{"count":27,"href":"https:\/\/muzirijna.cz\/zh\/wp-json\/wp\/v2\/pages\/2\/revisions"}],"predecessor-version":[{"id":587,"href":"https:\/\/muzirijna.cz\/zh\/wp-json\/wp\/v2\/pages\/2\/revisions\/587"}],"wp:attachment":[{"href":"https:\/\/muzirijna.cz\/zh\/wp-json\/wp\/v2\/media?parent=2"}],"curies":[{"name":"wp","href":"https:\/\/api.w.org\/{rel}","templated":true}]}}