{"id":61,"date":"2019-02-26T10:12:58","date_gmt":"2019-02-26T09:12:58","guid":{"rendered":"https:\/\/muzirijna.cz\/?page_id=61"},"modified":"2021-09-24T10:18:58","modified_gmt":"2021-09-24T09:18:58","slug":"prihlaseni","status":"publish","type":"page","link":"https:\/\/muzirijna.cz\/de\/konfigurator-zlate-knihy\/prihlaseni\/","title":{"rendered":"P\u0159ihl\u00e1\u0161en\u00ed"},"content":{"rendered":"","protected":false},"excerpt":{"rendered":"","protected":false},"author":35,"featured_media":0,"parent":19,"menu_order":0,"comment_status":"closed","ping_status":"closed","template":"templates\/prihlaseni.php","meta":[],"_links":{"self":[{"href":"https:\/\/muzirijna.cz\/de\/wp-json\/wp\/v2\/pages\/61"}],"collection":[{"href":"https:\/\/muzirijna.cz\/de\/wp-json\/wp\/v2\/pages"}],"about":[{"href":"https:\/\/muzirijna.cz\/de\/wp-json\/wp\/v2\/types\/page"}],"author":[{"embeddable":true,"href":"https:\/\/muzirijna.cz\/de\/wp-json\/wp\/v2\/users\/35"}],"replies":[{"embeddable":true,"href":"https:\/\/muzirijna.cz\/de\/wp-json\/wp\/v2\/comments?post=61"}],"version-history":[{"count":2,"href":"https:\/\/muzirijna.cz\/de\/wp-json\/wp\/v2\/pages\/61\/revisions"}],"predecessor-version":[{"id":502,"href":"https:\/\/muzirijna.cz\/de\/wp-json\/wp\/v2\/pages\/61\/revisions\/502"}],"up":[{"embeddable":true,"href":"https:\/\/muzirijna.cz\/de\/wp-json\/wp\/v2\/pages\/19"}],"wp:attachment":[{"href":"https:\/\/muzirijna.cz\/de\/wp-json\/wp\/v2\/media?parent=61"}],"curies":[{"name":"wp","href":"https:\/\/api.w.org\/{rel}","templated":true}]}}